{"id":999,"date":"2016-12-23T13:59:22","date_gmt":"2016-12-23T13:59:22","guid":{"rendered":"https:\/\/mjerna-tehnika.ba\/bs\/?post_type=product&#038;p=999"},"modified":"2023-01-18T08:26:19","modified_gmt":"2023-01-18T08:26:19","slug":"mjerac-vodljivosti-i-tds-pce-cm41","status":"publish","type":"product","link":"https:\/\/mjerna-tehnika.ba\/bs\/?product=mjerac-vodljivosti-i-tds-pce-cm41","title":{"rendered":"Mjera\u010d vodljivosti i TDS PCE-CM41"},"content":{"rendered":"<p><span style=\"color: #000000;\"><span lang=\"DE\">Tester vodljivosti PCE-CM 41 nudi mogu\u0107nost mjerenja sume svih rastopljenih soli tj. \u010dvrstih tvari (TDS -Total Dissolved Solids) i temperature. Ovaj ure\u0111aj je vrlo prakti\u010dan. Vodootporno ku\u0107i\u0161te \u0161titi elektroniku testera optimalno (tako\u0111er i od pra\u0161ine). Mjerenje EC- i TDS-vodljivosti je naravno automatski temperaturno kompenzirano. Podru\u010dje primjene mjera\u010da vodljivosti je jako \u0161iroko i prote\u017ee se preko svih podru\u010dja industrije, uzgoja ribe, vrtlarstvu i mnogim drugim podru\u010djima.<\/span><\/span><\/p>\n<p>&nbsp;<\/p>\n<ul>\n<li><span style=\"color: #000000;\"><span lang=\"DE\">Dva podru\u010dja i visoka ta\u010dnost<\/span> <\/span><\/li>\n<li><span style=\"color: #000000;\"> <span lang=\"DE\">Mjeri vodljivost \/ TDS-vrijednost i temperaturu (3 ure\u0111aja u jednom ku\u0107i<\/span><\/span><span style=\"color: #000000;\"><span lang=\"DE\">\u0161tu)<\/span><\/span><\/li>\n<li><span style=\"color: #000000;\"><span lang=\"DE\">TDS-faktor odabirljiv<\/span> <\/span><\/li>\n<li><span style=\"color: #000000;\"> <span lang=\"DE\">Automatska kalibracija: \u0161tedi vrijeme i garantuje visoku ta\u010dnost<\/span><\/span><\/li>\n<li><span style=\"color: #000000;\"> <span lang=\"DE\">Automatsko samoisklju\u010denje: \u0161tedi baterije<\/span> <\/span><\/li>\n<li><span style=\"color: #000000;\"> <span lang=\"DE\">Prikaz temperature u \u00b0C<\/span> <\/span><\/li>\n<li><span style=\"color: #000000;\"> <span lang=\"DE\">Vodootporna (IP 67)<\/span><\/span><\/li>\n<\/ul>\n<p>Podru\u010dje primjene: <span style=\"color: #000000;\"><span lang=\"DE\">Priprema pitke v<\/span><\/span><span style=\"color: #000000;\"><span lang=\"DE\">ode, <\/span><span lang=\"DE\">Uzgoj ribe<\/span> <\/span>,\u00a0<span style=\"color: #000000;\"> <span lang=\"DE\">Akvariji<\/span> <\/span>,\u00a0<span style=\"color: #000000;\"> <span lang=\"DE\">Vrtlarstvo<\/span> <\/span>,\u00a0<span style=\"color: #000000;\"> <span lang=\"DE\">Kontrola kvalitete<\/span><\/span><span style=\"color: #000000;\"><span lang=\"DE\">, <\/span><span lang=\"DE\">Zemljoradnja<\/span><\/span>,\u00a0<span style=\"color: #000000;\"> <span lang=\"DE\">Hidro-kultura<\/span><\/span><span style=\"color: #000000;\"><span lang=\"DE\">, <\/span><span lang=\"DE\">Rashladni tornjevi<\/span><\/span>,\u00a0<span style=\"color: #000000;\"> <span lang=\"DE\">Parni kotlovi<\/span><\/span>,\u00a0<span style=\"color: #000000;\"> <span lang=\"DE\">Otpadne vode<\/span><\/span><\/p>\n","protected":false},"excerpt":{"rendered":"<p>&nbsp;<\/p>\n<ul>\n<li><span style=\"color: #000000;\"> <span lang=\"DE\">Mjeri vodljivost \/ TDS-vrijednost i temperaturu (3 ure\u0111aja u jednom ku\u0107i<\/span><\/span><span style=\"color: #000000;\"><span lang=\"DE\">\u0161tu)<\/span><\/span><\/li>\n<li><span style=\"color: #000000;\"><span lang=\"DE\">TDS-faktor odabirljiv<\/span> <\/span><\/li>\n<li><span style=\"color: #000000;\"> <span lang=\"DE\">Automatska kalibracija: \u0161tedi vrijeme i garantuje visoku ta\u010dnost<\/span><\/span><\/li>\n<\/ul>\n<p>Download: <a href=\"https:\/\/mjerna-tehnika.ba\/bs\/wp-content\/uploads\/MJERA\u010c-VODLJIVOSTI-PCE-CM-41.pdf\">MJERA\u010c VODLJIVOSTI PCE-CM 41<\/a><\/p>\n<p>&nbsp;<\/p>\n","protected":false},"featured_media":1000,"comment_status":"open","ping_status":"closed","template":"","meta":{"_uf_show_specific_survey":0,"_uf_disable_surveys":false},"product_brand":[],"product_cat":[70,69],"product_tag":[],"class_list":{"0":"post-999","1":"product","2":"type-product","3":"status-publish","4":"has-post-thumbnail","6":"product_cat-mjeraci-saliniteta-tds","7":"product_cat-mjeraci-vodljivosti-konduktivnosti","9":"first","10":"instock","11":"taxable","12":"shipping-taxable","13":"purchasable","14":"product-type-simple"},"aioseo_notices":[],"_links":{"self":[{"href":"https:\/\/mjerna-tehnika.ba\/bs\/index.php?rest_route=\/wp\/v2\/product\/999","targetHints":{"allow":["GET"]}}],"collection":[{"href":"https:\/\/mjerna-tehnika.ba\/bs\/index.php?rest_route=\/wp\/v2\/product"}],"about":[{"href":"https:\/\/mjerna-tehnika.ba\/bs\/index.php?rest_route=\/wp\/v2\/types\/product"}],"replies":[{"embeddable":true,"href":"https:\/\/mjerna-tehnika.ba\/bs\/index.php?rest_route=%2Fwp%2Fv2%2Fcomments&post=999"}],"wp:featuredmedia":[{"embeddable":true,"href":"https:\/\/mjerna-tehnika.ba\/bs\/index.php?rest_route=\/wp\/v2\/media\/1000"}],"wp:attachment":[{"href":"https:\/\/mjerna-tehnika.ba\/bs\/index.php?rest_route=%2Fwp%2Fv2%2Fmedia&parent=999"}],"wp:term":[{"taxonomy":"product_brand","embeddable":true,"href":"https:\/\/mjerna-tehnika.ba\/bs\/index.php?rest_route=%2Fwp%2Fv2%2Fproduct_brand&post=999"},{"taxonomy":"product_cat","embeddable":true,"href":"https:\/\/mjerna-tehnika.ba\/bs\/index.php?rest_route=%2Fwp%2Fv2%2Fproduct_cat&post=999"},{"taxonomy":"product_tag","embeddable":true,"href":"https:\/\/mjerna-tehnika.ba\/bs\/index.php?rest_route=%2Fwp%2Fv2%2Fproduct_tag&post=999"}],"curies":[{"name":"wp","href":"https:\/\/api.w.org\/{rel}","templated":true}]}}