{"id":986,"date":"2016-12-23T13:15:55","date_gmt":"2016-12-23T13:15:55","guid":{"rendered":"https:\/\/mjerna-tehnika.ba\/bs\/?post_type=product&#038;p=986"},"modified":"2024-08-28T10:12:50","modified_gmt":"2024-08-28T10:12:50","slug":"ph-metar-za-mesnu-industriju-hi-99163","status":"publish","type":"product","link":"https:\/\/mjerna-tehnika.ba\/bs\/?product=ph-metar-za-mesnu-industriju-hi-99163","title":{"rendered":"pH metar za mesnu industriju HI 99163"},"content":{"rendered":"<p><span id=\"result_box\" lang=\"bs\"><span class=\"hps\">HI99163<\/span> <span class=\"hps\">je prijenosni<\/span>-portable mjera\u010d <span class=\"hps\">pH<\/span> <span class=\"hps\">i temperature<\/span>\u00a0 <span class=\"hps\">posebno dizajniran<\/span> <span class=\"hps\">za<\/span> <span class=\"hps\">mesnu<\/span> <span class=\"hps\">industriju<\/span>.\u00a0 <span class=\"hps\">pH elektroda<\/span> <\/span><span id=\"result_box\" lang=\"bs\"><span class=\"hps\"> FC232D je oja\u010dana i posjeduje\u00a0o\u0161tricu od nehr\u0111aju\u0107eg \u010delika koja se lako skida i stavlja. Ona omogu\u0107ava korisnicima da obavljaju\u00a0 mjerenja mesnih proizvoda iznutra i izvana. <\/span>.\u00a0<span class=\"hps\">FC232D<\/span> <span class=\"hps\">koristi<\/span> <span class=\"hps\">posebnu metodu<\/span> <span class=\"hps\">koja spre\u010dava<\/span> <span class=\"hps\">tipi\u010dne<\/span> <span class=\"hps\">probleme<\/span> <span class=\"hps\">za\u010depljenja<\/span> <span class=\"hps\">kod<\/span> <span class=\"hps\">viskoznih teku\u0107ina<\/span>,tijelo elektrode je netoksi\u010dno i pogodno za prehrambenu industriju<\/span><\/p>\n<p>&nbsp;<\/p>\n<p><span lang=\"bs\"><span class=\"hps\">Tehni\u010dke karakteristike:<\/span><\/span><\/p>\n<ul>\n<li><span lang=\"bs\"><span class=\"hps\">Automatska kompenzacija temperature<\/span><\/span><\/li>\n<li><span lang=\"bs\"><span class=\"hps\">Automatska kalibracija, jedna ili dvije ta\u010dke<\/span><\/span><\/li>\n<li><span lang=\"bs\"><span class=\"hps\">Za\u0161tita od vode<\/span><\/span><\/li>\n<li>Mjerno podru\u010dje: -2,00 do 16,00pH<\/li>\n<li>Rezolucija: 0,01 pH<\/li>\n<li>Ta\u010dnost: \u00b10.02 pH<\/li>\n<li>Temperurno mjerno podru\u010dje: -5.0 to 105.0\u00b0C<\/li>\n<li>Rezolucija kod temperatura: 0.1\u00b0C<\/li>\n<li>Ta\u010dnost temperatura: \u00b10.5\u00b0C (do 60\u00b0C); \u00b11.0\u00b0C (izvan)<\/li>\n<li>Temp. kompenzacija: automatska od -5.0 to 105.0\u00baC<\/li>\n<li>Baterije: 3 x 1,5V AAA;\u00a0 cca 1200 sati kontinuiranog rada, auto-off nakon 8minuta<\/li>\n<li>Elektroda: FC232D\u00a0 oja\u010dana pH elektroda sa internim senzorom temperature, DIN konektor i 1 m kabla.<\/li>\n<li>Uslovi okoline: 0 do 50\u00b0C; relativna vlaga max 100%<\/li>\n<li>Dimenzije: 152 x 58 x 30 mm<\/li>\n<li>Te\u017eina: 205g<\/li>\n<li>Isporuka uklju\u010duje: HI99163 sa FC232D pH\/temperaturnom sondom sa FC099 o\u0161tricom od nehr\u0111aju\u0107eg \u010delika, HI70004 pH 4.01 , HI70007 pH 7.01, HI700630\u00a0 (x2), baterije, uputstvo i kofer.<\/li>\n<\/ul>\n","protected":false},"excerpt":{"rendered":"<p><span id=\"result_box\" lang=\"bs\"><span class=\"hps\">HI99163<\/span> <span class=\"hps\">je prijenosni<\/span>-portable mjera\u010d <span class=\"hps\">pH<\/span> <span class=\"hps\">i temperature<\/span>\u00a0 <span class=\"hps\">posebno dizajniran<\/span> <span class=\"hps\">za<\/span> <span class=\"hps\">mesnu<\/span> <span class=\"hps\">industriju<\/span>.\u00a0 <span class=\"hps\">pH elektroda<\/span> <\/span><span id=\"result_box\" lang=\"bs\"><span class=\"hps\"> FC232D je oja\u010dana i posjeduje\u00a0o\u0161tricu od nehr\u0111aju\u0107eg \u010delika koja se lako skida i stavlja. Ona omogu\u0107ava korisnicima da obavljaju\u00a0 mjerenja mesnih proizvoda iznutra i izvana. <\/span>.\u00a0<span class=\"hps\">FC232D<\/span> <span class=\"hps\">koristi<\/span> <span class=\"hps\">posebnu metodu<\/span> <span class=\"hps\">koja spre\u010dava<\/span> <span class=\"hps\">tipi\u010dne<\/span> <span class=\"hps\">probleme<\/span> <span class=\"hps\">za\u010depljenja<\/span> <span class=\"hps\">kod<\/span> <span class=\"hps\">viskoznih teku\u0107ina<\/span>,tijelo elektrode je netoksi\u010dno i pogodno za prehrambenu industriju<\/span><\/p>\n<p>Download: <a href=\"https:\/\/mjerna-tehnika.ba\/bs\/wp-content\/uploads\/HIi99163_pHmetar-za-prehrambenu-industriju.pdf\">HIi99163_pHmetar za prehrambenu industriju<\/a><\/p>\n","protected":false},"featured_media":988,"comment_status":"open","ping_status":"closed","template":"","meta":{"_uf_show_specific_survey":0,"_uf_disable_surveys":false},"product_brand":[],"product_cat":[68],"product_tag":[],"class_list":{"0":"post-986","1":"product","2":"type-product","3":"status-publish","4":"has-post-thumbnail","6":"product_cat-ph-metri","8":"first","9":"instock","10":"taxable","11":"shipping-taxable","12":"purchasable","13":"product-type-simple"},"aioseo_notices":[],"_links":{"self":[{"href":"https:\/\/mjerna-tehnika.ba\/bs\/index.php?rest_route=\/wp\/v2\/product\/986","targetHints":{"allow":["GET"]}}],"collection":[{"href":"https:\/\/mjerna-tehnika.ba\/bs\/index.php?rest_route=\/wp\/v2\/product"}],"about":[{"href":"https:\/\/mjerna-tehnika.ba\/bs\/index.php?rest_route=\/wp\/v2\/types\/product"}],"replies":[{"embeddable":true,"href":"https:\/\/mjerna-tehnika.ba\/bs\/index.php?rest_route=%2Fwp%2Fv2%2Fcomments&post=986"}],"wp:featuredmedia":[{"embeddable":true,"href":"https:\/\/mjerna-tehnika.ba\/bs\/index.php?rest_route=\/wp\/v2\/media\/988"}],"wp:attachment":[{"href":"https:\/\/mjerna-tehnika.ba\/bs\/index.php?rest_route=%2Fwp%2Fv2%2Fmedia&parent=986"}],"wp:term":[{"taxonomy":"product_brand","embeddable":true,"href":"https:\/\/mjerna-tehnika.ba\/bs\/index.php?rest_route=%2Fwp%2Fv2%2Fproduct_brand&post=986"},{"taxonomy":"product_cat","embeddable":true,"href":"https:\/\/mjerna-tehnika.ba\/bs\/index.php?rest_route=%2Fwp%2Fv2%2Fproduct_cat&post=986"},{"taxonomy":"product_tag","embeddable":true,"href":"https:\/\/mjerna-tehnika.ba\/bs\/index.php?rest_route=%2Fwp%2Fv2%2Fproduct_tag&post=986"}],"curies":[{"name":"wp","href":"https:\/\/api.w.org\/{rel}","templated":true}]}}