{"id":984,"date":"2016-12-23T13:11:55","date_gmt":"2016-12-23T13:11:55","guid":{"rendered":"https:\/\/mjerna-tehnika.ba\/bs\/?post_type=product&#038;p=984"},"modified":"2024-08-28T10:13:40","modified_gmt":"2024-08-28T10:13:40","slug":"ph-metar-za-mlijecnu-industriju-hi-99161","status":"publish","type":"product","link":"https:\/\/mjerna-tehnika.ba\/bs\/?product=ph-metar-za-mlijecnu-industriju-hi-99161","title":{"rendered":"pH metar za mlije\u010dnu industriju HI 99161"},"content":{"rendered":"<p><span id=\"result_box\" lang=\"bs\"><span class=\"hps\">HI99161<\/span> <span class=\"hps\">je prijenosni<\/span>-portable mjera\u010d <span class=\"hps\">pH<\/span> <span class=\"hps\">i temperature<\/span>\u00a0 <span class=\"hps\">posebno dizajniran<\/span> <span class=\"hps\">za<\/span> <span class=\"hps\">mlije\u010dnu<\/span> <span class=\"hps\">industiju<\/span>. <span class=\"hps\">Pra\u0107enje<\/span> <span class=\"hps\">pH<\/span> <span class=\"hps\">kod mlije\u010dnih<\/span> <span class=\"hps\">procesa je<\/span> <span class=\"hps\">vrlo bitno<\/span> <span class=\"hps\">da se osigura<\/span> <span class=\"hps\">kvaliteta<\/span> <span class=\"hps\">mlije\u010dnih proizvoda.<\/span> <span class=\"hps\">pH elektroda<\/span> <span class=\"hps\">FC202D<\/span>\u00a0je <span class=\"hps\">robustna<\/span> i\u00a0 <span class=\"hps\">jednostavna<\/span> <span class=\"hps\">za \u010di\u0161\u0107enje<\/span>. <span class=\"hps\">PVDF<\/span> <span class=\"hps\">tijelo<\/span> <span class=\"hps\">sa<\/span> <span class=\"hps\">konusnim<\/span> <span class=\"hps\">vrhom<\/span>, <span class=\"hps\">\u0161to je \u010dini idealnim<\/span> <span class=\"hps\">za<\/span> <span class=\"hps\">mjerenja<\/span> <span class=\"hps\">u<\/span> <span class=\"hps\">polu<\/span><span class=\"atn\">&#8211;<\/span>\u010dvrstim materijama, kao \u0161to su <span class=\"hps\">meso<\/span> <span class=\"hps\">i<\/span> <span class=\"hps\">sirevi<\/span>.\u00a0<span class=\"hps\">FC202D<\/span> <span class=\"hps\">koristi<\/span> <span class=\"hps\">posebnu metodu<\/span> <span class=\"hps\">koja spre\u010dava<\/span> <span class=\"hps\">tipi\u010dne<\/span> <span class=\"hps\">probleme<\/span> <span class=\"hps\">za\u010depljenja<\/span> <span class=\"hps\">kod<\/span> <span class=\"hps\">viskoznih teku\u0107ina<\/span>, kao \u0161to su <span class=\"hps\">mlijeko<\/span> <span class=\"hps\">ili<\/span> <span class=\"hps\">za\u010dini<\/span>.<\/span><\/p>\n<p>&nbsp;<\/p>\n<p><span id=\"result_box\" lang=\"bs\"><span class=\"hps\">U<\/span> isporuku je uklju\u010dena pH elektroda <span class=\"hps\">FC202D<\/span> koja je idealna <span class=\"hps\">za mjerenje<\/span> <span class=\"hps\">pH<\/span> <span class=\"hps\">mlijeka<\/span>, <span class=\"hps\">jogurta<\/span>, <span class=\"hps\">mesa<\/span>, <span class=\"hps\">sireva<\/span>, <span class=\"hps\">vo\u0107a<\/span>, <span class=\"hps\">su\u0161ija<\/span>, ri\u017ee, d\u017eemova, <span class=\"hps\">\u017eelea<\/span>, <span class=\"hps\">tijesta<\/span>, <span class=\"hps\">sladoleda<\/span>, <span class=\"hps\">jogurta<\/span>, <span class=\"hps\">sokova,&#8230;<\/span><\/span><\/p>\n<p>&nbsp;<\/p>\n<p><span lang=\"bs\"><span class=\"hps\">Tehni\u010dke karakteristike:<\/span><\/span><\/p>\n<ul>\n<li><span lang=\"bs\"><span class=\"hps\">Automatska kompenzacija temperature<\/span><\/span><\/li>\n<li><span lang=\"bs\"><span class=\"hps\">Automatska kalibracija, jedna ili dvije ta\u010dke<\/span><\/span><\/li>\n<li><span lang=\"bs\"><span class=\"hps\">Za\u0161tita od vode<\/span><\/span><\/li>\n<li>Mjerno podru\u010dje: -2,00 do 16,00pH<\/li>\n<li>Rezolucija: 0,01 pH<\/li>\n<li>Ta\u010dnost: \u00b10.02 pH<\/li>\n<li>Temperurno mjerno podru\u010dje: -5.0 to 105.0\u00b0C<\/li>\n<li>Rezolucija kod temperatura: 0.1\u00b0C<\/li>\n<li>Ta\u010dnost temperatura: \u00b10.5\u00b0C (do 60\u00b0C); \u00b11.0\u00b0C (izvan)<\/li>\n<li>Temp. kompenzacija: automatska od -5.0 to 105.0\u00baC<\/li>\n<li>Baterije: 3 x 1,5V AAA;\u00a0 cca 1200 sati kontinuiranog rada, auto-off nakon 8minuta<\/li>\n<li>Elektroda: FC202D stakleno tijelo, oja\u010dana pH elektroda sa koni\u010dnim vrhom, interni senzor temperature, DIN konektor i 1 m kabla.<\/li>\n<li>Uslovi okoline: 0 do 50\u00b0C; relativna vlaga max 100%<\/li>\n<li>Dimenzije: 152 x 58 x 30 mm<\/li>\n<li>Te\u017eina: 205g<\/li>\n<li>Isporuka uklju\u010duje: HI99161 sa FC202D pH\/temperaturno<\/li>\n<\/ul>\n","protected":false},"excerpt":{"rendered":"<p><span id=\"result_box\" lang=\"bs\"><span class=\"hps\">HI99161<\/span> <span class=\"hps\">je prijenosni<\/span>-portable mjera\u010d <span class=\"hps\">pH<\/span> <span class=\"hps\">i temperature<\/span>\u00a0 <span class=\"hps\">posebno dizajniran<\/span> <span class=\"hps\">za<\/span> <span class=\"hps\">mlije\u010dnu<\/span> <span class=\"hps\">industiju<\/span>. <span class=\"hps\">Pra\u0107enje<\/span> <span class=\"hps\">pH<\/span> <span class=\"hps\">kod mlije\u010dnih<\/span> <span class=\"hps\">procesa je<\/span> <span class=\"hps\">vrlo bitno<\/span> <span class=\"hps\">da se osigura<\/span> <span class=\"hps\">kvaliteta<\/span> <span class=\"hps\">mlije\u010dnih proizvoda.<\/span> <span class=\"hps\">pH elektroda<\/span> <span class=\"hps\">FC202D<\/span>\u00a0je <span class=\"hps\">robustna<\/span> i\u00a0 <span class=\"hps\">jednostavna<\/span> <span class=\"hps\">za \u010di\u0161\u0107enje<\/span>. <span class=\"hps\">PVDF<\/span> <span class=\"hps\">tijelo<\/span> <span class=\"hps\">sa<\/span> <span class=\"hps\">konusnim<\/span> <span class=\"hps\">vrhom<\/span>, <span class=\"hps\">\u0161to je \u010dini idealnim<\/span> <span class=\"hps\">za<\/span> <span class=\"hps\">mjerenja<\/span> <span class=\"hps\">u<\/span> <span class=\"hps\">polu<\/span><span class=\"atn\">&#8211;<\/span>\u010dvrstim materijama, kao \u0161to su <span class=\"hps\">meso<\/span> <span class=\"hps\">i<\/span> <span class=\"hps\">sirevi<\/span>.\u00a0<span class=\"hps\">FC202D<\/span> <span class=\"hps\">koristi<\/span> <span class=\"hps\">posebnu metodu<\/span> <span class=\"hps\">koja spre\u010dava<\/span> <span class=\"hps\">tipi\u010dne<\/span> <span class=\"hps\">probleme<\/span> <span class=\"hps\">za\u010depljenja<\/span> <span class=\"hps\">kod<\/span> <span class=\"hps\">viskoznih teku\u0107ina<\/span>, kao \u0161to su <span class=\"hps\">mlijeko<\/span> <span class=\"hps\">ili<\/span> <span class=\"hps\">za\u010dini<\/span>.<\/span><\/p>\n<p>Download: <a href=\"https:\/\/mjerna-tehnika.ba\/bs\/wp-content\/uploads\/HI_99161_flyer.pdf\">HI_99161_flyer<\/a><\/p>\n","protected":false},"featured_media":966,"comment_status":"open","ping_status":"closed","template":"","meta":{"_uf_show_specific_survey":0,"_uf_disable_surveys":false},"product_brand":[],"product_cat":[68],"product_tag":[],"class_list":{"0":"post-984","1":"product","2":"type-product","3":"status-publish","4":"has-post-thumbnail","6":"product_cat-ph-metri","8":"first","9":"instock","10":"taxable","11":"shipping-taxable","12":"purchasable","13":"product-type-simple"},"aioseo_notices":[],"_links":{"self":[{"href":"https:\/\/mjerna-tehnika.ba\/bs\/index.php?rest_route=\/wp\/v2\/product\/984","targetHints":{"allow":["GET"]}}],"collection":[{"href":"https:\/\/mjerna-tehnika.ba\/bs\/index.php?rest_route=\/wp\/v2\/product"}],"about":[{"href":"https:\/\/mjerna-tehnika.ba\/bs\/index.php?rest_route=\/wp\/v2\/types\/product"}],"replies":[{"embeddable":true,"href":"https:\/\/mjerna-tehnika.ba\/bs\/index.php?rest_route=%2Fwp%2Fv2%2Fcomments&post=984"}],"wp:featuredmedia":[{"embeddable":true,"href":"https:\/\/mjerna-tehnika.ba\/bs\/index.php?rest_route=\/wp\/v2\/media\/966"}],"wp:attachment":[{"href":"https:\/\/mjerna-tehnika.ba\/bs\/index.php?rest_route=%2Fwp%2Fv2%2Fmedia&parent=984"}],"wp:term":[{"taxonomy":"product_brand","embeddable":true,"href":"https:\/\/mjerna-tehnika.ba\/bs\/index.php?rest_route=%2Fwp%2Fv2%2Fproduct_brand&post=984"},{"taxonomy":"product_cat","embeddable":true,"href":"https:\/\/mjerna-tehnika.ba\/bs\/index.php?rest_route=%2Fwp%2Fv2%2Fproduct_cat&post=984"},{"taxonomy":"product_tag","embeddable":true,"href":"https:\/\/mjerna-tehnika.ba\/bs\/index.php?rest_route=%2Fwp%2Fv2%2Fproduct_tag&post=984"}],"curies":[{"name":"wp","href":"https:\/\/api.w.org\/{rel}","templated":true}]}}