{"id":977,"date":"2016-12-23T12:58:54","date_gmt":"2016-12-23T12:58:54","guid":{"rendered":"https:\/\/mjerna-tehnika.ba\/bs\/?post_type=product&#038;p=977"},"modified":"2025-12-26T09:49:53","modified_gmt":"2025-12-26T09:49:53","slug":"ph-metar-pce-ph-20s","status":"publish","type":"product","link":"https:\/\/mjerna-tehnika.ba\/bs\/?product=ph-metar-pce-ph-20s","title":{"rendered":"pH metar PCE-PH 20S"},"content":{"rendered":"<p><span style=\"color: #000000;\"><span lang=\"DE\">pH-Metar PCE-PH 20S slu\u017ei za direktno mjerenje pH-vrijednosti tla, a tako\u0111e se koristi i u mesnoj i mlije\u010dnoj industriji. Pomo\u0107u ovog pH-metra mogu\u0107e je brzo i ta\u010dno mjerenje pH-vrijednosti ili otopine koja sadr\u017ei uzorak. Kod mjerenja pH vrijednosti tla\u00a0 elektroda se postavi u prethodno razrahljenu zemlju a pH-vrijednost se o\u010ditava na digitalnom displayu. Napominjemo da mjerni princip predpostavlja da u tlu postoji minimalna vla\u017enost.<\/span><\/span><\/p>\n<p><span style=\"color: #000000;\"><span lang=\"DE\">Tako\u00a0 je ovaj pH-metar idealno rje\u0161enje za ta\u010dno mjerenje pH-vrijednosti u tlu, u substratima, za ispitivanje otopine za navodnjavanje u vrtlarstvu, u staklenicima ali i u poljoprivredi.<br \/>\n<\/span><\/span><\/p>\n<ul>\n<li>Vodootporan (IP 67)<\/li>\n<li><span style=\"color: #000000;\"><span lang=\"DE\">Specijalna eksterna mjerna elektroda sa kablom<\/span><\/span><\/li>\n<li><span style=\"color: #000000;\"><span lang=\"DE\">Visoka ta\u010dnost<\/span><\/span><\/li>\n<li><span style=\"color: #000000;\"><span lang=\"DE\">Auto-Power-Off za u\u0161tedu baterije<\/span><\/span><\/li>\n<li><span style=\"color: #000000;\"><span lang=\"DE\">Isporuka uklj. otopine za kalibraciju<\/span><\/span><\/li>\n<\/ul>\n<p><span style=\"color: #000000;\"><span lang=\"DE\">U pravilu mo\u017eete ubosti elektrodu u tlo i pH-vrijednost o\u010ditati direktno na digitalnom displayu. Ako je tlo tvrdo tada mo\u017eete napraviti otopinu i mjeriti pH-vriejdnosti tla u otopini. Odgovataju\u0107e upute za pravljenje ovakve otopine nalaze se u uputstvu.<\/span><\/span><\/p>\n","protected":false},"excerpt":{"rendered":"<p><span style=\"color: #000000;\"><span lang=\"DE\">pH-Metar PCE-PH 20S slu\u017ei za direktno mjerenje pH-vrijednosti tla, a tako\u0111e se koristi i u mesnoj i mlije\u010dnoj industriji. Pomo\u0107u ovog pH-metra mogu\u0107e je brzo i ta\u010dno mjerenje pH-vrijednosti ili otopine koja sadr\u017ei uzorak. Kod mjerenja pH vrijednosti tla\u00a0 elektroda se postavi u prethodno razrahljenu zemlju a pH-vrijednost se o\u010ditava na digitalnom displayu. Napominjemo da mjerni princip predpostavlja da u tlu postoji minimalna vla\u017enost.<\/span><\/span><\/p>\n<p>&#8211; Mjerno podru\u010dje : 0,00 &#8230; 14,00 pH<br \/>\n&#8211; Rezolucija : 0,01 pH<\/p>\n<p>Download:<\/p>\n<p><a href=\"https:\/\/mjerna-tehnika.ba\/bs\/wp-content\/uploads\/pH-metar-PCE-PH20S_.pdf\">pH-metar PCE-PH20S_<\/a><\/p>\n","protected":false},"featured_media":978,"comment_status":"open","ping_status":"closed","template":"","meta":{"_uf_show_specific_survey":0,"_uf_disable_surveys":false},"product_brand":[],"product_cat":[68],"product_tag":[],"class_list":{"0":"post-977","1":"product","2":"type-product","3":"status-publish","4":"has-post-thumbnail","6":"product_cat-ph-metri","8":"first","9":"instock","10":"taxable","11":"shipping-taxable","12":"purchasable","13":"product-type-simple"},"aioseo_notices":[],"_links":{"self":[{"href":"https:\/\/mjerna-tehnika.ba\/bs\/index.php?rest_route=\/wp\/v2\/product\/977","targetHints":{"allow":["GET"]}}],"collection":[{"href":"https:\/\/mjerna-tehnika.ba\/bs\/index.php?rest_route=\/wp\/v2\/product"}],"about":[{"href":"https:\/\/mjerna-tehnika.ba\/bs\/index.php?rest_route=\/wp\/v2\/types\/product"}],"replies":[{"embeddable":true,"href":"https:\/\/mjerna-tehnika.ba\/bs\/index.php?rest_route=%2Fwp%2Fv2%2Fcomments&post=977"}],"wp:featuredmedia":[{"embeddable":true,"href":"https:\/\/mjerna-tehnika.ba\/bs\/index.php?rest_route=\/wp\/v2\/media\/978"}],"wp:attachment":[{"href":"https:\/\/mjerna-tehnika.ba\/bs\/index.php?rest_route=%2Fwp%2Fv2%2Fmedia&parent=977"}],"wp:term":[{"taxonomy":"product_brand","embeddable":true,"href":"https:\/\/mjerna-tehnika.ba\/bs\/index.php?rest_route=%2Fwp%2Fv2%2Fproduct_brand&post=977"},{"taxonomy":"product_cat","embeddable":true,"href":"https:\/\/mjerna-tehnika.ba\/bs\/index.php?rest_route=%2Fwp%2Fv2%2Fproduct_cat&post=977"},{"taxonomy":"product_tag","embeddable":true,"href":"https:\/\/mjerna-tehnika.ba\/bs\/index.php?rest_route=%2Fwp%2Fv2%2Fproduct_tag&post=977"}],"curies":[{"name":"wp","href":"https:\/\/api.w.org\/{rel}","templated":true}]}}