{"id":971,"date":"2016-12-23T12:41:06","date_gmt":"2016-12-23T12:41:06","guid":{"rendered":"https:\/\/mjerna-tehnika.ba\/bs\/?post_type=product&#038;p=971"},"modified":"2022-09-02T06:25:16","modified_gmt":"2022-09-02T06:25:16","slug":"ph-metar-pce-ph22","status":"publish","type":"product","link":"https:\/\/mjerna-tehnika.ba\/bs\/?product=ph-metar-pce-ph22","title":{"rendered":"pH metar PCE-PH22"},"content":{"rendered":"<p><span style=\"color: #000000;\"><span lang=\"DE\">Vodootporni pH-Tester slu\u017ei za brzo i ta\u010dno mjerenje pH-vrijednosti i temperature. Prakti\u010dni dualni prikaz omogu\u0107ava istovremeno o\u010ditavanje obadvije vrijednosti. Vodootporno i robusno ku\u0107i\u0161te (IP 67) pH-Testera pru\u017ea sigurnost kod mjerenja i u ote\u017eanim uslovima. Rekalibracija garantuje uvijek optimalnu ta\u010dnost i mogu\u0107a je pomo\u0107u opcionalnih kalibracijskih setova bez otvaranja ure\u0111aja (automatska funkcija kalibracije pomo\u0107u tipki). Elektroda je kod ovog pH-Testera integrisana u ku\u0107i\u0161te ure\u0111aja i mjerne vrijednosti se automatski kompenzuju prema temperaturi medija<\/span><\/span><\/p>\n<ul>\n<li><span style=\"color: #000000;\"><span lang=\"DE\">Dualni prikaz pH-vrijednosti i temperature: (odvojeni termometar nije potreban)<\/span> <\/span><\/li>\n<li><span style=\"color: #000000;\"> <span lang=\"DE\">Automatska kompenzacija temperature<\/span><\/span><\/li>\n<li><span style=\"color: #000000;\"> <span lang=\"DE\">(ATC) u podru\u010dju 0 &#8230; +80 \u00b0C<\/span> <\/span><\/li>\n<li><span style=\"color: #000000;\"> <span lang=\"DE\">Prikaz temperature (\u00b0C, \u00b0F)<\/span><\/span><\/li>\n<li><span style=\"color: #000000;\"> <span lang=\"DE\">Min- \/ Max- Hold- funkcije <\/span><\/span><\/li>\n<li><span style=\"color: #000000;\"> <span lang=\"DE\">Datalogger za 100 mjernih ta\u010dki (o\u010ditavanje pomo\u0107u tipki)<\/span> <\/span><\/li>\n<li><span style=\"color: #000000;\"> <span lang=\"DE\">Vodootporan prema IP 67<\/span> <\/span><\/li>\n<li><span style=\"color: #000000;\"> <span lang=\"DE\">Automatska kalibracija: u\u0161teda vremena<br \/>\nuz visoku ta\u010dnost<\/span> <\/span><\/li>\n<li><span style=\"color: #000000;\"> <span lang=\"DE\">Automatsko samoisklju\u010denje<\/span> <\/span><\/li>\n<li><span style=\"color: #000000;\"> <span lang=\"DE\">Uklj. baterije i uputstvo<\/span><\/span><\/li>\n<li><span style=\"color: #000000;\"> <span lang=\"DE\">Kalibracijske otopine opcionalno u ponudi<\/span> <\/span><\/li>\n<\/ul>\n<p><span style=\"color: #000000;\"><b> <span lang=\"DE\">Opseg isporuke<br \/>\n<\/span><\/b><span lang=\"DE\">1 x pH-Tester PCE-PH 22 uklj. pH-Elektroda, set za kalibraciju pH4 + pH7, baterije i uputstvo<\/span><span lang=\"DE\">\u00a0 <\/span><\/span><\/p>\n","protected":false},"excerpt":{"rendered":"<p><span style=\"color: #000000;\"><span lang=\"DE\">Vodootporni pH-Tester slu\u017ei za brzo i ta\u010dno mjerenje pH-vrijednosti i temperature.<\/span><\/span><\/p>\n<p>&#8211; Mjerno podru\u010dje : 0,0 &#8230; 14,0 pH \/ -5 &#8230; +80,0 \u00b0<br \/>\n&#8211; Rezolucija: 0,01 pH \/ 0,1\u00b0C<br \/>\n&#8211; Ta\u010dnost: \u00b10,02 pH \/ \u00b10,8 \u00b0C<\/p>\n<p>U isporuku uklju\u010den i set za kalibraciju pH4 + pH7<\/p>\n<p><a href=\"https:\/\/mjerna-tehnika.ba\/bs\/wp-content\/uploads\/pH-metar-PCE-PH22.pdf\">pH-metar PCE-PH22<\/a><\/p>\n","protected":false},"featured_media":973,"comment_status":"open","ping_status":"closed","template":"","meta":{"_uf_show_specific_survey":0,"_uf_disable_surveys":false},"product_brand":[],"product_cat":[68],"product_tag":[],"class_list":{"0":"post-971","1":"product","2":"type-product","3":"status-publish","4":"has-post-thumbnail","6":"product_cat-ph-metri","8":"first","9":"instock","10":"taxable","11":"shipping-taxable","12":"purchasable","13":"product-type-simple"},"aioseo_notices":[],"_links":{"self":[{"href":"https:\/\/mjerna-tehnika.ba\/bs\/index.php?rest_route=\/wp\/v2\/product\/971","targetHints":{"allow":["GET"]}}],"collection":[{"href":"https:\/\/mjerna-tehnika.ba\/bs\/index.php?rest_route=\/wp\/v2\/product"}],"about":[{"href":"https:\/\/mjerna-tehnika.ba\/bs\/index.php?rest_route=\/wp\/v2\/types\/product"}],"replies":[{"embeddable":true,"href":"https:\/\/mjerna-tehnika.ba\/bs\/index.php?rest_route=%2Fwp%2Fv2%2Fcomments&post=971"}],"wp:featuredmedia":[{"embeddable":true,"href":"https:\/\/mjerna-tehnika.ba\/bs\/index.php?rest_route=\/wp\/v2\/media\/973"}],"wp:attachment":[{"href":"https:\/\/mjerna-tehnika.ba\/bs\/index.php?rest_route=%2Fwp%2Fv2%2Fmedia&parent=971"}],"wp:term":[{"taxonomy":"product_brand","embeddable":true,"href":"https:\/\/mjerna-tehnika.ba\/bs\/index.php?rest_route=%2Fwp%2Fv2%2Fproduct_brand&post=971"},{"taxonomy":"product_cat","embeddable":true,"href":"https:\/\/mjerna-tehnika.ba\/bs\/index.php?rest_route=%2Fwp%2Fv2%2Fproduct_cat&post=971"},{"taxonomy":"product_tag","embeddable":true,"href":"https:\/\/mjerna-tehnika.ba\/bs\/index.php?rest_route=%2Fwp%2Fv2%2Fproduct_tag&post=971"}],"curies":[{"name":"wp","href":"https:\/\/api.w.org\/{rel}","templated":true}]}}