{"id":957,"date":"2016-12-23T11:48:03","date_gmt":"2016-12-23T11:48:03","guid":{"rendered":"https:\/\/mjerna-tehnika.ba\/bs\/?post_type=product&#038;p=957"},"modified":"2017-11-04T13:02:27","modified_gmt":"2017-11-04T13:02:27","slug":"mjerac-buke-tfa","status":"publish","type":"product","link":"https:\/\/mjerna-tehnika.ba\/bs\/?product=mjerac-buke-tfa","title":{"rendered":"Mjera\u010d buke TFA,"},"content":{"rendered":"<p><span id=\"result_box\" class=\"\" lang=\"bs\"><span class=\"\">Idealan<\/span> za jednostavna mjerenje nivoa buke u va\u0161em okru\u017eenju, na poslu ili tokom razli\u010ditih aktivnosti u slobodno vrijeme,\u00a0 MAX \/ MIN \/ HOLD funkcija, preciznost \u00b1 1.4 dB, pozadinsko osvjetljenje, sa \u0161titom protiv vjetra ,\u00a0 prema IEC 61672-1 klasa 2<\/span><\/p>\n<p>Mjerno podru\u010dje: dB: 30&#8230;130, dimenzije: 52 x 35 x 155 mm, 115 g, 1x 9V baterija uklju\u010dena u isporuku<\/p>\n","protected":false},"excerpt":{"rendered":"<p><span id=\"result_box\" class=\"\" lang=\"bs\"><span class=\"\">Idealan<\/span> za jednostavna mjerenje nivoa buke u va\u0161em okru\u017eenju, na poslu ili tokom razli\u010ditih aktivnosti u slobodno vrijeme,\u00a0 MAX \/ MIN \/ HOLD funkcija, preciznost \u00b1 1.4 dB, pozadinsko osvjetljenje, sa \u0161titom protiv vjetra ,\u00a0 prema IEC 61672-1 klasa 2<\/span><\/p>\n<p>Mjerno podru\u010dje: dB: 30&#8230;130, dimenzije: 52 x 35 x 155 mm, 115 g, 1x 9V baterija uklju\u010dena u isporuku<\/p>\n<p><a href=\"https:\/\/mjerna-tehnika.ba\/bs\/wp-content\/uploads\/Klima-Bee_Sound-Bee_Wind-Bee_TFA.pdf\">klima-bee_sound-bee_wind-bee_tfa<\/a><\/p>\n","protected":false},"featured_media":958,"comment_status":"open","ping_status":"closed","template":"","meta":{"_uf_show_specific_survey":0,"_uf_disable_surveys":false},"product_brand":[],"product_cat":[66],"product_tag":[],"class_list":{"0":"post-957","1":"product","2":"type-product","3":"status-publish","4":"has-post-thumbnail","6":"product_cat-mjeraci-buke","8":"first","9":"instock","10":"taxable","11":"shipping-taxable","12":"purchasable","13":"product-type-simple"},"aioseo_notices":[],"_links":{"self":[{"href":"https:\/\/mjerna-tehnika.ba\/bs\/index.php?rest_route=\/wp\/v2\/product\/957","targetHints":{"allow":["GET"]}}],"collection":[{"href":"https:\/\/mjerna-tehnika.ba\/bs\/index.php?rest_route=\/wp\/v2\/product"}],"about":[{"href":"https:\/\/mjerna-tehnika.ba\/bs\/index.php?rest_route=\/wp\/v2\/types\/product"}],"replies":[{"embeddable":true,"href":"https:\/\/mjerna-tehnika.ba\/bs\/index.php?rest_route=%2Fwp%2Fv2%2Fcomments&post=957"}],"wp:featuredmedia":[{"embeddable":true,"href":"https:\/\/mjerna-tehnika.ba\/bs\/index.php?rest_route=\/wp\/v2\/media\/958"}],"wp:attachment":[{"href":"https:\/\/mjerna-tehnika.ba\/bs\/index.php?rest_route=%2Fwp%2Fv2%2Fmedia&parent=957"}],"wp:term":[{"taxonomy":"product_brand","embeddable":true,"href":"https:\/\/mjerna-tehnika.ba\/bs\/index.php?rest_route=%2Fwp%2Fv2%2Fproduct_brand&post=957"},{"taxonomy":"product_cat","embeddable":true,"href":"https:\/\/mjerna-tehnika.ba\/bs\/index.php?rest_route=%2Fwp%2Fv2%2Fproduct_cat&post=957"},{"taxonomy":"product_tag","embeddable":true,"href":"https:\/\/mjerna-tehnika.ba\/bs\/index.php?rest_route=%2Fwp%2Fv2%2Fproduct_tag&post=957"}],"curies":[{"name":"wp","href":"https:\/\/api.w.org\/{rel}","templated":true}]}}