{"id":951,"date":"2016-12-23T11:19:26","date_gmt":"2016-12-23T11:19:26","guid":{"rendered":"https:\/\/mjerna-tehnika.ba\/bs\/product\/mjerac-vlage-za-biomasu-ags210t250\/"},"modified":"2016-12-23T11:29:30","modified_gmt":"2016-12-23T11:29:30","slug":"mjerac-vlage-za-biomasu-ags210t250","status":"publish","type":"product","link":"https:\/\/mjerna-tehnika.ba\/bs\/?product=mjerac-vlage-za-biomasu-ags210t250","title":{"rendered":"Mjera\u010d vlage za biomasu AGS210\/T250"},"content":{"rendered":"<p><span style=\"color: #000000;\"><span lang=\"HR\">Vaga za mjerenje vlage u biomasi AGS\u00a0 za primjenu u industriji i laboratoriju. Idealna za ispitivanje kvalitete. Mjera\u010d vlage AGS serije\u00a0 mjere brzo i pouzdano vlagu u procentima, suhu masu u procentima. Dva halogenska\u00a0 grija\u010da (2x500W)\u00a0 su dugotrajni i garantuju brzo i jednomjerno su\u0161enje ispitnog objekta. Rukovanje vagom je vrlo jednostavno: potrebno je malu koli\u010dinu uzorka staviti u ure\u0111aj, zatvoriti poklopac, pritisnuti tipku i na kraju o\u010ditati rezultat (vlagu materijala tj. koli\u010dinu suhog materijala). Pored specijalne primjene za analizu vlage ure\u0111aj je mogu\u0107e koristiti i kao vrlo preciznu vagu u miligramima.<\/span><\/span><\/p>\n<p><strong>Materijal uzorka:<\/strong><\/p>\n<p><span style=\"color: #000000;\"><span lang=\"HR\">Sa vagom za mjerenje vlage materijala mogu\u0107e je izmjeriti vlagu najrazli\u010ditijih materijala. sinteti\u010dki granulat, piljevina, pelet, apotekarski prah, blato, vlaknaste tvari, duhan, za\u010dini, \u010daj, \u017eitarice, tjestenina, mlijeko, tekstil, ora\u0161asti plodovi,&#8230; Ovisno o koli\u010dini vlage (ekstremno: blato \/ prah) trajanje procesa mo\u017ee biti du\u017ee ili kra\u0107e, kod ve\u0107ine uzoraka samo par minuta.<\/span><\/span><\/p>\n<ul>\n<li>Te\u017eina uzorka: <span style=\"font-family: Arial; font-size: small;\">max. 210 g<br \/>\n<\/span><\/li>\n<li>Rezolucija: <span style=\"font-family: Arial; font-size: small;\">0,001<\/span><\/li>\n<li>Ta\u010dnost (veli\u010dina uzorka &gt;5 g): <span style=\"font-family: Arial; font-size: small;\">\u00b1 0,01%<\/span><span style=\"font-family: Arial; font-size: small;\"><br \/>\n<\/span><\/li>\n<li><span style=\"font-family: Arial; font-size: small;\">Maximalna temperatura su\u0161enja: 250\u00b0C<\/span><\/li>\n<li><span style=\"font-family: Arial; font-size: small;\">Prikaz grafikona su\u0161enja na display-u<\/span><\/li>\n<li><span style=\"font-family: Arial; font-size: small;\">Halogeni grija\u010di: 2 x 500W 118mm<\/span><\/li>\n<li><span style=\"font-family: Arial; font-size: small;\">Dimenzije komore: f108 x 20mm<\/span><\/li>\n<li><strong><span style=\"font-family: Arial; font-size: small;\">U isporuku je uklju\u010den i software<\/span><\/strong><span style=\"font-family: Arial; font-size: small;\"><br \/>\n<\/span><\/li>\n<li><span style=\"font-family: Arial; font-size: small;\">USB interface<\/span>, <span style=\"font-family: Arial; font-size: small;\">RS 232 interface, PS2<br \/>\n<\/span><\/li>\n<\/ul>\n<p>&nbsp;<\/p>\n","protected":false},"excerpt":{"rendered":"<p><span style=\"color: #000000;\"><span lang=\"HR\">Vaga za mjerenje vlage u biomasi AGS . Mjerno podru\u010dje 210g s temperaturom su\u0161enja do <span style=\"font-family: Arial; font-size: small;\">250\u00b0C<\/span> Sa vagom za mjerenje vlage materijala mogu\u0107e je izmjeriti vlagu najrazli\u010ditijih materijala. sinteti\u010dki granulat, piljevina, pelet, apotekarski prah, blato, vlaknaste tvari, duhan, za\u010dini, \u010daj, \u017eitarice, tjestenina, mlijeko, tekstil, ora\u0161asti plodovi,&#8230;<\/span><\/span><\/p>\n<p><a href=\"https:\/\/mjerna-tehnika.ba\/bs\/wp-content\/uploads\/MJERA\u010c-VLAGE_AGS-serije.pdf\">MJERA\u010c VLAGE_AGS serije<\/a><\/p>\n","protected":false},"featured_media":952,"comment_status":"open","ping_status":"closed","template":"","meta":{"_uf_show_specific_survey":0,"_uf_disable_surveys":false},"product_brand":[],"product_cat":[51,52,53],"product_tag":[],"class_list":{"0":"post-951","1":"product","2":"type-product","3":"status-publish","4":"has-post-thumbnail","6":"product_cat-mjeraci-vlage","7":"product_cat-mjeraci-vlage-za-drvo-piljevinu","8":"product_cat-mjeraci-vlage-za-materijal","10":"first","11":"instock","12":"taxable","13":"shipping-taxable","14":"purchasable","15":"product-type-simple"},"aioseo_notices":[],"_links":{"self":[{"href":"https:\/\/mjerna-tehnika.ba\/bs\/index.php?rest_route=\/wp\/v2\/product\/951","targetHints":{"allow":["GET"]}}],"collection":[{"href":"https:\/\/mjerna-tehnika.ba\/bs\/index.php?rest_route=\/wp\/v2\/product"}],"about":[{"href":"https:\/\/mjerna-tehnika.ba\/bs\/index.php?rest_route=\/wp\/v2\/types\/product"}],"replies":[{"embeddable":true,"href":"https:\/\/mjerna-tehnika.ba\/bs\/index.php?rest_route=%2Fwp%2Fv2%2Fcomments&post=951"}],"wp:featuredmedia":[{"embeddable":true,"href":"https:\/\/mjerna-tehnika.ba\/bs\/index.php?rest_route=\/wp\/v2\/media\/952"}],"wp:attachment":[{"href":"https:\/\/mjerna-tehnika.ba\/bs\/index.php?rest_route=%2Fwp%2Fv2%2Fmedia&parent=951"}],"wp:term":[{"taxonomy":"product_brand","embeddable":true,"href":"https:\/\/mjerna-tehnika.ba\/bs\/index.php?rest_route=%2Fwp%2Fv2%2Fproduct_brand&post=951"},{"taxonomy":"product_cat","embeddable":true,"href":"https:\/\/mjerna-tehnika.ba\/bs\/index.php?rest_route=%2Fwp%2Fv2%2Fproduct_cat&post=951"},{"taxonomy":"product_tag","embeddable":true,"href":"https:\/\/mjerna-tehnika.ba\/bs\/index.php?rest_route=%2Fwp%2Fv2%2Fproduct_tag&post=951"}],"curies":[{"name":"wp","href":"https:\/\/api.w.org\/{rel}","templated":true}]}}