{"id":945,"date":"2016-12-21T14:59:19","date_gmt":"2016-12-21T14:59:19","guid":{"rendered":"https:\/\/mjerna-tehnika.ba\/bs\/product\/mjerac-vlage-ubodni-tfa-30-5503\/"},"modified":"2016-12-21T15:04:47","modified_gmt":"2016-12-21T15:04:47","slug":"mjerac-vlage-ubodni-tfa-30-5503","status":"publish","type":"product","link":"https:\/\/mjerna-tehnika.ba\/bs\/?product=mjerac-vlage-ubodni-tfa-30-5503","title":{"rendered":"Mjera\u010d vlage ubodni TFA, 30.5503"},"content":{"rendered":"<p>Mjera\u010d vlage materijala PCE-PMI 1 predstavlja idealno oru\u0111e za kontrolu vlage na gra\u0111evinskim objektima. Mjera\u010d vlage gra\u0111evinskog materijala omogu\u0107ava brzo i idealno odre\u0111ivanje vlage betona, u drvu ili nekom drugom materijalu.Vlagomjer sa napajanjem na baterije je preporu\u010dljiv kod mjerenja povr\u0161ine materijala ukoliko ne smije da do\u0111e do o\u0161te\u0107enja povr\u0161ine. Mjerni metod Vam dozvoljava ponovno mjerenje na istom mestu na kom ste ve\u0107 izvr\u0161ili mjerenje. Mjera\u010d vlage za beton, drvo, gips PCE PMI-1 se prevashodno koristi na gradili\u0161tima, trgovinama gra\u0111evinskog materijala,&#8230; Va\u017ena primjena mjera\u010da vlage je i mjerenje vlage u zidovima bez o\u0161te\u0107enja. U starim zgradama, mjera\u0107 omogu\u0107ava pronala\u017eenje vla\u017enih mjesta u zidovima. Tako\u0111e mjera\u010d vlage PCE-PM 1 nalazi upotrebu u industriji prerade drveta i \u0161umarstvu. Plasti\u010dno ku\u0107i\u0161te otporno na udarce omogu\u0107ava upotrebu i u te\u0161kim uslovima na gradili\u0161tu, \u0161umi ili gara\u017ei. Rukovanje mjera\u010dem PCE-PMI 1 je veoma jednostavno. Jednostavno prislanjanje sonde na materijal je dovoljno za mjerenje vlage do 40 mm dubine bez o\u0161te\u0107enja povr\u0161ine. Pritiskom na \u017euto dugme, vrijednost vlage materijla \u0107e se prikazati na lako o\u010ditljivom display-u sa pozadinskim osvetljenjem. Max\/Min funkcija memori\u0161e najvi\u0161e i najni\u017ee izmjerene vrijednosti vlage.\u00a0 Ergonomi\u010dno dizajniran instrument sa 4 tipke\u00a0 prilago\u0111en je korisniku i stoga je izuzetno lak za rukovanje. PCE PMI-1 mjeri vlagu materijala na osnovu elektri\u010dne otpornosti materijala.Na display-u su prikazane vrijednosti podru\u010dju od 0 do 100 dgt<\/p>\n","protected":false},"excerpt":{"rendered":"<h4>Mjerenje vlage bez o\u0161te\u0107enja povr\u0161ine materijala \/ Mjerni princip sa mjerenjem vlage preko elektri\u010dne otpornosti materijala \/ Mjerenje vlage u betonu, drvu, gipsu, malteru,.. \/ Max-Min- i Hold-Funkcije<\/h4>\n<p><a href=\"https:\/\/mjerna-tehnika.ba\/bs\/wp-content\/uploads\/MJERA\u010cI-VLAGE_TFA_30.5500-30.5501-30.5502-30.5503.pdf\">MJERA\u010cI VLAGE_TFA_30.5500, 30.5501, 30.5502, 30.5503<\/a><\/p>\n","protected":false},"featured_media":946,"comment_status":"open","ping_status":"closed","template":"","meta":{"_uf_show_specific_survey":0,"_uf_disable_surveys":false},"product_brand":[],"product_cat":[51,52,53],"product_tag":[],"class_list":{"0":"post-945","1":"product","2":"type-product","3":"status-publish","4":"has-post-thumbnail","6":"product_cat-mjeraci-vlage","7":"product_cat-mjeraci-vlage-za-drvo-piljevinu","8":"product_cat-mjeraci-vlage-za-materijal","10":"first","11":"instock","12":"taxable","13":"shipping-taxable","14":"purchasable","15":"product-type-simple"},"aioseo_notices":[],"_links":{"self":[{"href":"https:\/\/mjerna-tehnika.ba\/bs\/index.php?rest_route=\/wp\/v2\/product\/945","targetHints":{"allow":["GET"]}}],"collection":[{"href":"https:\/\/mjerna-tehnika.ba\/bs\/index.php?rest_route=\/wp\/v2\/product"}],"about":[{"href":"https:\/\/mjerna-tehnika.ba\/bs\/index.php?rest_route=\/wp\/v2\/types\/product"}],"replies":[{"embeddable":true,"href":"https:\/\/mjerna-tehnika.ba\/bs\/index.php?rest_route=%2Fwp%2Fv2%2Fcomments&post=945"}],"wp:featuredmedia":[{"embeddable":true,"href":"https:\/\/mjerna-tehnika.ba\/bs\/index.php?rest_route=\/wp\/v2\/media\/946"}],"wp:attachment":[{"href":"https:\/\/mjerna-tehnika.ba\/bs\/index.php?rest_route=%2Fwp%2Fv2%2Fmedia&parent=945"}],"wp:term":[{"taxonomy":"product_brand","embeddable":true,"href":"https:\/\/mjerna-tehnika.ba\/bs\/index.php?rest_route=%2Fwp%2Fv2%2Fproduct_brand&post=945"},{"taxonomy":"product_cat","embeddable":true,"href":"https:\/\/mjerna-tehnika.ba\/bs\/index.php?rest_route=%2Fwp%2Fv2%2Fproduct_cat&post=945"},{"taxonomy":"product_tag","embeddable":true,"href":"https:\/\/mjerna-tehnika.ba\/bs\/index.php?rest_route=%2Fwp%2Fv2%2Fproduct_tag&post=945"}],"curies":[{"name":"wp","href":"https:\/\/api.w.org\/{rel}","templated":true}]}}