{"id":921,"date":"2016-12-21T14:21:57","date_gmt":"2016-12-21T14:21:57","guid":{"rendered":"https:\/\/mjerna-tehnika.ba\/bs\/?post_type=product&#038;p=921"},"modified":"2023-02-27T14:13:01","modified_gmt":"2023-02-27T14:13:01","slug":"precizni-termometar-pce-t317","status":"publish","type":"product","link":"https:\/\/mjerna-tehnika.ba\/bs\/?product=precizni-termometar-pce-t317","title":{"rendered":"Precizni termometar PCE-T318"},"content":{"rendered":"<p>&#8211; visoka ta\u010dnost<br \/>\n&#8211; veliki LCD ekran<br \/>\n&#8211; min, max,\u00a0 prosjek<br \/>\n&#8211; HOLD funkcija<br \/>\n&#8211; pozadinsko osvetljenje<br \/>\n&#8211; izbor razli\u010ditih jedinica<br \/>\n&#8211; Automatsko isklju\u010divanje<br \/>\n&#8211; uklju\u010den Pt100 senzor<\/p>\n<table border=\"0\" cellspacing=\"0\" bgcolor=\"#FFFFFF\">\n<tbody>\n<tr>\n<td valign=\"top\" width=\"198\">Mjerno podru\u010dje<\/td>\n<td valign=\"top\" width=\"403\">-100 &#8230; 300 \u00b0C<\/td>\n<\/tr>\n<tr>\n<td valign=\"top\">Rezolucija<\/td>\n<td valign=\"top\">0,1 \u00b0C<\/td>\n<\/tr>\n<tr>\n<td valign=\"top\">Ta\u010dnost (bei 23 \u00b0C \u00b1 5 \u00b0C)<\/td>\n<td valign=\"top\">\u00b1 0,1 % od mjerenja+ 0,4 \u00b0C<\/td>\n<\/tr>\n<tr>\n<td valign=\"top\">Senzor<\/td>\n<td valign=\"top\">4-\u017ei\u010dani Pt100 Klasse A Sensor <b>uklju\u010den u isporuku<\/b><br \/>\nPt100, Pt500 &amp; Pt1000 anschlie\u00dfbar<\/td>\n<\/tr>\n<tr>\n<td valign=\"top\">Messstrom<\/td>\n<td valign=\"top\">ca. 0,53 mA<\/td>\n<\/tr>\n<tr>\n<td valign=\"top\">Ulaz<\/td>\n<td valign=\"top\">1<\/td>\n<\/tr>\n<tr>\n<td valign=\"top\">Messrate<\/td>\n<td valign=\"top\">0,5 s<\/td>\n<\/tr>\n<tr>\n<td valign=\"top\">Za\u0161tita<\/td>\n<td valign=\"top\">IP 67<\/td>\n<\/tr>\n<tr>\n<td valign=\"top\">Napajanje<\/td>\n<td valign=\"top\">3 x 1,5 V AAA Batterie<\/td>\n<\/tr>\n<tr>\n<td valign=\"top\">Vijek baterija<\/td>\n<td valign=\"top\">ca. 100 h<\/td>\n<\/tr>\n<tr>\n<td valign=\"top\">Uslovi okoline<\/td>\n<td valign=\"top\">0 &#8230; 50 \u00b0C, 0 &#8230; 80 % r.F.<\/td>\n<\/tr>\n<tr>\n<td valign=\"top\">Skladi\u0161tenje<\/td>\n<td valign=\"top\">-10 &#8230; 60 \u00b0C, 0 &#8230; 80 % r.F.)<\/td>\n<\/tr>\n<tr>\n<td valign=\"top\">Dimenzije<\/td>\n<td valign=\"top\">Ure\u0111aj: 150 x 66 x 31 mm<br \/>\nSenzor: 124 mm x \u00d8 3,2 mm<br \/>\nSenzor sa kablom (ukupno): 240 mm x \u00d8 15 mm<\/td>\n<\/tr>\n<tr>\n<td valign=\"top\">Te\u017eina<\/td>\n<td valign=\"top\">ca. 175 g<\/td>\n<\/tr>\n<\/tbody>\n<\/table>\n","protected":false},"excerpt":{"rendered":"<h4>Mjera\u010d temperature visoke ta\u010dnosti sa PT100 &#8211; sondom i internom memorijom<\/h4>\n<p>Mjerno podru\u010dje:\u00a0-100 &#8230; 300 \u00b0C<\/p>\n<p>Ta\u010dnost:\u00a0\u00b1 0,1 %<\/p>\n<p><a href=\"https:\/\/mjerna-tehnika.ba\/bs\/wp-content\/uploads\/Termometar-PCE-T318.pdf\">Termometar PCE-T318<\/a><\/p>\n","protected":false},"featured_media":1163,"comment_status":"open","ping_status":"closed","template":"","meta":{"_uf_show_specific_survey":0,"_uf_disable_surveys":false},"product_brand":[],"product_cat":[50,40],"product_tag":[],"class_list":{"0":"post-921","1":"product","2":"type-product","3":"status-publish","4":"has-post-thumbnail","6":"product_cat-kontaktni-termometari","7":"product_cat-termometri","9":"first","10":"instock","11":"taxable","12":"shipping-taxable","13":"purchasable","14":"product-type-simple"},"aioseo_notices":[],"_links":{"self":[{"href":"https:\/\/mjerna-tehnika.ba\/bs\/index.php?rest_route=\/wp\/v2\/product\/921","targetHints":{"allow":["GET"]}}],"collection":[{"href":"https:\/\/mjerna-tehnika.ba\/bs\/index.php?rest_route=\/wp\/v2\/product"}],"about":[{"href":"https:\/\/mjerna-tehnika.ba\/bs\/index.php?rest_route=\/wp\/v2\/types\/product"}],"replies":[{"embeddable":true,"href":"https:\/\/mjerna-tehnika.ba\/bs\/index.php?rest_route=%2Fwp%2Fv2%2Fcomments&post=921"}],"wp:featuredmedia":[{"embeddable":true,"href":"https:\/\/mjerna-tehnika.ba\/bs\/index.php?rest_route=\/wp\/v2\/media\/1163"}],"wp:attachment":[{"href":"https:\/\/mjerna-tehnika.ba\/bs\/index.php?rest_route=%2Fwp%2Fv2%2Fmedia&parent=921"}],"wp:term":[{"taxonomy":"product_brand","embeddable":true,"href":"https:\/\/mjerna-tehnika.ba\/bs\/index.php?rest_route=%2Fwp%2Fv2%2Fproduct_brand&post=921"},{"taxonomy":"product_cat","embeddable":true,"href":"https:\/\/mjerna-tehnika.ba\/bs\/index.php?rest_route=%2Fwp%2Fv2%2Fproduct_cat&post=921"},{"taxonomy":"product_tag","embeddable":true,"href":"https:\/\/mjerna-tehnika.ba\/bs\/index.php?rest_route=%2Fwp%2Fv2%2Fproduct_tag&post=921"}],"curies":[{"name":"wp","href":"https:\/\/api.w.org\/{rel}","templated":true}]}}