{"id":915,"date":"2016-12-21T14:00:01","date_gmt":"2016-12-21T14:00:01","guid":{"rendered":"https:\/\/mjerna-tehnika.ba\/bs\/?post_type=product&#038;p=915"},"modified":"2016-12-21T14:10:17","modified_gmt":"2016-12-21T14:10:17","slug":"digitalni-termometar-mini-k-31-1034","status":"publish","type":"product","link":"https:\/\/mjerna-tehnika.ba\/bs\/?product=digitalni-termometar-mini-k-31-1034","title":{"rendered":"Digitalni termometar Mini-K,  31.1034"},"content":{"rendered":"<p>Mini termometar<span lang=\"EN-GB\"> Mini-K predstavlja kompaktan i vodootporan kontaktni termometar koji mo\u017ee biti kori\u0161ten sa razli\u010ditim K-tip termoelementima. Mini-termometar nalazi primjenu u raznim podru\u010djima kao \u0161to su: HVAC mjerenja (Heating Ventilation Air Conditioning), klimatizaciji, grijanju i u procesnim mjerenjima. Mini-termometar se isporu\u010duje sa IP65 za\u0161titom, tako da se mo\u017ee koristiti u podru\u010djima sa visokom koncentracijom vlage u vazduhu. Mini-termometar je opremljen sa senzorom koji se mo\u017ee promjeniti u zavisnosti od primjene. Svi termoelementi se mogu priklju\u010diti na termometar preko standardnog priklju\u010dka. Temperaturno podru\u010dje koje pokriva termometar Mini-K je od -60 do 1370 \u00baC .<br \/>\n<\/span><\/p>\n<p>&nbsp;<\/p>\n<ul>\n<li>1 kanalni mini-termometar<\/li>\n<li>Idealan za tip K termoelemente<\/li>\n<li>Magnetni medijum uklj.<\/li>\n<li>Veliki LCD display<\/li>\n<li>Odabirljivo: \u00a0\u00baC ili \u00baF<\/li>\n<li>Data-Hold funkcija<\/li>\n<li>Indikacija baterije<\/li>\n<li>Pozadinsko osvjetljenje<\/li>\n<li><span lang=\"EN-GB\"> Automatsko samoisklju\u010divanje<\/span><\/li>\n<li><b>Molimo Vas, termoelemente naru\u010dite posebno, pogledajte u kategoriji: Senzori, dodatna oprema <\/b><\/li>\n<\/ul>\n","protected":false},"excerpt":{"rendered":"<h4>Mini-termometer za K-Tip-termoelemente, magnetni dr\u017ea\u010d, Hold-Funkcija, IP65<\/h4>\n<p><b>Molimo Vas, termoelemente naru\u010dite posebno, pogledajte u kategoriji: Senzori, dodatna oprema<\/b><\/p>\n<p><a href=\"https:\/\/mjerna-tehnika.ba\/bs\/wp-content\/uploads\/Kontaktni-termometri_TFA.pdf\">Kontaktni termometri_TFA<\/a><\/p>\n","protected":false},"featured_media":917,"comment_status":"open","ping_status":"closed","template":"","meta":{"_uf_show_specific_survey":0,"_uf_disable_surveys":false},"product_brand":[],"product_cat":[50,40],"product_tag":[],"class_list":{"0":"post-915","1":"product","2":"type-product","3":"status-publish","4":"has-post-thumbnail","6":"product_cat-kontaktni-termometari","7":"product_cat-termometri","9":"first","10":"instock","11":"taxable","12":"shipping-taxable","13":"purchasable","14":"product-type-simple"},"aioseo_notices":[],"_links":{"self":[{"href":"https:\/\/mjerna-tehnika.ba\/bs\/index.php?rest_route=\/wp\/v2\/product\/915","targetHints":{"allow":["GET"]}}],"collection":[{"href":"https:\/\/mjerna-tehnika.ba\/bs\/index.php?rest_route=\/wp\/v2\/product"}],"about":[{"href":"https:\/\/mjerna-tehnika.ba\/bs\/index.php?rest_route=\/wp\/v2\/types\/product"}],"replies":[{"embeddable":true,"href":"https:\/\/mjerna-tehnika.ba\/bs\/index.php?rest_route=%2Fwp%2Fv2%2Fcomments&post=915"}],"wp:featuredmedia":[{"embeddable":true,"href":"https:\/\/mjerna-tehnika.ba\/bs\/index.php?rest_route=\/wp\/v2\/media\/917"}],"wp:attachment":[{"href":"https:\/\/mjerna-tehnika.ba\/bs\/index.php?rest_route=%2Fwp%2Fv2%2Fmedia&parent=915"}],"wp:term":[{"taxonomy":"product_brand","embeddable":true,"href":"https:\/\/mjerna-tehnika.ba\/bs\/index.php?rest_route=%2Fwp%2Fv2%2Fproduct_brand&post=915"},{"taxonomy":"product_cat","embeddable":true,"href":"https:\/\/mjerna-tehnika.ba\/bs\/index.php?rest_route=%2Fwp%2Fv2%2Fproduct_cat&post=915"},{"taxonomy":"product_tag","embeddable":true,"href":"https:\/\/mjerna-tehnika.ba\/bs\/index.php?rest_route=%2Fwp%2Fv2%2Fproduct_tag&post=915"}],"curies":[{"name":"wp","href":"https:\/\/api.w.org\/{rel}","templated":true}]}}