{"id":894,"date":"2016-12-20T13:52:30","date_gmt":"2016-12-20T13:52:30","guid":{"rendered":"https:\/\/mjerna-tehnika.ba\/bs\/?post_type=product&#038;p=894"},"modified":"2024-05-16T10:31:59","modified_gmt":"2024-05-16T10:31:59","slug":"termohigrometar-weatherhub","status":"publish","type":"product","link":"https:\/\/mjerna-tehnika.ba\/bs\/?product=termohigrometar-weatherhub","title":{"rendered":"Termohigrometar WeatherHub Observer"},"content":{"rendered":"<p>WeatherHub platforma vam omogu\u0107ava da preko observer.de platforme profesionalno pratite temperaturu i vla\u017enost vazduha u bilo koje vrijeme i sa bilo koje mjesta. Ovaj sistem vam omogu\u0107ava da putem e-maila dobijete upozorenje kod prekora\u010denja alarmnih granica.<\/p>\n<p>Starter set (31.4012.02) sadr\u017ei jednu prijemnu jedinicu (gateway) i jedan be\u017ei\u010dni predajnik (30.3312.02).<\/p>\n<p>U ponudi su tri razli\u010dita predajnika\/senzora:<\/p>\n<p>&#8211; <strong>Senzor za temperaturu\/vlagu 30.3312.02<\/strong>, \u00a0\u00a0\u00a0\u00a0\u00a0\u00a0\u00a0\u00a0\u00a0\u00a0\u00a0\u00a0\u00a0\u00a0\u00a0\u00a0\u00a0\u00a0\u00a0\u00a0\u00a0\u00a0\u00a0\u00a0\u00a0\u00a0\u00a0\u00a0\u00a0\u00a0\u00a0\u00a0\u00a0\u00a0\u00a0\u00a0\u00a0\u00a0\u00a0\u00a0\u00a0\u00a0\u00a0\u00a0\u00a0\u00a0\u00a0\u00a0\u00a0\u00a0\u00a0\u00a0\u00a0\u00a0\u00a0\u00a0\u00a0\u00a0\u00a0\u00a0\u00a0\u00a0\u00a0\u00a0\u00a0\u00a0\u00a0\u00a0\u00a0\u00a0\u00a0\u00a0\u00a0\u00a0\u00a0\u00a0\u00a0\u00a0\u00a0\u00a0\u00a0\u00a0\u00a0\u00a0\u00a0\u00a0\u00a0\u00a0\u00a0\u00a0\u00a0\u00a0\u00a0\u00a0\u00a0\u00a0\u00a0\u00a0\u00a0\u00a0\u00a0\u00a0\u00a0\u00a0\u00a0\u00a0\u00a0\u00a0\u00a0\u00a0\u00a0\u00a0\u00a0\u00a0\u00a0Pogodan\u00a0 za pra\u0107enje klime u laboratorijima, skladi\u0161tima, vikendicama, server sobama, terarijima, vinskim podrumima\u00a0 itd.\u00a0\u00a0\u00a0\u00a0\u00a0\u00a0\u00a0\u00a0\u00a0\u00a0\u00a0\u00a0\u00a0\u00a0\u00a0\u00a0\u00a0\u00a0\u00a0\u00a0\u00a0\u00a0\u00a0\u00a0\u00a0\u00a0\u00a0\u00a0\u00a0\u00a0\u00a0\u00a0\u00a0\u00a0\u00a0\u00a0\u00a0\u00a0\u00a0\u00a0\u00a0\u00a0\u00a0\u00a0\u00a0\u00a0\u00a0\u00a0\u00a0\u00a0\u00a0\u00a0\u00a0\u00a0\u00a0\u00a0\u00a0\u00a0\u00a0\u00a0\u00a0\u00a0\u00a0\u00a0\u00a0\u00a0\u00a0\u00a0\u00a0\u00a0\u00a0\u00a0\u00a0\u00a0\u00a0\u00a0\u00a0\u00a0\u00a0\u00a0\u00a0\u00a0\u00a0\u00a0\u00a0\u00a0\u00a0\u00a0\u00a0\u00a0\u00a0\u00a0\u00a0\u00a0\u00a0\u00a0\u00a0\u00a0\u00a0\u00a0\u00a0\u00a0\u00a0\u00a0\u00a0\u00a0\u00a0\u00a0\u00a0\u00a0\u00a0\u00a0\u00a0\u00a0\u00a0\u00a0\u00a0\u00a0\u00a0\u00a0\u00a0\u00a0\u00a0\u00a0\u00a0\u00a0\u00a0\u00a0\u00a0\u00a0\u00a0\u00a0\u00a0\u00a0\u00a0\u00a0\u00a0\u00a0\u00a0\u00a0\u00a0\u00a0\u00a0\u00a0\u00a0\u00a0\u00a0\u00a0\u00a0\u00a0\u00a0\u00a0\u00a0\u00a0\u00a0\u00a0\u00a0\u00a0 Mjerno podru\u010dje: Temperatura: -40\u2026+60\u00b0C (-40\u2026+140\u00b0F), Vlaga: 0 \u2026 99%.\u00a0\u00a0\u00a0\u00a0\u00a0\u00a0\u00a0\u00a0\u00a0\u00a0\u00a0\u00a0\u00a0\u00a0\u00a0\u00a0\u00a0\u00a0\u00a0\u00a0\u00a0\u00a0\u00a0\u00a0\u00a0\u00a0\u00a0\u00a0\u00a0\u00a0\u00a0\u00a0\u00a0\u00a0\u00a0\u00a0\u00a0\u00a0\u00a0\u00a0\u00a0\u00a0\u00a0\u00a0\u00a0\u00a0\u00a0\u00a0\u00a0\u00a0\u00a0\u00a0\u00a0\u00a0\u00a0\u00a0\u00a0\u00a0\u00a0\u00a0\u00a0\u00a0\u00a0\u00a0\u00a0\u00a0\u00a0\u00a0\u00a0\u00a0\u00a0\u00a0\u00a0\u00a0\u00a0\u00a0\u00a0\u00a0\u00a0\u00a0\u00a0\u00a0\u00a0\u00a0\u00a0\u00a0\u00a0\u00a0\u00a0\u00a0\u00a0\u00a0\u00a0\u00a0\u00a0\u00a0\u00a0\u00a0\u00a0\u00a0\u00a0\u00a0\u00a0\u00a0\u00a0\u00a0\u00a0\u00a0\u00a0\u00a0\u00a0\u00a0\u00a0\u00a0\u00a0\u00a0\u00a0\u00a0\u00a0\u00a0\u00a0\u00a0\u00a0\u00a0\u00a0\u00a0\u00a0\u00a0\u00a0\u00a0\u00a0\u00a0\u00a0\u00a0\u00a0\u00a0\u00a0\u00a0\u00a0\u00a0\u00a0\u00a0 Tehni\u010dke karakteristike: dimenzije 44 (76) x 24 (56) x 160 (165) mm, 76 g, 2 x 1,5 V AA, baterije nisu uklju\u010dene u isporuku.<\/p>\n<p>&nbsp;<\/p>\n<p>&nbsp;<\/p>\n<p>&#8211; <strong>Senzor za temperaturu s kabl senzorom 30.3313.02<\/strong> sa dva temperaturna senzora (1x unutar ku\u0107i\u0161ta predajnika, 1x pomo\u0107u kablovskog senzora). Idealan za pra\u0107enje temperature fri\u017eidera i zamrziva\u010da, skladi\u0161ta, servera, akvarijuma, terarija, bazena, ribnjaka,\u00a0 itd.<\/p>\n<p>Mjerno podru\u010dje T: -30\u2026+60\u00b0C (-22\u2026140\u00b0F)<br \/>\nTehni\u010dke karakteristike: dimenzije \u00a041 (83) x 35 (61) x 129 (135) mm, cable langth 1,4 m, 53 g, 2 x 1,5 V AAA baterije nisu uklju\u010dene u isporuku<\/p>\n<p>&#8211; <strong>Senzor za temperaturu\/vlagu \u00a0s kabl senzorom (30.3530) za temperaturu 30.3302.02<\/strong> sa dva temperaturna senzora (1x unutar ku\u0107i\u0161ta predajnika, 1x pomo\u0107u kablovskog senzora). Ovaj senzor ima dosta veliko mjerno podru\u010dje Idealan za pra\u0107enje temperature fri\u017eidera i zamrziva\u010da, skladi\u0161ta, servera, akvarijuma, terarija, bazena, ribnjaka,\u00a0 itd.<\/p>\n<p>Mjerno podru\u010dje: T (predajnik): -40\u2026+60\u00b0C (-40\u2026+140\u00b0F), H (predajnik): 0 \u2026 99%, T (kabl senzor): -50\u2026+110\u00b0C (-58&#8230;+230\u00b0F)<br \/>\nTehni\u010dke karakteristike: dimenzije \u00a041 (83) x 35 (61) x 129 (135) mm, du\u017eina kabla 1,5 m, 53 g, 2 x 1,5 V AAA baterije nisu uklju\u010dene u isporuku<\/p>\n","protected":false},"excerpt":{"rendered":"<p>Platforma\u00a0 WEATHERHUB &#8220;OBSERVER&#8221; vam omogu\u0107ava profesionalno pra\u0107enje i dokumentovanje temperature i vla\u017enosti. Sistem je idealan za profesionalne primjene.<\/p>\n<p>Starter set uklju\u010duje profesionalni termo-higro predajnik sa posebno preciznim senzorom za mjerenje temperature i vla\u017enosti okoline, npr. u skladi\u0161nim ili dnevnim sobama, plastenicima, serverima i drugim klimatizovanim prostorijama ili na otvorenom. Tako\u0111e je dostupan i predajnik sa kabl senzorom za mjerenje temperature u fri\u017eiderima, hladnjacima, komorama, teku\u0107inama, &#8230;<\/p>\n<p>Be\u017ei\u010dni senzor \u0161alje izmjerene vrijednosti direktno na server preko gateway modula i Interneta. Tamo su svi podaci dostupni za najmanje 90 dana.<br \/>\nPreko WEATHERHUB &#8220;OBSERVER&#8221; platforme www.wh-observer.de izmjerene vrijednosti se mogu pozvati u bilo koje vrijeme i \u0161irom svijeta putem PC-a, tableta ili pametnog telefona i mogu se koristiti brojne dodatne funkcije.<\/p>\n<p>Vrijednosti se prikazuju kao jasan dijagram koji se mo\u017ee podesiti na odre\u0111ene vremenske intervale (dan, sedmica ili mjesec). Podaci se mogu eksportovati grafi\u010dki kao PDF ili kao CSV fajl u tekstualnom formatu. Izvozne datoteke se mogu poslati e-po\u0161tom.<br \/>\nNadzor se mo\u017ee automatizirati i postoje \u0161iroke mogu\u0107nosti za postavljanje upozorenja.<br \/>\nPlatforma je besplatna i ne zahtijeva dodatnu naknadu za kori\u0161tenje ili pretplatu.<br \/>\nMo\u017ee se povezati do 50 predajnika za tempeaturu i vlagu<\/p>\n<p>Tehni\u010dke karakteristike i katalog mo\u017eete preuzeti ovdje: <a href=\"https:\/\/mjerna-tehnika.ba\/bs\/wp-content\/uploads\/WeatherHub-Observer_katalog.pdf\">WeatherHub-Observer_katalog<\/a> <a href=\"https:\/\/mjerna-tehnika.ba\/bs\/wp-content\/uploads\/WH-Observer-Web-Monitoring-System.pdf\">WH Observer &#8211; Web Monitoring System<\/a><\/p>\n<p>&nbsp;<\/p>\n","protected":false},"featured_media":2196,"comment_status":"open","ping_status":"closed","template":"","meta":{"_uf_show_specific_survey":0,"_uf_disable_surveys":false},"product_brand":[],"product_cat":[42,43],"product_tag":[],"class_list":{"0":"post-894","1":"product","2":"type-product","3":"status-publish","4":"has-post-thumbnail","6":"product_cat-dataloggeri","7":"product_cat-termohigrometri","9":"first","10":"instock","11":"taxable","12":"shipping-taxable","13":"purchasable","14":"product-type-simple"},"aioseo_notices":[],"_links":{"self":[{"href":"https:\/\/mjerna-tehnika.ba\/bs\/index.php?rest_route=\/wp\/v2\/product\/894","targetHints":{"allow":["GET"]}}],"collection":[{"href":"https:\/\/mjerna-tehnika.ba\/bs\/index.php?rest_route=\/wp\/v2\/product"}],"about":[{"href":"https:\/\/mjerna-tehnika.ba\/bs\/index.php?rest_route=\/wp\/v2\/types\/product"}],"replies":[{"embeddable":true,"href":"https:\/\/mjerna-tehnika.ba\/bs\/index.php?rest_route=%2Fwp%2Fv2%2Fcomments&post=894"}],"wp:featuredmedia":[{"embeddable":true,"href":"https:\/\/mjerna-tehnika.ba\/bs\/index.php?rest_route=\/wp\/v2\/media\/2196"}],"wp:attachment":[{"href":"https:\/\/mjerna-tehnika.ba\/bs\/index.php?rest_route=%2Fwp%2Fv2%2Fmedia&parent=894"}],"wp:term":[{"taxonomy":"product_brand","embeddable":true,"href":"https:\/\/mjerna-tehnika.ba\/bs\/index.php?rest_route=%2Fwp%2Fv2%2Fproduct_brand&post=894"},{"taxonomy":"product_cat","embeddable":true,"href":"https:\/\/mjerna-tehnika.ba\/bs\/index.php?rest_route=%2Fwp%2Fv2%2Fproduct_cat&post=894"},{"taxonomy":"product_tag","embeddable":true,"href":"https:\/\/mjerna-tehnika.ba\/bs\/index.php?rest_route=%2Fwp%2Fv2%2Fproduct_tag&post=894"}],"curies":[{"name":"wp","href":"https:\/\/api.w.org\/{rel}","templated":true}]}}