{"id":880,"date":"2016-12-20T12:02:31","date_gmt":"2016-12-20T12:02:31","guid":{"rendered":"https:\/\/mjerna-tehnika.ba\/bs\/?post_type=product&#038;p=880"},"modified":"2018-10-25T13:22:51","modified_gmt":"2018-10-25T13:22:51","slug":"termohigrometar-klimalog-pro-30-3039-it","status":"publish","type":"product","link":"https:\/\/mjerna-tehnika.ba\/bs\/?product=termohigrometar-klimalog-pro-30-3039-it","title":{"rendered":"Termohigrometar KLIMALOG PRO, 30.3039.IT"},"content":{"rendered":"<ul>\n<li>Temperatura: -20 &#8230; +60 \u00b0C<\/li>\n<li>Relativna vlaga: 1 &#8230; 99 % r.F.<\/li>\n<\/ul>\n<p>&nbsp;<\/p>\n<p>Ovaj termohigrometar ima mogu\u0107nost priklju\u010denja do osam senzora za temp.\/vlagu i temperaturu (sa eksternim senzorom na kablu). Senzori koji su razmje\u0161teni prema Va\u0161im potrebama (u prostoriji, u fri\u017eideru, vani,&#8230;), \u0161alju be\u017ei\u010dno podatke \u00a0do centralne jedinice (mogu\u0107nost slanja podataka do 100m). Centralna jedinica tako\u0111e pokazuje vrijednost temperature i vlage i ima satelitstki navo\u0111eno vrijeme. Ona \u0161alje podatke na ra\u010dunar (putem USB-a koji se nalazi u isporuci). Svi podaci koje \u0161alju senzori\u00a0 su pohranjeni na ra\u010dunaru u intervalima koje sami odredite. Mogu\u0107nost programiranja donje i gornje granice alarma.<\/p>\n<p>&nbsp;<\/p>\n","protected":false},"excerpt":{"rendered":"<h4>Za temperaturu \/ relativnu vlagu, memorija: max. 50.000 jedinica, mogu\u0107nost priklju\u010denja do 8 oda\u0161ilja\u010da. Napomena: Senzori se posebno naru\u010duju. Dostupan je senzor za temperaturu i vlagu (30.3180.IT) \u00a0 i\u00a0 senzor za temperaturu s kabl senzorom (30.3181.IT)<\/h4>\n<p><a href=\"https:\/\/mjerna-tehnika.ba\/bs\/wp-content\/uploads\/DATALOGGER-TFA-30.3039.IT_.pdf\">datalogger-tfa-30-3039-it<\/a><\/p>\n","protected":false},"featured_media":882,"comment_status":"open","ping_status":"closed","template":"","meta":{"_uf_show_specific_survey":0,"_uf_disable_surveys":false},"product_brand":[],"product_cat":[42,43],"product_tag":[],"class_list":{"0":"post-880","1":"product","2":"type-product","3":"status-publish","4":"has-post-thumbnail","6":"product_cat-dataloggeri","7":"product_cat-termohigrometri","9":"first","10":"instock","11":"taxable","12":"shipping-taxable","13":"purchasable","14":"product-type-simple"},"aioseo_notices":[],"_links":{"self":[{"href":"https:\/\/mjerna-tehnika.ba\/bs\/index.php?rest_route=\/wp\/v2\/product\/880","targetHints":{"allow":["GET"]}}],"collection":[{"href":"https:\/\/mjerna-tehnika.ba\/bs\/index.php?rest_route=\/wp\/v2\/product"}],"about":[{"href":"https:\/\/mjerna-tehnika.ba\/bs\/index.php?rest_route=\/wp\/v2\/types\/product"}],"replies":[{"embeddable":true,"href":"https:\/\/mjerna-tehnika.ba\/bs\/index.php?rest_route=%2Fwp%2Fv2%2Fcomments&post=880"}],"wp:featuredmedia":[{"embeddable":true,"href":"https:\/\/mjerna-tehnika.ba\/bs\/index.php?rest_route=\/wp\/v2\/media\/882"}],"wp:attachment":[{"href":"https:\/\/mjerna-tehnika.ba\/bs\/index.php?rest_route=%2Fwp%2Fv2%2Fmedia&parent=880"}],"wp:term":[{"taxonomy":"product_brand","embeddable":true,"href":"https:\/\/mjerna-tehnika.ba\/bs\/index.php?rest_route=%2Fwp%2Fv2%2Fproduct_brand&post=880"},{"taxonomy":"product_cat","embeddable":true,"href":"https:\/\/mjerna-tehnika.ba\/bs\/index.php?rest_route=%2Fwp%2Fv2%2Fproduct_cat&post=880"},{"taxonomy":"product_tag","embeddable":true,"href":"https:\/\/mjerna-tehnika.ba\/bs\/index.php?rest_route=%2Fwp%2Fv2%2Fproduct_tag&post=880"}],"curies":[{"name":"wp","href":"https:\/\/api.w.org\/{rel}","templated":true}]}}