{"id":842,"date":"2016-11-26T10:55:54","date_gmt":"2016-11-26T10:55:54","guid":{"rendered":"https:\/\/mjerna-tehnika.ba\/bs\/?post_type=product&#038;p=842"},"modified":"2018-10-25T13:26:11","modified_gmt":"2018-10-25T13:26:11","slug":"termohigrometar-tfa-30-3054-10","status":"publish","type":"product","link":"https:\/\/mjerna-tehnika.ba\/bs\/?product=termohigrometar-tfa-30-3054-10","title":{"rendered":"Termohigrometar TFA, 30.3054.10"},"content":{"rendered":"<p style=\"text-align: justify;\">Za kontrolu temperature i vlage, sa internim senzorima\u00a0 i tri be\u017ei\u010dna vanjska senzora (maksimalna daljina 100 m) za nadzor temperature i vlage u \u010detiri prostorije (na \u010detiri mjesta), , max.-min.-funkcija, indikator optimalnih uslova, tendencija temperature, pode\u0161avanje alarma<\/p>\n<p><b>Mjerno podru\u010dje:<\/b> T in 0\u202660\u00b0C (32\u2026140\u00b0F), T out \u2013 40\u202660\u00b0C (-40\u2026140\u00b0F), H in: 20\u202690%, H out: 10&#8230;99%<br \/>\n<b>T\/H-vanjski oda\u0161ilja\u010di:<\/b> U isporuku su uklju\u010dena tri senzora , 30.3208.02,\u00a0ea. 2\u00a0x 1,5 V AAA baterije nisu uklju\u010dene u isporuku<br \/>\n<b>Glavna jedinica:<\/b> mogu\u0107nost postavljanja na zid, 116x 24 (64) x 116 mm, 143 g, 4 x 1,5 V AAA baterije nisu uklju\u010dene<\/p>\n","protected":false},"excerpt":{"rendered":"<p>Za kontrolu temperature i vlage, sa internim senzorima\u00a0 i tri be\u017ei\u010dna vanjska senzora (maksimalna daljina 100 m) za nadzor temperature i vlage u \u010detiri prostorije (na \u010detiri mjesta), , max.-min.-funkcija, indikator optimalnih uslova, tendencija temperature, pode\u0161avanje alarma<\/p>\n<p>Download: <a href=\"https:\/\/mjerna-tehnika.ba\/bs\/wp-content\/uploads\/Termohigrometar_30.3054_klima-monitor_de.pdf\">termohigrometar_30-3054_klima-monitor_de<\/a><\/p>\n","protected":false},"featured_media":843,"comment_status":"open","ping_status":"closed","template":"","meta":{"_uf_show_specific_survey":0,"_uf_disable_surveys":false},"product_brand":[],"product_cat":[43],"product_tag":[],"class_list":{"0":"post-842","1":"product","2":"type-product","3":"status-publish","4":"has-post-thumbnail","6":"product_cat-termohigrometri","8":"first","9":"instock","10":"taxable","11":"shipping-taxable","12":"purchasable","13":"product-type-simple"},"aioseo_notices":[],"_links":{"self":[{"href":"https:\/\/mjerna-tehnika.ba\/bs\/index.php?rest_route=\/wp\/v2\/product\/842","targetHints":{"allow":["GET"]}}],"collection":[{"href":"https:\/\/mjerna-tehnika.ba\/bs\/index.php?rest_route=\/wp\/v2\/product"}],"about":[{"href":"https:\/\/mjerna-tehnika.ba\/bs\/index.php?rest_route=\/wp\/v2\/types\/product"}],"replies":[{"embeddable":true,"href":"https:\/\/mjerna-tehnika.ba\/bs\/index.php?rest_route=%2Fwp%2Fv2%2Fcomments&post=842"}],"wp:featuredmedia":[{"embeddable":true,"href":"https:\/\/mjerna-tehnika.ba\/bs\/index.php?rest_route=\/wp\/v2\/media\/843"}],"wp:attachment":[{"href":"https:\/\/mjerna-tehnika.ba\/bs\/index.php?rest_route=%2Fwp%2Fv2%2Fmedia&parent=842"}],"wp:term":[{"taxonomy":"product_brand","embeddable":true,"href":"https:\/\/mjerna-tehnika.ba\/bs\/index.php?rest_route=%2Fwp%2Fv2%2Fproduct_brand&post=842"},{"taxonomy":"product_cat","embeddable":true,"href":"https:\/\/mjerna-tehnika.ba\/bs\/index.php?rest_route=%2Fwp%2Fv2%2Fproduct_cat&post=842"},{"taxonomy":"product_tag","embeddable":true,"href":"https:\/\/mjerna-tehnika.ba\/bs\/index.php?rest_route=%2Fwp%2Fv2%2Fproduct_tag&post=842"}],"curies":[{"name":"wp","href":"https:\/\/api.w.org\/{rel}","templated":true}]}}