{"id":835,"date":"2016-11-26T10:29:20","date_gmt":"2016-11-26T10:29:20","guid":{"rendered":"https:\/\/mjerna-tehnika.ba\/bs\/?post_type=product&#038;p=835"},"modified":"2021-05-07T09:28:10","modified_gmt":"2021-05-07T09:28:10","slug":"termohigrometar-tfa-30-5027-01","status":"publish","type":"product","link":"https:\/\/mjerna-tehnika.ba\/bs\/?product=termohigrometar-tfa-30-5027-01","title":{"rendered":"Termohigrometar TFA, 30.5027.01"},"content":{"rendered":"<ul>\n<li>Moderan dizajn<\/li>\n<li>Veliki display<\/li>\n<li>Istovremeni prikaz temperature i vlage. Sami birate \u0161ta \u0107e biti prikazano ve\u0107im brojkama.<\/li>\n<li>Maximum i minimum<\/li>\n<li>Vrijeme<\/li>\n<li>Mjerno podru\u010dje temperature: -20&#8230;+50\u00b0C<\/li>\n<li>Mjerno podru\u010dje vlaga:\u00a0 20&#8230;99%<\/li>\n<li>Mo\u017ee postavljen na zid ili mo\u017ee stajati (npr na polici)<\/li>\n<li>Dimenzije: 104 x 104 x 13 mm<\/li>\n<li>Te\u017eina: 143 g<\/li>\n<li>Baterije CR2032 uklju\u010dene u dostavu<\/li>\n<\/ul>\n","protected":false},"excerpt":{"rendered":"<p>&nbsp;<\/p>\n<ul>\n<li>Mjerno podru\u010dje temperature: -20&#8230;+50\u00b0C<\/li>\n<li>Mjerno podru\u010dje vlaga:\u00a0 20&#8230;99%<\/li>\n<li>Mo\u017ee biti obje\u0161en (npr na zid) ili mo\u017ee stajati (npr na polici)<\/li>\n<li>Dimenzije: 104 x 104 x 13 mm, 143 g<\/li>\n<\/ul>\n<p>&nbsp;<\/p>\n","protected":false},"featured_media":808,"comment_status":"open","ping_status":"closed","template":"","meta":{"_uf_show_specific_survey":0,"_uf_disable_surveys":false},"product_brand":[],"product_cat":[43],"product_tag":[],"class_list":{"0":"post-835","1":"product","2":"type-product","3":"status-publish","4":"has-post-thumbnail","6":"product_cat-termohigrometri","8":"first","9":"instock","10":"taxable","11":"shipping-taxable","12":"purchasable","13":"product-type-simple"},"aioseo_notices":[],"_links":{"self":[{"href":"https:\/\/mjerna-tehnika.ba\/bs\/index.php?rest_route=\/wp\/v2\/product\/835","targetHints":{"allow":["GET"]}}],"collection":[{"href":"https:\/\/mjerna-tehnika.ba\/bs\/index.php?rest_route=\/wp\/v2\/product"}],"about":[{"href":"https:\/\/mjerna-tehnika.ba\/bs\/index.php?rest_route=\/wp\/v2\/types\/product"}],"replies":[{"embeddable":true,"href":"https:\/\/mjerna-tehnika.ba\/bs\/index.php?rest_route=%2Fwp%2Fv2%2Fcomments&post=835"}],"wp:featuredmedia":[{"embeddable":true,"href":"https:\/\/mjerna-tehnika.ba\/bs\/index.php?rest_route=\/wp\/v2\/media\/808"}],"wp:attachment":[{"href":"https:\/\/mjerna-tehnika.ba\/bs\/index.php?rest_route=%2Fwp%2Fv2%2Fmedia&parent=835"}],"wp:term":[{"taxonomy":"product_brand","embeddable":true,"href":"https:\/\/mjerna-tehnika.ba\/bs\/index.php?rest_route=%2Fwp%2Fv2%2Fproduct_brand&post=835"},{"taxonomy":"product_cat","embeddable":true,"href":"https:\/\/mjerna-tehnika.ba\/bs\/index.php?rest_route=%2Fwp%2Fv2%2Fproduct_cat&post=835"},{"taxonomy":"product_tag","embeddable":true,"href":"https:\/\/mjerna-tehnika.ba\/bs\/index.php?rest_route=%2Fwp%2Fv2%2Fproduct_tag&post=835"}],"curies":[{"name":"wp","href":"https:\/\/api.w.org\/{rel}","templated":true}]}}