{"id":793,"date":"2016-11-25T10:51:57","date_gmt":"2016-11-25T10:51:57","guid":{"rendered":"https:\/\/mjerna-tehnika.ba\/bs\/?post_type=product&#038;p=793"},"modified":"2018-11-27T14:57:08","modified_gmt":"2018-11-27T14:57:08","slug":"datalogger-za-temperaturu-log32t-31-1055","status":"publish","type":"product","link":"https:\/\/mjerna-tehnika.ba\/bs\/?product=datalogger-za-temperaturu-log32t-31-1055","title":{"rendered":"Datalogger za temperaturu LOG32T, 31.1055"},"content":{"rendered":"<p>Za kontrolu temperatute\u00a0 u skladi\u0161tima, prevoznim sredstvima, kontejnerima,.. Ta\u010dnost zavisi od mjernog podru\u010dja (\u00b1 0.5\u00b0C), status i alarm LED, memorija za 60.000 podataka, programibilan inerval prenosa podataka (od 30sek do 24 sata), mo\u017ee se koristiti bez software-a (prethodno je programiran), automatski output kao PDF file, USB port, dr\u017ea\u010d<\/p>\n<ul>\n<li>\u00a0Mjerno podru\u010dje: T: -40&#8230;+70\u00b0C (-40&#8230;+158\u00b0F)<\/li>\n<li>Dimenzije: 22 (30)\u00a0x\u00a021 (28)\u00a0x\u00a0102 mm,<\/li>\n<li>Te\u017eina: 32 g,<\/li>\n<li>Baterija uklju\u010dena u isporuku: 1x 3,6V 1\/2 AA<\/li>\n<\/ul>\n","protected":false},"excerpt":{"rendered":"<p>&nbsp;<\/p>\n<ul>\n<li>Mjerno podru\u010dje: T: -40&#8230;+70\u00b0C (-40&#8230;+158\u00b0F)<\/li>\n<li>Dimenzije: 22 (30)\u00a0x\u00a021 (28)\u00a0x\u00a0102 mm,<\/li>\n<li>Te\u017eina: 32 g,<\/li>\n<li>Baterija uklju\u010dena u isporuku: 1x 3,6V 1\/2 AA<\/li>\n<\/ul>\n<p>Download:\u00a0 <a href=\"https:\/\/mjerna-tehnika.ba\/bs\/wp-content\/uploads\/Dataloggeri_LOG32T_LOG32TH_LOG32THP.pdf\">dataloggeri_log32t_log32th_log32thp<\/a><\/p>\n<p>&nbsp;<\/p>\n","protected":false},"featured_media":795,"comment_status":"open","ping_status":"closed","template":"","meta":{"_uf_show_specific_survey":0,"_uf_disable_surveys":false},"product_brand":[],"product_cat":[42,40],"product_tag":[],"class_list":{"0":"post-793","1":"product","2":"type-product","3":"status-publish","4":"has-post-thumbnail","6":"product_cat-dataloggeri","7":"product_cat-termometri","9":"first","10":"instock","11":"taxable","12":"shipping-taxable","13":"purchasable","14":"product-type-simple"},"aioseo_notices":[],"_links":{"self":[{"href":"https:\/\/mjerna-tehnika.ba\/bs\/index.php?rest_route=\/wp\/v2\/product\/793","targetHints":{"allow":["GET"]}}],"collection":[{"href":"https:\/\/mjerna-tehnika.ba\/bs\/index.php?rest_route=\/wp\/v2\/product"}],"about":[{"href":"https:\/\/mjerna-tehnika.ba\/bs\/index.php?rest_route=\/wp\/v2\/types\/product"}],"replies":[{"embeddable":true,"href":"https:\/\/mjerna-tehnika.ba\/bs\/index.php?rest_route=%2Fwp%2Fv2%2Fcomments&post=793"}],"wp:featuredmedia":[{"embeddable":true,"href":"https:\/\/mjerna-tehnika.ba\/bs\/index.php?rest_route=\/wp\/v2\/media\/795"}],"wp:attachment":[{"href":"https:\/\/mjerna-tehnika.ba\/bs\/index.php?rest_route=%2Fwp%2Fv2%2Fmedia&parent=793"}],"wp:term":[{"taxonomy":"product_brand","embeddable":true,"href":"https:\/\/mjerna-tehnika.ba\/bs\/index.php?rest_route=%2Fwp%2Fv2%2Fproduct_brand&post=793"},{"taxonomy":"product_cat","embeddable":true,"href":"https:\/\/mjerna-tehnika.ba\/bs\/index.php?rest_route=%2Fwp%2Fv2%2Fproduct_cat&post=793"},{"taxonomy":"product_tag","embeddable":true,"href":"https:\/\/mjerna-tehnika.ba\/bs\/index.php?rest_route=%2Fwp%2Fv2%2Fproduct_tag&post=793"}],"curies":[{"name":"wp","href":"https:\/\/api.w.org\/{rel}","templated":true}]}}