{"id":788,"date":"2016-11-25T10:33:47","date_gmt":"2016-11-25T10:33:47","guid":{"rendered":"https:\/\/mjerna-tehnika.ba\/bs\/?post_type=product&#038;p=788"},"modified":"2018-10-25T13:32:23","modified_gmt":"2018-10-25T13:32:23","slug":"infracrveni-termometar-pce-mf1","status":"publish","type":"product","link":"https:\/\/mjerna-tehnika.ba\/bs\/?product=infracrveni-termometar-pce-mf1","title":{"rendered":"Infracrveni termometar PCE-MF1"},"content":{"rendered":"<p style=\"text-align: justify;\"><span id=\"result_box\" lang=\"hr\"><span title=\"\">Jednostavan i prakti\u010dan\u00a0 mini-infracrveni toplomjer za mjerenje bez kontakta povr\u0161inske temperature. <\/span><span title=\"\">Mini-infracrveni termometar posjeduje prikaz trenutne temperature, minimalne i maksimalne temperature tokom mjerenja. <\/span><span title=\"\">Omogu\u0107ava Vam beskontaktno mjerenje povr\u0161inske temperature u opasnim podru\u010djima, kod vru\u0107ih predmeta ili te\u0161ko dostupnih predmeta. <\/span><span title=\"\">Primjene su gotovo neograni\u010dene. <\/span><span title=\"\">Dakle, ovaj mini-infracrveni termometar ima primjenu npr kod kontrole grijanja i klimatizacije, podnog grijanja, za otkrivanje \u017eari\u0161ta u elektri\u010dnim sistemima, itd. <\/span><span title=\"\">Vrijednost emisije je 0,95\u00a0 i pokriva 90% svih povr\u0161ina za mjerenje temperature. <\/span><\/span><\/p>\n","protected":false},"excerpt":{"rendered":"<h4>Mini infracrveni termometar s mjernim podru\u010djem od -35 &#8230; 250 \u00b0C<\/h4>\n","protected":false},"featured_media":493,"comment_status":"open","ping_status":"closed","template":"","meta":{"_uf_show_specific_survey":0,"_uf_disable_surveys":false},"product_brand":[],"product_cat":[41,40],"product_tag":[],"class_list":{"0":"post-788","1":"product","2":"type-product","3":"status-publish","4":"has-post-thumbnail","6":"product_cat-infracrveni-termometri","7":"product_cat-termometri","9":"first","10":"instock","11":"taxable","12":"shipping-taxable","13":"purchasable","14":"product-type-simple"},"aioseo_notices":[],"_links":{"self":[{"href":"https:\/\/mjerna-tehnika.ba\/bs\/index.php?rest_route=\/wp\/v2\/product\/788","targetHints":{"allow":["GET"]}}],"collection":[{"href":"https:\/\/mjerna-tehnika.ba\/bs\/index.php?rest_route=\/wp\/v2\/product"}],"about":[{"href":"https:\/\/mjerna-tehnika.ba\/bs\/index.php?rest_route=\/wp\/v2\/types\/product"}],"replies":[{"embeddable":true,"href":"https:\/\/mjerna-tehnika.ba\/bs\/index.php?rest_route=%2Fwp%2Fv2%2Fcomments&post=788"}],"wp:featuredmedia":[{"embeddable":true,"href":"https:\/\/mjerna-tehnika.ba\/bs\/index.php?rest_route=\/wp\/v2\/media\/493"}],"wp:attachment":[{"href":"https:\/\/mjerna-tehnika.ba\/bs\/index.php?rest_route=%2Fwp%2Fv2%2Fmedia&parent=788"}],"wp:term":[{"taxonomy":"product_brand","embeddable":true,"href":"https:\/\/mjerna-tehnika.ba\/bs\/index.php?rest_route=%2Fwp%2Fv2%2Fproduct_brand&post=788"},{"taxonomy":"product_cat","embeddable":true,"href":"https:\/\/mjerna-tehnika.ba\/bs\/index.php?rest_route=%2Fwp%2Fv2%2Fproduct_cat&post=788"},{"taxonomy":"product_tag","embeddable":true,"href":"https:\/\/mjerna-tehnika.ba\/bs\/index.php?rest_route=%2Fwp%2Fv2%2Fproduct_tag&post=788"}],"curies":[{"name":"wp","href":"https:\/\/api.w.org\/{rel}","templated":true}]}}