{"id":748,"date":"2016-11-24T08:29:05","date_gmt":"2016-11-24T08:29:05","guid":{"rendered":"https:\/\/mjerna-tehnika.ba\/bs\/?post_type=product&#038;p=748"},"modified":"2018-10-25T13:38:28","modified_gmt":"2018-10-25T13:38:28","slug":"ubodni-i-infracrveni-termometar-dualtemp-pro-31-1119","status":"publish","type":"product","link":"https:\/\/mjerna-tehnika.ba\/bs\/?product=ubodni-i-infracrveni-termometar-dualtemp-pro-31-1119","title":{"rendered":"Ubodni i infracrveni termometar DualTEMP PRO, 31.1119"},"content":{"rendered":"<p>&nbsp;<\/p>\n<ul>\n<li><span id=\"result_box\" lang=\"hr\"><span title=\"\">Kombinovani beskontaktni i kontaktni mjera\u010d temperature u jednom instrumentu<br \/>\n<\/span><\/span><\/li>\n<li><span id=\"result_box\" lang=\"hr\"> <span title=\"\">\u0160iroko mjerno podru\u010dje <\/span><\/span><span style=\"font-family: Arial; font-size: small;\">-33 &#8230; +220 \u00b0C odnosno <\/span><span style=\"font-family: Arial; font-size: small;\">-55 &#8230; +330 \u00b0C<\/span><\/li>\n<li><span id=\"result_box\" lang=\"hr\"><span title=\"\">Pogodan za za upotrebu u prehrambenoj industriji HACCP<br \/>\n<\/span><\/span><\/li>\n<li><span id=\"result_box\" lang=\"hr\"> <span title=\"\">Emisivnost podesivo<br \/>\n<\/span><\/span><\/li>\n<li><span id=\"result_box\" lang=\"hr\"> <span title=\"\">Kratko vrijeme odziva<br \/>\n<\/span><\/span><\/li>\n<li><span id=\"result_box\" lang=\"hr\"> <span title=\"\">Podaci u memoriji (min. \/ max.)<br \/>\n<\/span><\/span><\/li>\n<li><span id=\"result_box\" lang=\"hr\"> <span title=\"\">Funkcija kontinuiranog mjerenja<br \/>\n<\/span><\/span><\/li>\n<li><span id=\"result_box\" lang=\"hr\"> <span title=\"\">ISO kalibracija opcionalno<\/span><span title=\"\"><br \/>\n<\/span><\/span><\/li>\n<li><span id=\"result_box\" lang=\"hr\"> <span title=\"\">Vodootporan, jednostavno higijensk0 \u010di\u0161\u0107enje (ru\u010dno perivo ku\u0107i\u0161te)<\/span><\/span><\/li>\n<\/ul>\n<p>&nbsp;<\/p>\n","protected":false},"excerpt":{"rendered":"<p>&nbsp;<\/p>\n<ul>\n<li><span id=\"result_box\" lang=\"hr\"><span title=\"\">Kombinovani beskontaktni i kontaktni mjera\u010d temperature u jednom instrumentu<br \/>\n<\/span><\/span><\/li>\n<li><span id=\"result_box\" lang=\"hr\"> <span title=\"\">\u0160iroko mjerno podru\u010dje <\/span><\/span><span style=\"font-family: Arial; font-size: small;\">-33 &#8230; +220 \u00b0C odnosno <\/span><span style=\"font-family: Arial; font-size: small;\">-55 &#8230; +330 \u00b0C<\/span><\/li>\n<li><span id=\"result_box\" lang=\"hr\"><span title=\"\">Pogodan za za upotrebu u prehrambenoj industriji HACCP<br \/>\n<\/span><\/span><\/li>\n<li><span id=\"result_box\" lang=\"hr\"> <span title=\"\">Emisivnost podesivo<br \/>\n<\/span><\/span><\/li>\n<li><span id=\"result_box\" lang=\"hr\"> <span title=\"\">Kratko vrijeme odziva<br \/>\n<\/span><\/span><\/li>\n<li><span id=\"result_box\" lang=\"hr\"> <span title=\"\">Podaci u memoriji (min. \/ max.)<br \/>\n<\/span><\/span><span id=\"result_box\" lang=\"hr\"><span title=\"\">Download: <a href=\"https:\/\/mjerna-tehnika.ba\/bs\/wp-content\/uploads\/woocommerce_uploads\/TERMOMETRI-SA-SONDOM.pdf\">termometri-sa-sondom<\/a><\/span><\/span><\/li>\n<\/ul>\n<p>&nbsp;<\/p>\n","protected":false},"featured_media":492,"comment_status":"open","ping_status":"closed","template":"","meta":{"_uf_show_specific_survey":0,"_uf_disable_surveys":false},"product_brand":[],"product_cat":[41,50,40],"product_tag":[],"class_list":{"0":"post-748","1":"product","2":"type-product","3":"status-publish","4":"has-post-thumbnail","6":"product_cat-infracrveni-termometri","7":"product_cat-kontaktni-termometari","8":"product_cat-termometri","10":"first","11":"instock","12":"downloadable","13":"taxable","14":"shipping-taxable","15":"purchasable","16":"product-type-simple"},"aioseo_notices":[],"_links":{"self":[{"href":"https:\/\/mjerna-tehnika.ba\/bs\/index.php?rest_route=\/wp\/v2\/product\/748","targetHints":{"allow":["GET"]}}],"collection":[{"href":"https:\/\/mjerna-tehnika.ba\/bs\/index.php?rest_route=\/wp\/v2\/product"}],"about":[{"href":"https:\/\/mjerna-tehnika.ba\/bs\/index.php?rest_route=\/wp\/v2\/types\/product"}],"replies":[{"embeddable":true,"href":"https:\/\/mjerna-tehnika.ba\/bs\/index.php?rest_route=%2Fwp%2Fv2%2Fcomments&post=748"}],"wp:featuredmedia":[{"embeddable":true,"href":"https:\/\/mjerna-tehnika.ba\/bs\/index.php?rest_route=\/wp\/v2\/media\/492"}],"wp:attachment":[{"href":"https:\/\/mjerna-tehnika.ba\/bs\/index.php?rest_route=%2Fwp%2Fv2%2Fmedia&parent=748"}],"wp:term":[{"taxonomy":"product_brand","embeddable":true,"href":"https:\/\/mjerna-tehnika.ba\/bs\/index.php?rest_route=%2Fwp%2Fv2%2Fproduct_brand&post=748"},{"taxonomy":"product_cat","embeddable":true,"href":"https:\/\/mjerna-tehnika.ba\/bs\/index.php?rest_route=%2Fwp%2Fv2%2Fproduct_cat&post=748"},{"taxonomy":"product_tag","embeddable":true,"href":"https:\/\/mjerna-tehnika.ba\/bs\/index.php?rest_route=%2Fwp%2Fv2%2Fproduct_tag&post=748"}],"curies":[{"name":"wp","href":"https:\/\/api.w.org\/{rel}","templated":true}]}}