{"id":743,"date":"2016-11-24T08:17:21","date_gmt":"2016-11-24T08:17:21","guid":{"rendered":"https:\/\/mjerna-tehnika.ba\/bs\/product\/digitalni-ubodni-termometar-tfa-30-1033\/"},"modified":"2018-10-25T13:39:16","modified_gmt":"2018-10-25T13:39:16","slug":"digitalni-ubodni-termometar-tfa-30-1033","status":"publish","type":"product","link":"https:\/\/mjerna-tehnika.ba\/bs\/?product=digitalni-ubodni-termometar-tfa-30-1033","title":{"rendered":"Digitalni ubodni termometar TFA, 30.1033"},"content":{"rendered":"<p>Termometar sa eksternom sondom, mjerno podru\u010dje -40&#8230;+200\u00b0C, prikaz trenutne, najve\u0107e i najmanje temperature, opti\u010dki i akusti\u010dni alarm sa podesivim grani\u010dnom vrijednostima (donja i gornja granica)<\/p>\n<ul>\n<li>Za\u0161tita IP65<\/li>\n<li>Ta\u010dnost: \u00b10.5\u00b0C na 0\u202650\u00b0C, \u00b11\u00b0C na -20\u20260\u00b0C, 51\u202670\u00b0C, \u00b12\u00b0C na -40\u2026-20\u00b0C, 70..200\u00b0C<\/li>\n<li>Sa magnetom<\/li>\n<li>Mjerno podru\u010dje:\u00a0 -40&#8230;+200\u00b0C<\/li>\n<\/ul>\n","protected":false},"excerpt":{"rendered":"<p>Termometar sa eksternom sondom, mjerno podru\u010dje -40&#8230;+200\u00b0C, prikaz trenutne, najve\u0107e i najmanje temperature, opti\u010dki i akusti\u010dni alarm sa podesivim grani\u010dnom vrijednostima (donja i gornja granica)<\/p>\n<p>Download:<\/p>\n<p><a href=\"https:\/\/mjerna-tehnika.ba\/bs\/wp-content\/uploads\/woocommerce_uploads\/Termometar-sa-sondom-TFA_30.1033_30.1034.pdf\">\u00a0termometar-sa-sondom-tfa_30-1033_30-1034<\/a><\/p>\n<p>&nbsp;<\/p>\n","protected":false},"featured_media":745,"comment_status":"open","ping_status":"closed","template":"","meta":{"_uf_show_specific_survey":0,"_uf_disable_surveys":false},"product_brand":[],"product_cat":[50,40],"product_tag":[],"class_list":{"0":"post-743","1":"product","2":"type-product","3":"status-publish","4":"has-post-thumbnail","6":"product_cat-kontaktni-termometari","7":"product_cat-termometri","9":"first","10":"instock","11":"downloadable","12":"taxable","13":"shipping-taxable","14":"purchasable","15":"product-type-simple"},"aioseo_notices":[],"_links":{"self":[{"href":"https:\/\/mjerna-tehnika.ba\/bs\/index.php?rest_route=\/wp\/v2\/product\/743","targetHints":{"allow":["GET"]}}],"collection":[{"href":"https:\/\/mjerna-tehnika.ba\/bs\/index.php?rest_route=\/wp\/v2\/product"}],"about":[{"href":"https:\/\/mjerna-tehnika.ba\/bs\/index.php?rest_route=\/wp\/v2\/types\/product"}],"replies":[{"embeddable":true,"href":"https:\/\/mjerna-tehnika.ba\/bs\/index.php?rest_route=%2Fwp%2Fv2%2Fcomments&post=743"}],"wp:featuredmedia":[{"embeddable":true,"href":"https:\/\/mjerna-tehnika.ba\/bs\/index.php?rest_route=\/wp\/v2\/media\/745"}],"wp:attachment":[{"href":"https:\/\/mjerna-tehnika.ba\/bs\/index.php?rest_route=%2Fwp%2Fv2%2Fmedia&parent=743"}],"wp:term":[{"taxonomy":"product_brand","embeddable":true,"href":"https:\/\/mjerna-tehnika.ba\/bs\/index.php?rest_route=%2Fwp%2Fv2%2Fproduct_brand&post=743"},{"taxonomy":"product_cat","embeddable":true,"href":"https:\/\/mjerna-tehnika.ba\/bs\/index.php?rest_route=%2Fwp%2Fv2%2Fproduct_cat&post=743"},{"taxonomy":"product_tag","embeddable":true,"href":"https:\/\/mjerna-tehnika.ba\/bs\/index.php?rest_route=%2Fwp%2Fv2%2Fproduct_tag&post=743"}],"curies":[{"name":"wp","href":"https:\/\/api.w.org\/{rel}","templated":true}]}}