{"id":726,"date":"2016-11-20T15:12:01","date_gmt":"2016-11-20T15:12:01","guid":{"rendered":"https:\/\/mjerna-tehnika.ba\/bs\/?post_type=product&#038;p=726"},"modified":"2025-01-06T09:10:07","modified_gmt":"2025-01-06T09:10:07","slug":"mjerac-debljine-nanosa-pce-ct-60","status":"publish","type":"product","link":"https:\/\/mjerna-tehnika.ba\/bs\/?product=mjerac-debljine-nanosa-pce-ct-60","title":{"rendered":"Mjera\u010d debljine nanosa BB20"},"content":{"rendered":"<p>&nbsp;<\/p>\n<ul>\n<li><span id=\"result_box\" lang=\"hr\"><span class=\"hps\">F \/<\/span> <span class=\"hps\">N:<\/span> <span class=\"hps\">Dual senzor za mjerenje svih nemagnetnih prevlaka na magnetnim i nemagnetnim materijalima, <\/span><span class=\"hps\">kao \u0161to su<\/span> <span class=\"hps\">\u017eeljezo, \u010delik,<\/span><span class=\"hps\">aluminij,&#8230;<\/span><\/span><\/li>\n<li><span id=\"result_box\" lang=\"hr\"><span class=\"hps\">M<\/span><span class=\"hps\">jerno podru\u010dje<\/span><\/span>: 0 &#8230; 1250 \u00b5m<\/li>\n<li>Ta\u010dnost: \u00b1 3 %\u00a0 +1 \u00b5m<\/li>\n<li><span id=\"result_box\" lang=\"hr\"><span class=\"hps\">Bez uticaja vibracija na mjerenje<\/span><\/span><\/li>\n<li><span id=\"result_box\" lang=\"hr\"><span class=\"hps\">Dva<\/span> <span class=\"hps\">na\u010dina rada<\/span> <span class=\"hps\">(individualni<\/span> <span class=\"hps\">ili<\/span> kontinuirani<span class=\"hps\">)<\/span><\/span><\/li>\n<li><span id=\"result_box\" lang=\"hr\"><span class=\"hps\">Prakti\u010dan<\/span> <span class=\"hps\">V<\/span>-utor <span class=\"hps\">na<\/span> <span class=\"hps\">senzorima<\/span> <span class=\"hps\">olak\u0161ava<\/span> <span class=\"hps\">mjerenje<\/span> <span class=\"hps\">okruglih<\/span> <span class=\"hps\">objekata<\/span><\/span><\/li>\n<li><span id=\"result_box\" lang=\"hr\"><span class=\"hps\">Alarm<\/span> <span class=\"hps\">funkcija,<\/span> <span class=\"hps\">osvijetljen zaslon<\/span>, automatsko <span class=\"hps\">isklju\u010divanje<\/span>,<span class=\"hps\">maksimum, minimum<\/span>, <span class=\"hps\">prosjek,<\/span> <span class=\"hps\">dvije ta\u010dke kalibracije za ta\u010dnije mjerenje<br \/>\n<\/span><\/span><\/li>\n<li><span lang=\"hr\"><span class=\"hps\">Memorija za 400 mjerenja<\/span><\/span><\/li>\n<li><span lang=\"hr\"><span class=\"hps\">Interface: USB<\/span><\/span><\/li>\n<li><span lang=\"hr\"><span class=\"hps\">Napajanje: <\/span><\/span>2 x 1,5 V AAA\u00a0 baterije<\/li>\n<li>U isporuku je uklju\u010deno: baterije, kalibracijski standardi, USB kabal, software, kofer, uputstvo<\/li>\n<\/ul>\n","protected":false},"excerpt":{"rendered":"<p>Mjeri debljinu boje na magnetnim i nemagnetnim materijalima\u00a0 kao \u0161to su \u017eeljezo, \u010delik, aluminij, bakar, mjed i nehr\u0111aju\u0107i \u010delik<\/p>\n<p>Mjeri nanos boje, laka, hroma, cinka,&#8230;<br \/>\nMjerno podru\u010dje: 0 &#8230; 1250 \u00b5m<\/p>\n","protected":false},"featured_media":1020,"comment_status":"open","ping_status":"closed","template":"","meta":{"_uf_show_specific_survey":0,"_uf_disable_surveys":false},"product_brand":[],"product_cat":[76,39],"product_tag":[],"class_list":{"0":"post-726","1":"product","2":"type-product","3":"status-publish","4":"has-post-thumbnail","6":"product_cat-ispitivanje-materijala","7":"product_cat-mjeraci-debljine-nanosa-boje","9":"first","10":"instock","11":"taxable","12":"shipping-taxable","13":"purchasable","14":"product-type-simple"},"aioseo_notices":[],"_links":{"self":[{"href":"https:\/\/mjerna-tehnika.ba\/bs\/index.php?rest_route=\/wp\/v2\/product\/726","targetHints":{"allow":["GET"]}}],"collection":[{"href":"https:\/\/mjerna-tehnika.ba\/bs\/index.php?rest_route=\/wp\/v2\/product"}],"about":[{"href":"https:\/\/mjerna-tehnika.ba\/bs\/index.php?rest_route=\/wp\/v2\/types\/product"}],"replies":[{"embeddable":true,"href":"https:\/\/mjerna-tehnika.ba\/bs\/index.php?rest_route=%2Fwp%2Fv2%2Fcomments&post=726"}],"wp:featuredmedia":[{"embeddable":true,"href":"https:\/\/mjerna-tehnika.ba\/bs\/index.php?rest_route=\/wp\/v2\/media\/1020"}],"wp:attachment":[{"href":"https:\/\/mjerna-tehnika.ba\/bs\/index.php?rest_route=%2Fwp%2Fv2%2Fmedia&parent=726"}],"wp:term":[{"taxonomy":"product_brand","embeddable":true,"href":"https:\/\/mjerna-tehnika.ba\/bs\/index.php?rest_route=%2Fwp%2Fv2%2Fproduct_brand&post=726"},{"taxonomy":"product_cat","embeddable":true,"href":"https:\/\/mjerna-tehnika.ba\/bs\/index.php?rest_route=%2Fwp%2Fv2%2Fproduct_cat&post=726"},{"taxonomy":"product_tag","embeddable":true,"href":"https:\/\/mjerna-tehnika.ba\/bs\/index.php?rest_route=%2Fwp%2Fv2%2Fproduct_tag&post=726"}],"curies":[{"name":"wp","href":"https:\/\/api.w.org\/{rel}","templated":true}]}}