{"id":721,"date":"2016-11-20T15:02:26","date_gmt":"2016-11-20T15:02:26","guid":{"rendered":"https:\/\/mjerna-tehnika.ba\/bs\/?post_type=product&#038;p=721"},"modified":"2023-11-09T14:37:16","modified_gmt":"2023-11-09T14:37:16","slug":"mjerac-debljine-nanosa-pce-ct-25","status":"publish","type":"product","link":"https:\/\/mjerna-tehnika.ba\/bs\/?product=mjerac-debljine-nanosa-pce-ct-25","title":{"rendered":"Mjera\u010d debljine nanosa PCE-CT 25FN"},"content":{"rendered":"<p style=\"text-align: justify;\">Mjera\u010d debljine laka slu\u017ei za brzo mjerenje debljine laka-boje na metalnim\u00a0 materijalima, kao \u010delik, \u017eeljezo, aluminijum. Trgovci automobilima naro\u010dito cijene ovaj ure\u0111aj za prepoznavanje npr. \u0161tete na vozilima (debljina laka tj. debljina nanosa kita otkrivaju otklonjena o\u0161te\u0107enja). Tester je vrlo jednostavan za poslu\u017eivanje: uklju\u010diti, sondu postaviti na \u017eeljeno mjesto i na display-u o\u010ditati debljinu laka (ili nane\u0161ene mase). Ure\u0111aj Vam poma\u017ee da vrlo jednostavno prepoznate i dobro obra\u0111ena o\u0161te\u0107enja i prelakirana mjesta na autu. Ovo je vrlo korisna pomo\u0107 pri odluci o kupnji vozila i pregovaranju o cijeni.<\/p>\n<p>Mjerno podru\u010dje: 0 &#8230; 1500 \u00b5m<br \/>\nRezolucija: 0,1 \u00b5m<br \/>\nTa\u010dnost: \u00b13 % +1 \u00b5m<br \/>\nNapajanje: 1 x 9 V blok baterija<\/p>\n","protected":false},"excerpt":{"rendered":"<p>Za\u00a0 mjerenje debljine laka-boje-nanosa na metalnim\u00a0 materijalima, kao \u010delik, \u017eeljezo, aluminijum<\/p>\n<p>Mjerno podru\u010dje: 0 &#8230; 1500 \u00b5m<br \/>\nRezolucija: 0,1 \u00b5m<br \/>\nTa\u010dnost: \u00b13 % +1 \u00b5m<br \/>\nNapajanje: 1 x 9 V blok baterija<\/p>\n","protected":false},"featured_media":2077,"comment_status":"open","ping_status":"closed","template":"","meta":{"_uf_show_specific_survey":0,"_uf_disable_surveys":false},"product_brand":[],"product_cat":[76,39],"product_tag":[],"class_list":{"0":"post-721","1":"product","2":"type-product","3":"status-publish","4":"has-post-thumbnail","6":"product_cat-ispitivanje-materijala","7":"product_cat-mjeraci-debljine-nanosa-boje","9":"first","10":"instock","11":"taxable","12":"shipping-taxable","13":"purchasable","14":"product-type-simple"},"aioseo_notices":[],"_links":{"self":[{"href":"https:\/\/mjerna-tehnika.ba\/bs\/index.php?rest_route=\/wp\/v2\/product\/721","targetHints":{"allow":["GET"]}}],"collection":[{"href":"https:\/\/mjerna-tehnika.ba\/bs\/index.php?rest_route=\/wp\/v2\/product"}],"about":[{"href":"https:\/\/mjerna-tehnika.ba\/bs\/index.php?rest_route=\/wp\/v2\/types\/product"}],"replies":[{"embeddable":true,"href":"https:\/\/mjerna-tehnika.ba\/bs\/index.php?rest_route=%2Fwp%2Fv2%2Fcomments&post=721"}],"wp:featuredmedia":[{"embeddable":true,"href":"https:\/\/mjerna-tehnika.ba\/bs\/index.php?rest_route=\/wp\/v2\/media\/2077"}],"wp:attachment":[{"href":"https:\/\/mjerna-tehnika.ba\/bs\/index.php?rest_route=%2Fwp%2Fv2%2Fmedia&parent=721"}],"wp:term":[{"taxonomy":"product_brand","embeddable":true,"href":"https:\/\/mjerna-tehnika.ba\/bs\/index.php?rest_route=%2Fwp%2Fv2%2Fproduct_brand&post=721"},{"taxonomy":"product_cat","embeddable":true,"href":"https:\/\/mjerna-tehnika.ba\/bs\/index.php?rest_route=%2Fwp%2Fv2%2Fproduct_cat&post=721"},{"taxonomy":"product_tag","embeddable":true,"href":"https:\/\/mjerna-tehnika.ba\/bs\/index.php?rest_route=%2Fwp%2Fv2%2Fproduct_tag&post=721"}],"curies":[{"name":"wp","href":"https:\/\/api.w.org\/{rel}","templated":true}]}}