{"id":709,"date":"2016-11-20T13:03:32","date_gmt":"2016-11-20T13:03:32","guid":{"rendered":"https:\/\/mjerna-tehnika.ba\/bs\/product\/mjerac-broja-okretaja-pce-t236\/"},"modified":"2022-09-02T06:24:23","modified_gmt":"2022-09-02T06:24:23","slug":"mjerac-broja-okretaja-pce-t236","status":"publish","type":"product","link":"https:\/\/mjerna-tehnika.ba\/bs\/?product=mjerac-broja-okretaja-pce-t236","title":{"rendered":"Mjera\u010d broja okretaja PCE-T237"},"content":{"rendered":"<p><span lang=\"DE\">Digitalni ru\u010dni tahometar T-237 podoban naro\u010dito za mjerenje broja okretaja i brzina na rotiraju\u0107im ma\u0161inama i postrojenjima (na transportnim trakama, motorima &#8230;). Mjeri se bezkontaktno pomo\u0107u reflektiraju\u0107e markice, koja je nalijepljena na rotiraju\u0107i objekat ili pomo\u0107u jednog od isporu\u010denih mehani\u010dkih adaptera. Ru\u010dni tahometar sadr\u017ei preklopnik za \u010detiri mjerna podru\u010dja i preklopnik<\/span>\u00a0 <span lang=\"DE\"> za min. ili max. memoriju.<\/span><\/p>\n<p><strong><span lang=\"DE\">Karakteristike:<\/span><\/strong><\/p>\n<ul>\n<li><span lang=\"DE\"> Ru\u010dni tahometar mjeri opti\u010dkim principom,<br \/>\n<\/span><span lang=\"DE\">bezdodirno pomo\u0107u reflektuju\u0107e trake (600 mm)<\/span><\/li>\n<li><span lang=\"DE\"> Kontaktno mjerenje U\/min pomo\u0107u adaptera\u00a0<\/span><\/li>\n<li><span lang=\"DE\"> Kontaktno mjerenje m\/min pomo\u0107u to\u010dka<\/span><\/li>\n<li><span lang=\"DE\"> Robustno ABS-sinteti\u010dko ku\u010di\u0161te<\/span><\/li>\n<li><span lang=\"DE\"> 5-znamenkasti, 10 mm visoki, LCD-prikaz okre\u0107e<br \/>\n<\/span><span lang=\"DE\">se za 180 \u00b0 ovisno o principu mjerenja (dodirno i bezdodirno)<\/span><\/li>\n<li><span lang=\"DE\">Memorija zadnje, min. i max. vrijednosti<\/span><\/li>\n<li><span lang=\"DE\"> Mjerni adapteri se isporu\u010duju pojedina\u010dno kao<\/span> <span lang=\"DE\">rezervni dijelovi<\/span><\/li>\n<li>Mjerno podru\u010dje: 5 &#8230; 99999 U\/min (bezkontaktno mjerenje))<br \/>\n0,5 &#8230; 19999 U\/min (kontaktno mjerenje)<br \/>\n0,05 &#8230; 1999 m\/mim (kontaktno mjerenje)<br \/>\n0,2 &#8230; 6560 ft\/min (kontaktno mjerenje)<\/li>\n<\/ul>\n","protected":false},"excerpt":{"rendered":"<h4>Za kontaktno i beskontaktno mjerenje broja okretaja<\/h4>\n<p>Mjerno podru\u010dje:<\/p>\n<p>5 &#8230; 99999 U\/min (bezkontaktno-opti\u010dko mjerenje)<br \/>\n0,5 &#8230; 19999 U\/min (kontaktno mjerenje)<br \/>\n0,05 &#8230; 1999 m\/mim (kontaktno mjerenje)<br \/>\n0,2 &#8230; 6560 ft\/min (kontaktno mjerenje)<\/p>\n","protected":false},"featured_media":710,"comment_status":"open","ping_status":"closed","template":"","meta":{"_uf_show_specific_survey":0,"_uf_disable_surveys":false},"product_brand":[],"product_cat":[37],"product_tag":[],"class_list":{"0":"post-709","1":"product","2":"type-product","3":"status-publish","4":"has-post-thumbnail","6":"product_cat-tahometri","8":"first","9":"instock","10":"taxable","11":"shipping-taxable","12":"purchasable","13":"product-type-simple"},"aioseo_notices":[],"_links":{"self":[{"href":"https:\/\/mjerna-tehnika.ba\/bs\/index.php?rest_route=\/wp\/v2\/product\/709","targetHints":{"allow":["GET"]}}],"collection":[{"href":"https:\/\/mjerna-tehnika.ba\/bs\/index.php?rest_route=\/wp\/v2\/product"}],"about":[{"href":"https:\/\/mjerna-tehnika.ba\/bs\/index.php?rest_route=\/wp\/v2\/types\/product"}],"replies":[{"embeddable":true,"href":"https:\/\/mjerna-tehnika.ba\/bs\/index.php?rest_route=%2Fwp%2Fv2%2Fcomments&post=709"}],"wp:featuredmedia":[{"embeddable":true,"href":"https:\/\/mjerna-tehnika.ba\/bs\/index.php?rest_route=\/wp\/v2\/media\/710"}],"wp:attachment":[{"href":"https:\/\/mjerna-tehnika.ba\/bs\/index.php?rest_route=%2Fwp%2Fv2%2Fmedia&parent=709"}],"wp:term":[{"taxonomy":"product_brand","embeddable":true,"href":"https:\/\/mjerna-tehnika.ba\/bs\/index.php?rest_route=%2Fwp%2Fv2%2Fproduct_brand&post=709"},{"taxonomy":"product_cat","embeddable":true,"href":"https:\/\/mjerna-tehnika.ba\/bs\/index.php?rest_route=%2Fwp%2Fv2%2Fproduct_cat&post=709"},{"taxonomy":"product_tag","embeddable":true,"href":"https:\/\/mjerna-tehnika.ba\/bs\/index.php?rest_route=%2Fwp%2Fv2%2Fproduct_tag&post=709"}],"curies":[{"name":"wp","href":"https:\/\/api.w.org\/{rel}","templated":true}]}}