{"id":701,"date":"2016-11-20T12:57:05","date_gmt":"2016-11-20T12:57:05","guid":{"rendered":"https:\/\/mjerna-tehnika.ba\/bs\/product\/mjerac-broja-okretaja-pce-dt-65\/"},"modified":"2025-09-08T12:40:41","modified_gmt":"2025-09-08T12:40:41","slug":"mjerac-broja-okretaja-pce-dt-65","status":"publish","type":"product","link":"https:\/\/mjerna-tehnika.ba\/bs\/?product=mjerac-broja-okretaja-pce-dt-65","title":{"rendered":"Mjera\u010d broja okretaja PCE-DT 65"},"content":{"rendered":"<p>Tahometar za kontaktno i beskontaktno mjerenje broja okretaja. Beskontaktno mjerenje se vr\u0161i pomo\u0107u reflektuju\u0107e trake koja se zalijepi na osovinu. Kontaktno mjerenje se vr\u0161i pomo\u0107u adaptera koji su u okviru isporuke<\/p>\n<p>Tehni\u010dke karakteristike:<\/p>\n<ul>\n<li>Mjerno podru\u010dje laser-opti\u010dko mjerenje: 2 &#8230; 99999 Okr\/min<\/li>\n<li>Mjerno podru\u010dje \/ Rezolucija: 0,1 Okr\/min u podru\u010dju\u00a0 2 &#8230; 9999,99,\u00a0 1 Okr\/min u podru\u010dju 10000 &#8230; 99999,9<\/li>\n<li>Ta\u010dnost: \u00b1 0,05 %\u00a0 +\/- 1 brojka<\/li>\n<li>Mjerno podru\u010dje mehani\u010dko-kontaktno: 2 &#8230; 20000 Okr\/min<\/li>\n<li>Mjerna udaljenost: 50mm do 500mm<\/li>\n<li>Memorija: 10 podataka<\/li>\n<li>Funkcije: broj okretaja (U\/min) mjerenje du\u017eine (m) brzina (m\/min)<\/li>\n<li>Napajanje: 1 x 9V baterija<\/li>\n<\/ul>\n<p>Isporuka uklju\u010duje: Kontaktni mjera\u010d\u00a0 broja okretaja PCE-DT66, kontaktne adaptere, nastavak, baterije, uputstvo<\/p>\n","protected":false},"excerpt":{"rendered":"<h4>Kontaktni i beskontaktni mjera\u010d broja okretaja<\/h4>\n<p>&nbsp;<\/p>\n<ul>\n<li>Mjerno podru\u010dje laser-opti\u010dko mjerenje: 2 &#8230; 99999 Okr\/min<\/li>\n<li>Mjerno podru\u010dje \/ Rezolucija: 0,1 Okr\/min u podru\u010dju\u00a0 2 &#8230; 9999,99,\u00a0 1 Okr\/min u podru\u010dju 10000 &#8230; 99999,9<\/li>\n<li>Ta\u010dnost: \u00b1 0,05 %\u00a0 +\/- 1 brojka<\/li>\n<li>Mjerno podru\u010dje mehani\u010dko-kontaktno: 2 &#8230; 20000 Okr\/min<\/li>\n<li>Mjerna udaljenost: 50mm do 500mm<\/li>\n<\/ul>\n<p>&nbsp;<\/p>\n","protected":false},"featured_media":693,"comment_status":"open","ping_status":"closed","template":"","meta":{"_uf_show_specific_survey":0,"_uf_disable_surveys":false},"product_brand":[],"product_cat":[37],"product_tag":[],"class_list":{"0":"post-701","1":"product","2":"type-product","3":"status-publish","4":"has-post-thumbnail","6":"product_cat-tahometri","8":"first","9":"instock","10":"taxable","11":"shipping-taxable","12":"purchasable","13":"product-type-simple"},"aioseo_notices":[],"_links":{"self":[{"href":"https:\/\/mjerna-tehnika.ba\/bs\/index.php?rest_route=\/wp\/v2\/product\/701","targetHints":{"allow":["GET"]}}],"collection":[{"href":"https:\/\/mjerna-tehnika.ba\/bs\/index.php?rest_route=\/wp\/v2\/product"}],"about":[{"href":"https:\/\/mjerna-tehnika.ba\/bs\/index.php?rest_route=\/wp\/v2\/types\/product"}],"replies":[{"embeddable":true,"href":"https:\/\/mjerna-tehnika.ba\/bs\/index.php?rest_route=%2Fwp%2Fv2%2Fcomments&post=701"}],"wp:featuredmedia":[{"embeddable":true,"href":"https:\/\/mjerna-tehnika.ba\/bs\/index.php?rest_route=\/wp\/v2\/media\/693"}],"wp:attachment":[{"href":"https:\/\/mjerna-tehnika.ba\/bs\/index.php?rest_route=%2Fwp%2Fv2%2Fmedia&parent=701"}],"wp:term":[{"taxonomy":"product_brand","embeddable":true,"href":"https:\/\/mjerna-tehnika.ba\/bs\/index.php?rest_route=%2Fwp%2Fv2%2Fproduct_brand&post=701"},{"taxonomy":"product_cat","embeddable":true,"href":"https:\/\/mjerna-tehnika.ba\/bs\/index.php?rest_route=%2Fwp%2Fv2%2Fproduct_cat&post=701"},{"taxonomy":"product_tag","embeddable":true,"href":"https:\/\/mjerna-tehnika.ba\/bs\/index.php?rest_route=%2Fwp%2Fv2%2Fproduct_tag&post=701"}],"curies":[{"name":"wp","href":"https:\/\/api.w.org\/{rel}","templated":true}]}}