{"id":685,"date":"2016-11-20T12:10:35","date_gmt":"2016-11-20T12:10:35","guid":{"rendered":"https:\/\/mjerna-tehnika.ba\/bs\/product\/refraktometar-pce-oe\/"},"modified":"2021-05-18T13:41:50","modified_gmt":"2021-05-18T13:41:50","slug":"refraktometar-pce-oe","status":"publish","type":"product","link":"https:\/\/mjerna-tehnika.ba\/bs\/?product=refraktometar-pce-oe","title":{"rendered":"Refraktometar RHB-44S za vinare"},"content":{"rendered":"<p style=\"text-align: justify;\"><span style=\"color: #000000;\"><b><span lang=\"DE\">PCE-Oe\u00a0<\/span><\/b> <span lang=\"DE\"><span id=\"result_box\" class=\"\" lang=\"bs\"><span class=\"\">Uz ovaj vinarski refraktometar mo\u017eete odrediti\u00a0 sadr\u017eaj \u0161e\u0107era u mo\u0161tu i na taj na\u010din odrediti potencijalni sadr\u017eaj alkohola u vinu.<\/span><\/span><\/span><\/span><\/p>\n<p>&#8211; Mjerno podru\u010dje: 0 &#8230; 140 \u00b0 Oechsla \/ 0 &#8230; 44% Brix \/ 0..38 KMV Babo<br \/>\n&#8211; Rezolucija: 1 \u00b0 Oechsla; 0,5 Brix; 0,2KMV<br \/>\n&#8211; Ta\u010dnost: \u00b1 1 \u00b0 Oechsla; \u00b1 0,5 Brix; \u00b1 0,2 KMV<span id=\"result_box\" class=\"\" lang=\"bs\"><\/span><\/p>\n","protected":false},"excerpt":{"rendered":"<p style=\"text-align: justify;\">\u00a0<span style=\"color: #000000;\"><span lang=\"DE\"><span id=\"result_box\" class=\"\" lang=\"bs\"><span class=\"\">Uz vinarski refraktometar mo\u017eete odrediti\u00a0 sadr\u017eaj \u0161e\u0107era u mo\u0161tu i na taj na\u010din odrediti potencijalni sadr\u017eaj alkohola u vinu.<\/span><\/span><\/span><\/span><\/p>\n<p>&#8211; Mjerno podru\u010dje: 0 &#8230; 140 \u00b0 Oechsla \/ 0 &#8230; 44% Brix \/ 0..38 KMV Babo<br \/>\n&#8211; Rezolucija: 1 \u00b0 Oechsla; 0,5 Brix; 0,2KMV<br \/>\n&#8211; Ta\u010dnost: \u00b1 1 \u00b0 Oechsla; \u00b1 0,5 Brix; \u00b1 0,2 KMV<\/p>\n","protected":false},"featured_media":671,"comment_status":"open","ping_status":"closed","template":"","meta":{"_uf_show_specific_survey":0,"_uf_disable_surveys":false},"product_brand":[],"product_cat":[36],"product_tag":[],"class_list":{"0":"post-685","1":"product","2":"type-product","3":"status-publish","4":"has-post-thumbnail","6":"product_cat-refraktometri","8":"first","9":"instock","10":"taxable","11":"shipping-taxable","12":"purchasable","13":"product-type-simple"},"aioseo_notices":[],"_links":{"self":[{"href":"https:\/\/mjerna-tehnika.ba\/bs\/index.php?rest_route=\/wp\/v2\/product\/685","targetHints":{"allow":["GET"]}}],"collection":[{"href":"https:\/\/mjerna-tehnika.ba\/bs\/index.php?rest_route=\/wp\/v2\/product"}],"about":[{"href":"https:\/\/mjerna-tehnika.ba\/bs\/index.php?rest_route=\/wp\/v2\/types\/product"}],"replies":[{"embeddable":true,"href":"https:\/\/mjerna-tehnika.ba\/bs\/index.php?rest_route=%2Fwp%2Fv2%2Fcomments&post=685"}],"wp:featuredmedia":[{"embeddable":true,"href":"https:\/\/mjerna-tehnika.ba\/bs\/index.php?rest_route=\/wp\/v2\/media\/671"}],"wp:attachment":[{"href":"https:\/\/mjerna-tehnika.ba\/bs\/index.php?rest_route=%2Fwp%2Fv2%2Fmedia&parent=685"}],"wp:term":[{"taxonomy":"product_brand","embeddable":true,"href":"https:\/\/mjerna-tehnika.ba\/bs\/index.php?rest_route=%2Fwp%2Fv2%2Fproduct_brand&post=685"},{"taxonomy":"product_cat","embeddable":true,"href":"https:\/\/mjerna-tehnika.ba\/bs\/index.php?rest_route=%2Fwp%2Fv2%2Fproduct_cat&post=685"},{"taxonomy":"product_tag","embeddable":true,"href":"https:\/\/mjerna-tehnika.ba\/bs\/index.php?rest_route=%2Fwp%2Fv2%2Fproduct_tag&post=685"}],"curies":[{"name":"wp","href":"https:\/\/api.w.org\/{rel}","templated":true}]}}