{"id":684,"date":"2016-11-20T12:07:51","date_gmt":"2016-11-20T12:07:51","guid":{"rendered":"https:\/\/mjerna-tehnika.ba\/bs\/product\/refraktometar-pce-sg\/"},"modified":"2016-11-20T12:10:21","modified_gmt":"2016-11-20T12:10:21","slug":"refraktometar-pce-sg","status":"publish","type":"product","link":"https:\/\/mjerna-tehnika.ba\/bs\/?product=refraktometar-pce-sg","title":{"rendered":"Refraktometar PCE-SG"},"content":{"rendered":"<p style=\"text-align: justify;\"><span style=\"color: #000000;\"><b><span lang=\"DE\">PCE-SG<\/span><\/b> <\/span><span style=\"color: #000000;\"><span lang=\"DE\"><span id=\"result_box\" class=\"\" lang=\"bs\"><span class=\"\">Sa ovim refraktometrom mo\u017eete brzo i precizno odrediti koli\u010dinu antifriza u postrojenja i ma\u0161inama. Koristi se kako kod vozila tako i u industriji.<\/p>\n<p>&#8211; Mjerno podru\u010dje: 0 &#8230;- 50 \u00b0 C \/ 1.15 &#8230; 1.30 SG<br \/>\n&#8211; Rezolucija: 5 \u00b0 C \/ 0,01 SG<br \/>\n&#8211; Ta\u010dnost: \u00b1 5 \u00b0 C \/ \u00b1 0,01 SG<br \/>\n&#8211; Propilenglikol<br \/>\n&#8211; Etilenglikol<\/span><\/span><\/span> <\/span><\/p>\n","protected":false},"excerpt":{"rendered":"<p style=\"text-align: justify;\">\u00a0<span style=\"color: #000000;\"><span lang=\"DE\"><span id=\"result_box\" class=\"\" lang=\"bs\"><span class=\"\">Sa ovim refraktometrom mo\u017eete brzo i precizno odrediti koli\u010dinu antifriza u postrojenja i ma\u0161inama. Koristi se kako kod vozila tako i u industriji.<\/p>\n<p>&#8211; Mjerno podru\u010dje: 0 &#8230;- 50 \u00b0 C \/ 1.15 &#8230; 1.30 SG<br \/>\n&#8211; Rezolucija: 5 \u00b0 C \/ 0,01 SG<br \/>\n&#8211; Ta\u010dnost: \u00b1 5 \u00b0 C \/ \u00b1 0,01 SG<br \/>\n&#8211; Propilenglikol<br \/>\n&#8211; Etilenglikol<\/span><\/span><\/span><\/span><\/p>\n","protected":false},"featured_media":671,"comment_status":"open","ping_status":"closed","template":"","meta":{"_uf_show_specific_survey":0,"_uf_disable_surveys":false},"product_brand":[],"product_cat":[36],"product_tag":[],"class_list":{"0":"post-684","1":"product","2":"type-product","3":"status-publish","4":"has-post-thumbnail","6":"product_cat-refraktometri","8":"first","9":"instock","10":"sale","11":"taxable","12":"shipping-taxable","13":"purchasable","14":"product-type-simple"},"aioseo_notices":[],"_links":{"self":[{"href":"https:\/\/mjerna-tehnika.ba\/bs\/index.php?rest_route=\/wp\/v2\/product\/684","targetHints":{"allow":["GET"]}}],"collection":[{"href":"https:\/\/mjerna-tehnika.ba\/bs\/index.php?rest_route=\/wp\/v2\/product"}],"about":[{"href":"https:\/\/mjerna-tehnika.ba\/bs\/index.php?rest_route=\/wp\/v2\/types\/product"}],"replies":[{"embeddable":true,"href":"https:\/\/mjerna-tehnika.ba\/bs\/index.php?rest_route=%2Fwp%2Fv2%2Fcomments&post=684"}],"wp:featuredmedia":[{"embeddable":true,"href":"https:\/\/mjerna-tehnika.ba\/bs\/index.php?rest_route=\/wp\/v2\/media\/671"}],"wp:attachment":[{"href":"https:\/\/mjerna-tehnika.ba\/bs\/index.php?rest_route=%2Fwp%2Fv2%2Fmedia&parent=684"}],"wp:term":[{"taxonomy":"product_brand","embeddable":true,"href":"https:\/\/mjerna-tehnika.ba\/bs\/index.php?rest_route=%2Fwp%2Fv2%2Fproduct_brand&post=684"},{"taxonomy":"product_cat","embeddable":true,"href":"https:\/\/mjerna-tehnika.ba\/bs\/index.php?rest_route=%2Fwp%2Fv2%2Fproduct_cat&post=684"},{"taxonomy":"product_tag","embeddable":true,"href":"https:\/\/mjerna-tehnika.ba\/bs\/index.php?rest_route=%2Fwp%2Fv2%2Fproduct_tag&post=684"}],"curies":[{"name":"wp","href":"https:\/\/api.w.org\/{rel}","templated":true}]}}