{"id":683,"date":"2016-11-20T12:00:26","date_gmt":"2016-11-20T12:00:26","guid":{"rendered":"https:\/\/mjerna-tehnika.ba\/bs\/product\/refraktometar-pce-5890\/"},"modified":"2018-10-25T13:41:50","modified_gmt":"2018-10-25T13:41:50","slug":"refraktometar-pce-5890","status":"publish","type":"product","link":"https:\/\/mjerna-tehnika.ba\/bs\/?product=refraktometar-pce-5890","title":{"rendered":"Refraktometar PCE-5890"},"content":{"rendered":"<p style=\"text-align: justify;\"><span style=\"color: #000000;\"><b><span lang=\"DE\">PCE-5890<\/span><\/b><span lang=\"DE\">, r<\/span><\/span><span style=\"color: #000000;\"><span lang=\"DE\"><span id=\"result_box\" class=\"\" lang=\"bs\"><span class=\"\">efraktometar za p\u010delare za odre\u0111ivanje sadr\u017eaja \u0161e\u0107era u medu i sadr\u017eaja vode. Refraktometar ima trostruku skalu koja,\u00a0\u00a0 sve parametre mo\u017eete obuhvatiti jednim pogledom<\/span><\/span><\/span> <\/span><\/p>\n","protected":false},"excerpt":{"rendered":"<p style=\"text-align: justify;\">\u00a0<span style=\"color: #000000;\"><span lang=\"DE\"><span id=\"result_box\" class=\"\" lang=\"bs\"><span class=\"\">Refraktometar za p\u010delare za odre\u0111ivanje sadr\u017eaja \u0161e\u0107era u medu i sadr\u017eaja vode. Refraktometar ima trostruku skalu koja,\u00a0\u00a0 sve parametre mo\u017eete obuhvatiti jednim pogledom<\/p>\n<p>&#8211; Mjerno podru\u010dje: 12 &#8230; 27% vode \/ 58 &#8230; 90% Brix<br \/>\n&#8211; Rezolucija: 1% \/ 0,5%<br \/>\n&#8211; Ta\u010dnost: \u00b1 1% \/ 0,5%<br \/>\n&#8211; Primena: Med<\/span><\/span><\/span><\/span><\/p>\n","protected":false},"featured_media":671,"comment_status":"open","ping_status":"closed","template":"","meta":{"_uf_show_specific_survey":0,"_uf_disable_surveys":false},"product_brand":[],"product_cat":[36],"product_tag":[],"class_list":{"0":"post-683","1":"product","2":"type-product","3":"status-publish","4":"has-post-thumbnail","6":"product_cat-refraktometri","8":"first","9":"outofstock","10":"sale","11":"taxable","12":"shipping-taxable","13":"purchasable","14":"product-type-simple"},"aioseo_notices":[],"_links":{"self":[{"href":"https:\/\/mjerna-tehnika.ba\/bs\/index.php?rest_route=\/wp\/v2\/product\/683","targetHints":{"allow":["GET"]}}],"collection":[{"href":"https:\/\/mjerna-tehnika.ba\/bs\/index.php?rest_route=\/wp\/v2\/product"}],"about":[{"href":"https:\/\/mjerna-tehnika.ba\/bs\/index.php?rest_route=\/wp\/v2\/types\/product"}],"replies":[{"embeddable":true,"href":"https:\/\/mjerna-tehnika.ba\/bs\/index.php?rest_route=%2Fwp%2Fv2%2Fcomments&post=683"}],"wp:featuredmedia":[{"embeddable":true,"href":"https:\/\/mjerna-tehnika.ba\/bs\/index.php?rest_route=\/wp\/v2\/media\/671"}],"wp:attachment":[{"href":"https:\/\/mjerna-tehnika.ba\/bs\/index.php?rest_route=%2Fwp%2Fv2%2Fmedia&parent=683"}],"wp:term":[{"taxonomy":"product_brand","embeddable":true,"href":"https:\/\/mjerna-tehnika.ba\/bs\/index.php?rest_route=%2Fwp%2Fv2%2Fproduct_brand&post=683"},{"taxonomy":"product_cat","embeddable":true,"href":"https:\/\/mjerna-tehnika.ba\/bs\/index.php?rest_route=%2Fwp%2Fv2%2Fproduct_cat&post=683"},{"taxonomy":"product_tag","embeddable":true,"href":"https:\/\/mjerna-tehnika.ba\/bs\/index.php?rest_route=%2Fwp%2Fv2%2Fproduct_tag&post=683"}],"curies":[{"name":"wp","href":"https:\/\/api.w.org\/{rel}","templated":true}]}}