{"id":682,"date":"2016-11-20T11:53:43","date_gmt":"2016-11-20T11:53:43","guid":{"rendered":"https:\/\/mjerna-tehnika.ba\/bs\/product\/refraktometar-pce-alk\/"},"modified":"2018-10-25T13:41:37","modified_gmt":"2018-10-25T13:41:37","slug":"refraktometar-pce-alk","status":"publish","type":"product","link":"https:\/\/mjerna-tehnika.ba\/bs\/?product=refraktometar-pce-alk","title":{"rendered":"Refraktometar PCE-Alk"},"content":{"rendered":"<p style=\"text-align: justify;\"><span style=\"color: #000000;\"><b><span lang=\"DE\">PCE-Alk<\/span><\/b> <\/span><span style=\"color: #000000;\"><span lang=\"DE\"><span id=\"result_box\" class=\"\" lang=\"bs\"><span class=\"\">za brzo i precizno odre\u0111ivanje sadr\u017eaja alkohola u alkoholnim otopinama ili \u010distom alkoholu<\/span><\/span><\/span> <\/span><\/p>\n","protected":false},"excerpt":{"rendered":"<p style=\"text-align: justify;\">\u00a0<span style=\"color: #000000;\"><span lang=\"DE\"><span id=\"result_box\" class=\"\" lang=\"bs\"><span class=\"\">Uz ovaj instrument, mo\u017eete brzo i precizno odrediti sadr\u017eaj alkohola u alkoholnim otopinama ili \u010distom alkoholu<\/p>\n<p>&#8211; Mjerno podru\u010dje: 0 &#8230; 80Vol % alkohola<br \/>\n&#8211; Rezolucija: 1%<br \/>\n&#8211; Ta\u010dnost: \u00b1 1%<\/span><\/span><\/span><\/span><\/p>\n","protected":false},"featured_media":671,"comment_status":"open","ping_status":"closed","template":"","meta":{"_uf_show_specific_survey":0,"_uf_disable_surveys":false},"product_brand":[],"product_cat":[36],"product_tag":[],"class_list":{"0":"post-682","1":"product","2":"type-product","3":"status-publish","4":"has-post-thumbnail","6":"product_cat-refraktometri","8":"first","9":"outofstock","10":"sale","11":"taxable","12":"shipping-taxable","13":"purchasable","14":"product-type-simple"},"aioseo_notices":[],"_links":{"self":[{"href":"https:\/\/mjerna-tehnika.ba\/bs\/index.php?rest_route=\/wp\/v2\/product\/682","targetHints":{"allow":["GET"]}}],"collection":[{"href":"https:\/\/mjerna-tehnika.ba\/bs\/index.php?rest_route=\/wp\/v2\/product"}],"about":[{"href":"https:\/\/mjerna-tehnika.ba\/bs\/index.php?rest_route=\/wp\/v2\/types\/product"}],"replies":[{"embeddable":true,"href":"https:\/\/mjerna-tehnika.ba\/bs\/index.php?rest_route=%2Fwp%2Fv2%2Fcomments&post=682"}],"wp:featuredmedia":[{"embeddable":true,"href":"https:\/\/mjerna-tehnika.ba\/bs\/index.php?rest_route=\/wp\/v2\/media\/671"}],"wp:attachment":[{"href":"https:\/\/mjerna-tehnika.ba\/bs\/index.php?rest_route=%2Fwp%2Fv2%2Fmedia&parent=682"}],"wp:term":[{"taxonomy":"product_brand","embeddable":true,"href":"https:\/\/mjerna-tehnika.ba\/bs\/index.php?rest_route=%2Fwp%2Fv2%2Fproduct_brand&post=682"},{"taxonomy":"product_cat","embeddable":true,"href":"https:\/\/mjerna-tehnika.ba\/bs\/index.php?rest_route=%2Fwp%2Fv2%2Fproduct_cat&post=682"},{"taxonomy":"product_tag","embeddable":true,"href":"https:\/\/mjerna-tehnika.ba\/bs\/index.php?rest_route=%2Fwp%2Fv2%2Fproduct_tag&post=682"}],"curies":[{"name":"wp","href":"https:\/\/api.w.org\/{rel}","templated":true}]}}