{"id":677,"date":"2016-11-20T11:33:43","date_gmt":"2016-11-20T11:33:43","guid":{"rendered":"https:\/\/mjerna-tehnika.ba\/bs\/product\/refraktometar-pce-018\/"},"modified":"2016-11-20T11:44:36","modified_gmt":"2016-11-20T11:44:36","slug":"refraktometar-pce-018","status":"publish","type":"product","link":"https:\/\/mjerna-tehnika.ba\/bs\/?product=refraktometar-pce-018","title":{"rendered":"Refraktometar PCE-018"},"content":{"rendered":"<p style=\"text-align: justify;\"><span style=\"color: #000000;\"><b><span lang=\"DE\">PCE-018<\/span><\/b><span lang=\"DE\"> refraktometar razvijena je za upotrebu pri za\u0161e\u0107erenim teku\u0107inama (vo\u0107ni sokovi, med, mala kol. alkohola, vina), poma\u017ee u kontroli i nadzoru koncentracije \u0161e\u0107era u hrani i pi\u0107ima. Mjerno podru\u010dje od 0 do 18 brixa. Bez obzira da li korisnik provjerava slatko\u0107u vo\u0107a na polju, ocjenjuje kakvo\u0107u proizvoda nakon berbe, ili kontroli\u0161e koncentraciju za<\/span><\/span><span style=\"color: #000000;\"><span lang=\"DE\"> vrijeme obrade i pakovanja, refraktometar mu daje va\u017ene informacije o kvaliteti njegova proizvoda. Tako\u0111e se uobi\u010dajeno koristi pri kontroli razli\u010ditih teku\u0107ina u industriji (otpadne vode i sl.). Koji model odabrati ovisi o koncentraciji u teku\u0107ini i parametrima refraktometra. <\/span> <\/span><\/p>\n","protected":false},"excerpt":{"rendered":"<p style=\"text-align: justify;\">\u00a0<strong><u>Primjena<\/u><\/strong>: <span style=\"color: #000000;\"><span lang=\"DE\"><span id=\"result_box\" class=\"\" lang=\"bs\"><span class=\"\">Refraktometrom<\/span> sa automatskom kompenzacijom temperature, za niske koncentracije u sokovima i vinima. <\/span><\/span><\/span><\/p>\n<p style=\"text-align: justify;\"><span style=\"color: #000000;\"><span lang=\"DE\"><span id=\"result_box\" class=\"\" lang=\"bs\"><br \/>\n&#8211; Mjerno podru\u010dje: 0 &#8230; 18% Brix<br \/>\n&#8211; Rezolucija: 0,1%<br \/>\n&#8211; Ta\u010dnost: \u00b1 0,1%<\/span><\/span><\/span><\/p>\n","protected":false},"featured_media":671,"comment_status":"open","ping_status":"closed","template":"","meta":{"_uf_show_specific_survey":0,"_uf_disable_surveys":false},"product_brand":[],"product_cat":[36],"product_tag":[],"class_list":{"0":"post-677","1":"product","2":"type-product","3":"status-publish","4":"has-post-thumbnail","6":"product_cat-refraktometri","8":"first","9":"instock","10":"sale","11":"taxable","12":"shipping-taxable","13":"purchasable","14":"product-type-simple"},"aioseo_notices":[],"_links":{"self":[{"href":"https:\/\/mjerna-tehnika.ba\/bs\/index.php?rest_route=\/wp\/v2\/product\/677","targetHints":{"allow":["GET"]}}],"collection":[{"href":"https:\/\/mjerna-tehnika.ba\/bs\/index.php?rest_route=\/wp\/v2\/product"}],"about":[{"href":"https:\/\/mjerna-tehnika.ba\/bs\/index.php?rest_route=\/wp\/v2\/types\/product"}],"replies":[{"embeddable":true,"href":"https:\/\/mjerna-tehnika.ba\/bs\/index.php?rest_route=%2Fwp%2Fv2%2Fcomments&post=677"}],"wp:featuredmedia":[{"embeddable":true,"href":"https:\/\/mjerna-tehnika.ba\/bs\/index.php?rest_route=\/wp\/v2\/media\/671"}],"wp:attachment":[{"href":"https:\/\/mjerna-tehnika.ba\/bs\/index.php?rest_route=%2Fwp%2Fv2%2Fmedia&parent=677"}],"wp:term":[{"taxonomy":"product_brand","embeddable":true,"href":"https:\/\/mjerna-tehnika.ba\/bs\/index.php?rest_route=%2Fwp%2Fv2%2Fproduct_brand&post=677"},{"taxonomy":"product_cat","embeddable":true,"href":"https:\/\/mjerna-tehnika.ba\/bs\/index.php?rest_route=%2Fwp%2Fv2%2Fproduct_cat&post=677"},{"taxonomy":"product_tag","embeddable":true,"href":"https:\/\/mjerna-tehnika.ba\/bs\/index.php?rest_route=%2Fwp%2Fv2%2Fproduct_tag&post=677"}],"curies":[{"name":"wp","href":"https:\/\/api.w.org\/{rel}","templated":true}]}}