{"id":2510,"date":"2026-01-22T10:44:23","date_gmt":"2026-01-22T10:44:23","guid":{"rendered":"https:\/\/mjerna-tehnika.ba\/bs\/?post_type=product&#038;p=2510"},"modified":"2026-01-22T10:46:07","modified_gmt":"2026-01-22T10:46:07","slug":"kranska-viseca-vaga-hb-50-60","status":"publish","type":"product","link":"https:\/\/mjerna-tehnika.ba\/bs\/?product=kranska-viseca-vaga-hb-50-60","title":{"rendered":"Kranska &#8211; vise\u0107a vaga HB 50\/60, do 60kg"},"content":{"rendered":"","protected":false},"excerpt":{"rendered":"<ul>\n<li>50\/60kg, rezolucija 20g<\/li>\n<li>20mm LCD display<\/li>\n<li>Multifunkcionalna: Tare; Zero; Hold; upozorenje kod preoptere\u0107enja<\/li>\n<li>Auto shut off<\/li>\n<li>Kg\/lb\/N jedinice<\/li>\n<li>Ku\u0107i\u0161te od livenog aluminijma<\/li>\n<li>Karabiner i kuka od nehr\u0111aju\u0107eg \u010delika<\/li>\n<li>Baterije: 3x AA<\/li>\n<li>Standard OIML III<\/li>\n<li>Kontinuirani rad: 100 sati(LCD)<\/li>\n<li>Sigurnosno preoptere\u0107enje: 120%F.S.<\/li>\n<li>Temperatura okoline: &#8211; 10\u2103 ~ + 40\u2103<\/li>\n<li>Vlaga okoline: &lt;= 90%R.H<\/li>\n<\/ul>\n","protected":false},"featured_media":2512,"comment_status":"open","ping_status":"closed","template":"","meta":{"_uf_show_specific_survey":0,"_uf_disable_surveys":false},"product_brand":[],"product_cat":[72],"product_tag":[],"class_list":{"0":"post-2510","1":"product","2":"type-product","3":"status-publish","4":"has-post-thumbnail","6":"product_cat-kranske-vage","8":"first","9":"instock","10":"taxable","11":"shipping-taxable","12":"purchasable","13":"product-type-simple"},"aioseo_notices":[],"_links":{"self":[{"href":"https:\/\/mjerna-tehnika.ba\/bs\/index.php?rest_route=\/wp\/v2\/product\/2510","targetHints":{"allow":["GET"]}}],"collection":[{"href":"https:\/\/mjerna-tehnika.ba\/bs\/index.php?rest_route=\/wp\/v2\/product"}],"about":[{"href":"https:\/\/mjerna-tehnika.ba\/bs\/index.php?rest_route=\/wp\/v2\/types\/product"}],"replies":[{"embeddable":true,"href":"https:\/\/mjerna-tehnika.ba\/bs\/index.php?rest_route=%2Fwp%2Fv2%2Fcomments&post=2510"}],"wp:featuredmedia":[{"embeddable":true,"href":"https:\/\/mjerna-tehnika.ba\/bs\/index.php?rest_route=\/wp\/v2\/media\/2512"}],"wp:attachment":[{"href":"https:\/\/mjerna-tehnika.ba\/bs\/index.php?rest_route=%2Fwp%2Fv2%2Fmedia&parent=2510"}],"wp:term":[{"taxonomy":"product_brand","embeddable":true,"href":"https:\/\/mjerna-tehnika.ba\/bs\/index.php?rest_route=%2Fwp%2Fv2%2Fproduct_brand&post=2510"},{"taxonomy":"product_cat","embeddable":true,"href":"https:\/\/mjerna-tehnika.ba\/bs\/index.php?rest_route=%2Fwp%2Fv2%2Fproduct_cat&post=2510"},{"taxonomy":"product_tag","embeddable":true,"href":"https:\/\/mjerna-tehnika.ba\/bs\/index.php?rest_route=%2Fwp%2Fv2%2Fproduct_tag&post=2510"}],"curies":[{"name":"wp","href":"https:\/\/api.w.org\/{rel}","templated":true}]}}