{"id":2495,"date":"2025-12-26T11:20:34","date_gmt":"2025-12-26T11:20:34","guid":{"rendered":"https:\/\/mjerna-tehnika.ba\/bs\/?post_type=product&#038;p=2495"},"modified":"2025-12-26T11:20:34","modified_gmt":"2025-12-26T11:20:34","slug":"mjerac-okoline-5u1-pce-em-750","status":"publish","type":"product","link":"https:\/\/mjerna-tehnika.ba\/bs\/?product=mjerac-okoline-5u1-pce-em-750","title":{"rendered":"Mjera\u010d okoline 5u1 PCE-EM 750"},"content":{"rendered":"","protected":false},"excerpt":{"rendered":"<p>Ovaj multifunkcionalni ure\u0111aj za mjerenje okoline kombinuje pet osnovnih funkcija u jednoj, kompaktnoj jedinici. Mjeri nivo buke, intenzitet svjetlosti, brzinu strujanja zraka, temperaturu i vla\u017enost \u2013 pouzdano pokrivaju\u0107i najva\u017enije parametre okoli\u0161a.<\/p>\n<p>Detaljnije karakteristike mo\u017eete pogledati ovdje: <a href=\"https:\/\/mjerna-tehnika.ba\/bs\/wp-content\/uploads\/Anemometar-6u1-PCE-EM-750.pdf\">Anemometar, 6u1 PCE-EM 750<\/a><\/p>\n","protected":false},"featured_media":2498,"comment_status":"open","ping_status":"closed","template":"","meta":{"_uf_show_specific_survey":0,"_uf_disable_surveys":false},"product_brand":[],"product_cat":[35,74,66,43],"product_tag":[],"class_list":{"0":"post-2495","1":"product","2":"type-product","3":"status-publish","4":"has-post-thumbnail","6":"product_cat-anemometri","7":"product_cat-luksmetri-luxmetri","8":"product_cat-mjeraci-buke","9":"product_cat-termohigrometri","11":"first","12":"instock","13":"taxable","14":"shipping-taxable","15":"purchasable","16":"product-type-simple"},"aioseo_notices":[],"_links":{"self":[{"href":"https:\/\/mjerna-tehnika.ba\/bs\/index.php?rest_route=\/wp\/v2\/product\/2495","targetHints":{"allow":["GET"]}}],"collection":[{"href":"https:\/\/mjerna-tehnika.ba\/bs\/index.php?rest_route=\/wp\/v2\/product"}],"about":[{"href":"https:\/\/mjerna-tehnika.ba\/bs\/index.php?rest_route=\/wp\/v2\/types\/product"}],"replies":[{"embeddable":true,"href":"https:\/\/mjerna-tehnika.ba\/bs\/index.php?rest_route=%2Fwp%2Fv2%2Fcomments&post=2495"}],"wp:featuredmedia":[{"embeddable":true,"href":"https:\/\/mjerna-tehnika.ba\/bs\/index.php?rest_route=\/wp\/v2\/media\/2498"}],"wp:attachment":[{"href":"https:\/\/mjerna-tehnika.ba\/bs\/index.php?rest_route=%2Fwp%2Fv2%2Fmedia&parent=2495"}],"wp:term":[{"taxonomy":"product_brand","embeddable":true,"href":"https:\/\/mjerna-tehnika.ba\/bs\/index.php?rest_route=%2Fwp%2Fv2%2Fproduct_brand&post=2495"},{"taxonomy":"product_cat","embeddable":true,"href":"https:\/\/mjerna-tehnika.ba\/bs\/index.php?rest_route=%2Fwp%2Fv2%2Fproduct_cat&post=2495"},{"taxonomy":"product_tag","embeddable":true,"href":"https:\/\/mjerna-tehnika.ba\/bs\/index.php?rest_route=%2Fwp%2Fv2%2Fproduct_tag&post=2495"}],"curies":[{"name":"wp","href":"https:\/\/api.w.org\/{rel}","templated":true}]}}