{"id":2490,"date":"2025-12-26T11:03:34","date_gmt":"2025-12-26T11:03:34","guid":{"rendered":"https:\/\/mjerna-tehnika.ba\/bs\/?post_type=product&#038;p=2490"},"modified":"2025-12-26T11:07:27","modified_gmt":"2025-12-26T11:07:27","slug":"mjerac-toplotnog-stresa-pce-wbgt-10","status":"publish","type":"product","link":"https:\/\/mjerna-tehnika.ba\/bs\/?product=mjerac-toplotnog-stresa-pce-wbgt-10","title":{"rendered":"Mjera\u010d toplotnog stresa &#8211; zra\u010denja PCE-WBGT 10"},"content":{"rendered":"","protected":false},"excerpt":{"rendered":"<p>Mjera\u010d toplotnog stresa koristi se za procjenu toplotnog stresa na radnim mjestima, u sportskim objektima i industrijskim postrojenjima. Mo\u017ee se koristiti i u zatvorenom i na otvorenom prostoru za precizno mjerenje klimatskih uslova i osiguranje sigurnosti ljudi izlo\u017eenih toploti.<\/p>\n<ul>\n<li>MIN, MAX, HOLD, AVG<\/li>\n<li>Mogu\u0107nost odabira na\u010dina rada u zatvorenom ili na otvorenom prostoru<\/li>\n<li>8 MB memorija<\/li>\n<li>Podesivi, zvu\u010dni WBGT alarm<\/li>\n<li>Prikaz u realnom vremenu<\/li>\n<li>Automatsko isklju\u010divanje<\/li>\n<li>Punjivo putem USB-C kabla<\/li>\n<\/ul>\n<p>Detaljnije karakteristike mo\u017eete preuzeti\u00a0 ovdje: <a href=\"https:\/\/mjerna-tehnika.ba\/bs\/wp-content\/uploads\/Mjerac-toplotnog-stresa-PCE-WBGT-10.pdf\">Mjera\u010d toplotnog stresa PCE-WBGT 10<\/a><\/p>\n","protected":false},"featured_media":2493,"comment_status":"open","ping_status":"closed","template":"","meta":{"_uf_show_specific_survey":0,"_uf_disable_surveys":false},"product_brand":[],"product_cat":[75,43],"product_tag":[],"class_list":{"0":"post-2490","1":"product","2":"type-product","3":"status-publish","4":"has-post-thumbnail","6":"product_cat-mjeraci-zracenja","7":"product_cat-termohigrometri","9":"first","10":"instock","11":"taxable","12":"shipping-taxable","13":"purchasable","14":"product-type-simple"},"aioseo_notices":[],"_links":{"self":[{"href":"https:\/\/mjerna-tehnika.ba\/bs\/index.php?rest_route=\/wp\/v2\/product\/2490","targetHints":{"allow":["GET"]}}],"collection":[{"href":"https:\/\/mjerna-tehnika.ba\/bs\/index.php?rest_route=\/wp\/v2\/product"}],"about":[{"href":"https:\/\/mjerna-tehnika.ba\/bs\/index.php?rest_route=\/wp\/v2\/types\/product"}],"replies":[{"embeddable":true,"href":"https:\/\/mjerna-tehnika.ba\/bs\/index.php?rest_route=%2Fwp%2Fv2%2Fcomments&post=2490"}],"wp:featuredmedia":[{"embeddable":true,"href":"https:\/\/mjerna-tehnika.ba\/bs\/index.php?rest_route=\/wp\/v2\/media\/2493"}],"wp:attachment":[{"href":"https:\/\/mjerna-tehnika.ba\/bs\/index.php?rest_route=%2Fwp%2Fv2%2Fmedia&parent=2490"}],"wp:term":[{"taxonomy":"product_brand","embeddable":true,"href":"https:\/\/mjerna-tehnika.ba\/bs\/index.php?rest_route=%2Fwp%2Fv2%2Fproduct_brand&post=2490"},{"taxonomy":"product_cat","embeddable":true,"href":"https:\/\/mjerna-tehnika.ba\/bs\/index.php?rest_route=%2Fwp%2Fv2%2Fproduct_cat&post=2490"},{"taxonomy":"product_tag","embeddable":true,"href":"https:\/\/mjerna-tehnika.ba\/bs\/index.php?rest_route=%2Fwp%2Fv2%2Fproduct_tag&post=2490"}],"curies":[{"name":"wp","href":"https:\/\/api.w.org\/{rel}","templated":true}]}}