{"id":2485,"date":"2025-12-26T10:48:33","date_gmt":"2025-12-26T10:48:33","guid":{"rendered":"https:\/\/mjerna-tehnika.ba\/bs\/?post_type=product&#038;p=2485"},"modified":"2025-12-26T10:48:34","modified_gmt":"2025-12-26T10:48:34","slug":"mjerac-kvalitete-zraka-pce-rcm-7","status":"publish","type":"product","link":"https:\/\/mjerna-tehnika.ba\/bs\/?product=mjerac-kvalitete-zraka-pce-rcm-7","title":{"rendered":"Mjera\u010d kvalitete zraka PCE-RCM 7"},"content":{"rendered":"<table border=\"0\" cellspacing=\"0\" bgcolor=\"#fff\">\n<tbody>\n<tr>\n<td valign=\"top\"><strong>CO2<\/strong><\/td>\n<td valign=\"top\"><\/td>\n<\/tr>\n<tr>\n<td valign=\"top\">Messbereich<\/td>\n<td valign=\"top\">400 &#8230; 5000 ppm<\/td>\n<\/tr>\n<tr>\n<td valign=\"top\">Aufl\u00f6sung<\/td>\n<td valign=\"top\">1 ppm<\/td>\n<\/tr>\n<tr>\n<td valign=\"top\">Genauigkeit<\/td>\n<td valign=\"top\">\u00b1(50 ppm +5 % v.Mw.)<\/td>\n<\/tr>\n<tr>\n<td valign=\"top\"><\/td>\n<td valign=\"top\"><\/td>\n<\/tr>\n<tr>\n<td valign=\"top\"><strong>Feuchte relativ<\/strong><\/td>\n<td valign=\"top\"><\/td>\n<\/tr>\n<tr>\n<td valign=\"top\">Messbereich<\/td>\n<td valign=\"top\">0 &#8230; 99 %<\/td>\n<\/tr>\n<tr>\n<td valign=\"top\">Aufl\u00f6sung<\/td>\n<td valign=\"top\">1 %<\/td>\n<\/tr>\n<tr>\n<td valign=\"top\">Genauigkeit<\/td>\n<td valign=\"top\">\u00b15 % v.Mw.<\/td>\n<\/tr>\n<tr>\n<td valign=\"top\"><\/td>\n<td valign=\"top\"><\/td>\n<\/tr>\n<tr>\n<td valign=\"top\"><strong>Formaldehyd<\/strong><\/td>\n<td valign=\"top\"><\/td>\n<\/tr>\n<tr>\n<td valign=\"top\">Messbereich<\/td>\n<td valign=\"top\">0 &#8230; 1,999 mg\/m\u00b3<\/td>\n<\/tr>\n<tr>\n<td valign=\"top\">Aufl\u00f6sung<\/td>\n<td valign=\"top\">0,001 mg\/m\u00b3<\/td>\n<\/tr>\n<tr>\n<td valign=\"top\">Genauigkeit<\/td>\n<td valign=\"top\">\u00b130 % v.Mw.<\/td>\n<\/tr>\n<tr>\n<td valign=\"top\"><\/td>\n<td valign=\"top\"><\/td>\n<\/tr>\n<tr>\n<td valign=\"top\"><strong>Partikel<\/strong><\/td>\n<td valign=\"top\"><\/td>\n<\/tr>\n<tr>\n<td valign=\"top\">Messbereich<\/td>\n<td valign=\"top\">0 &#8230; 100 \u00b5g\/m\u00b3<\/td>\n<\/tr>\n<tr>\n<td valign=\"top\">Aufl\u00f6sung<\/td>\n<td valign=\"top\">1 \u00b5g\/m\u00b3<\/td>\n<\/tr>\n<tr>\n<td valign=\"top\">Genauigkeit<\/td>\n<td valign=\"top\">\u00b110 \u00b5g\/m\u00b3<\/td>\n<\/tr>\n<tr>\n<td valign=\"top\">Messkanalgr\u00f6\u00dfen<\/td>\n<td valign=\"top\">1,0, 2,5, 10,0<\/td>\n<\/tr>\n<tr>\n<td valign=\"top\"><\/td>\n<td valign=\"top\"><\/td>\n<\/tr>\n<tr>\n<td valign=\"top\"><strong>Partikel<\/strong><\/td>\n<td valign=\"top\"><\/td>\n<\/tr>\n<tr>\n<td valign=\"top\">Messbereich<\/td>\n<td valign=\"top\">100 &#8230; 500 \u00b5g\/m\u00b3<\/td>\n<\/tr>\n<tr>\n<td valign=\"top\">Aufl\u00f6sung<\/td>\n<td valign=\"top\">1 \u00b5g\/m\u00b3<\/td>\n<\/tr>\n<tr>\n<td valign=\"top\">Genauigkeit<\/td>\n<td valign=\"top\">\u00b110 % v.Mw.<\/td>\n<\/tr>\n<tr>\n<td valign=\"top\">Messkanalgr\u00f6\u00dfen<\/td>\n<td valign=\"top\">1,0, 2,5, 10,0<\/td>\n<\/tr>\n<tr>\n<td valign=\"top\"><\/td>\n<td valign=\"top\"><\/td>\n<\/tr>\n<tr>\n<td valign=\"top\"><strong>Partikel<\/strong><\/td>\n<td valign=\"top\"><\/td>\n<\/tr>\n<tr>\n<td valign=\"top\">Messbereich<\/td>\n<td valign=\"top\">500 &#8230; 1000 \u00b5g\/m\u00b3<\/td>\n<\/tr>\n<tr>\n<td valign=\"top\">Aufl\u00f6sung<\/td>\n<td valign=\"top\">1 \u00b5g\/m\u00b3<\/td>\n<\/tr>\n<tr>\n<td valign=\"top\">Genauigkeit<\/td>\n<td valign=\"top\">\u00b110 % v.Mw.<\/td>\n<\/tr>\n<tr>\n<td valign=\"top\">Messkanalgr\u00f6\u00dfen<\/td>\n<td valign=\"top\">1,0, 2,5, 10,0<\/td>\n<\/tr>\n<tr>\n<td valign=\"top\"><\/td>\n<td valign=\"top\"><\/td>\n<\/tr>\n<tr>\n<td valign=\"top\"><strong>TVOC<\/strong><\/td>\n<td valign=\"top\"><\/td>\n<\/tr>\n<tr>\n<td valign=\"top\">Messbereich<\/td>\n<td valign=\"top\">0 &#8230; 9,999 mg\/m\u00b3<\/td>\n<\/tr>\n<tr>\n<td valign=\"top\">Aufl\u00f6sung<\/td>\n<td valign=\"top\">0,001 mg\/m\u00b3<\/td>\n<\/tr>\n<tr>\n<td valign=\"top\">Genauigkeit<\/td>\n<td valign=\"top\">\u00b130 % v.Mw.<\/td>\n<\/tr>\n<tr>\n<td valign=\"top\"><\/td>\n<td valign=\"top\"><\/td>\n<\/tr>\n<tr>\n<td valign=\"top\"><strong>Temperatur<\/strong><\/td>\n<td valign=\"top\"><\/td>\n<\/tr>\n<tr>\n<td valign=\"top\">Messbereich<\/td>\n<td valign=\"top\">0 &#8230; 50 \u00b0C<\/td>\n<\/tr>\n<tr>\n<td valign=\"top\">Aufl\u00f6sung<\/td>\n<td valign=\"top\">1 \u00b0C<\/td>\n<\/tr>\n<tr>\n<td valign=\"top\">Genauigkeit<\/td>\n<td valign=\"top\">\u00b11 \u00b0C<\/td>\n<\/tr>\n<tr>\n<td valign=\"top\"><\/td>\n<td valign=\"top\"><\/td>\n<\/tr>\n<tr>\n<td valign=\"top\"><strong>Temperatur<\/strong><\/td>\n<td valign=\"top\"><\/td>\n<\/tr>\n<tr>\n<td valign=\"top\">Messbereich<\/td>\n<td valign=\"top\">32 &#8230; 122 \u00b0F<\/td>\n<\/tr>\n<tr>\n<td valign=\"top\">Aufl\u00f6sung<\/td>\n<td valign=\"top\">1,8 \u00b0F<\/td>\n<\/tr>\n<tr>\n<td valign=\"top\">Genauigkeit<\/td>\n<td valign=\"top\">\u00b11,8 \u00b0F<\/td>\n<\/tr>\n<tr>\n<td valign=\"top\"><\/td>\n<td valign=\"top\"><\/td>\n<\/tr>\n<tr>\n<td valign=\"top\"><strong>Allgemeine technische Daten<\/strong><\/td>\n<td valign=\"top\"><\/td>\n<\/tr>\n<tr>\n<td valign=\"top\">Display Typ<\/td>\n<td valign=\"top\">LCD mit Beleuchtung<\/td>\n<\/tr>\n<tr>\n<td valign=\"top\">Displaygr\u00f6\u00dfe<\/td>\n<td valign=\"top\">3,3 Zoll<\/td>\n<\/tr>\n<tr>\n<td valign=\"top\">Schnittstelle<\/td>\n<td valign=\"top\">USB-C, WiFi<\/td>\n<\/tr>\n<tr>\n<td valign=\"top\">Betriebsdauer<\/td>\n<td valign=\"top\">7 h<\/td>\n<\/tr>\n<tr>\n<td valign=\"top\">Alarm<\/td>\n<td valign=\"top\">akustisch<\/td>\n<\/tr>\n<tr>\n<td valign=\"top\">Men\u00fcsprache<\/td>\n<td valign=\"top\">Englisch (US), Englisch (GB)<\/td>\n<\/tr>\n<tr>\n<td valign=\"top\">Schutzklasse (Ger\u00e4t)<\/td>\n<td valign=\"top\">IP20<\/td>\n<\/tr>\n<tr>\n<td valign=\"top\">Spannungsversorgung<\/td>\n<td valign=\"top\">5 V<\/td>\n<\/tr>\n<tr>\n<td valign=\"top\">Akku\/Batterie<\/td>\n<td valign=\"top\">1 x 3,7 V intern , Lithium-Ionen Akku<\/td>\n<\/tr>\n<tr>\n<td valign=\"top\">Kapazit\u00e4t<\/td>\n<td valign=\"top\">3000 mAh<\/td>\n<\/tr>\n<tr>\n<td valign=\"top\">Betriebsbedingungen<\/td>\n<td valign=\"top\">0 &#8230; 50 \u00b0C , 0 &#8230; 99 % r. F.<\/td>\n<\/tr>\n<tr>\n<td valign=\"top\">Lagerbedingungen<\/td>\n<td valign=\"top\">0 &#8230; 50 \u00b0C , 0 &#8230; 99 % r. F.<\/td>\n<\/tr>\n<tr class=\"attribute\">\n<td valign=\"top\">Abmessungen ( L x B x H )<\/td>\n<td valign=\"top\">88 x 118 x 35 mm<\/td>\n<\/tr>\n<tr>\n<td valign=\"top\">Gewicht<\/td>\n<td valign=\"top\">198 g<\/td>\n<\/tr>\n<\/tbody>\n<\/table>\n","protected":false},"excerpt":{"rendered":"<p>Mjera\u010d kvalitete zraka \/ mjeri \u010destice promjera PM1, PM2.5, PM10 \/ Mjeri CO2, formaldehid, TVOC, temperaturu i vla\u017enost \/ WiFi veza \/ Podaci dostupni putem aplikacije \/ USB-C interface<\/p>\n<p>Moderni mjera\u010d aerosola je neophodan za kontinuirano pra\u0107enje kvalitete zraka u zatvorenom prostoru i pru\u017eanje ranog upozorenja na zaga\u0111iva\u010de ili lo\u0161 kvalitet zraka. \u010cist zrak je klju\u010dan za zdravlje i dobrobit, posebno u domovima, uredima, \u0161kolama, vrti\u0107ima i radionicama. U javnim objektima i proizvodnim halama, detektor kvalitete zraka poma\u017ee u kontinuiranom pra\u0107enju kvalitete zraka u zatvorenom prostoru i ranom identificiranju potencijalnih opasnosti.<\/p>\n<p>Detaljnije karakteristike pogledajte ovdje: <a href=\"https:\/\/mjerna-tehnika.ba\/bs\/wp-content\/uploads\/Brojac-cestica-CO2-CO_PCE-RCM-7.pdf\">Broja\u010d \u010destica, CO2, CO_PCE-RCM 7<\/a><\/p>\n<p>&nbsp;<\/p>\n","protected":false},"featured_media":2488,"comment_status":"open","ping_status":"closed","template":"","meta":{"_uf_show_specific_survey":0,"_uf_disable_surveys":false},"product_brand":[],"product_cat":[95,43],"product_tag":[],"class_list":{"0":"post-2485","1":"product","2":"type-product","3":"status-publish","4":"has-post-thumbnail","6":"product_cat-brojaci-cestica-mjeraci-prasine","7":"product_cat-termohigrometri","9":"first","10":"instock","11":"taxable","12":"shipping-taxable","13":"purchasable","14":"product-type-simple"},"aioseo_notices":[],"_links":{"self":[{"href":"https:\/\/mjerna-tehnika.ba\/bs\/index.php?rest_route=\/wp\/v2\/product\/2485","targetHints":{"allow":["GET"]}}],"collection":[{"href":"https:\/\/mjerna-tehnika.ba\/bs\/index.php?rest_route=\/wp\/v2\/product"}],"about":[{"href":"https:\/\/mjerna-tehnika.ba\/bs\/index.php?rest_route=\/wp\/v2\/types\/product"}],"replies":[{"embeddable":true,"href":"https:\/\/mjerna-tehnika.ba\/bs\/index.php?rest_route=%2Fwp%2Fv2%2Fcomments&post=2485"}],"wp:featuredmedia":[{"embeddable":true,"href":"https:\/\/mjerna-tehnika.ba\/bs\/index.php?rest_route=\/wp\/v2\/media\/2488"}],"wp:attachment":[{"href":"https:\/\/mjerna-tehnika.ba\/bs\/index.php?rest_route=%2Fwp%2Fv2%2Fmedia&parent=2485"}],"wp:term":[{"taxonomy":"product_brand","embeddable":true,"href":"https:\/\/mjerna-tehnika.ba\/bs\/index.php?rest_route=%2Fwp%2Fv2%2Fproduct_brand&post=2485"},{"taxonomy":"product_cat","embeddable":true,"href":"https:\/\/mjerna-tehnika.ba\/bs\/index.php?rest_route=%2Fwp%2Fv2%2Fproduct_cat&post=2485"},{"taxonomy":"product_tag","embeddable":true,"href":"https:\/\/mjerna-tehnika.ba\/bs\/index.php?rest_route=%2Fwp%2Fv2%2Fproduct_tag&post=2485"}],"curies":[{"name":"wp","href":"https:\/\/api.w.org\/{rel}","templated":true}]}}