{"id":2458,"date":"2025-11-04T08:42:09","date_gmt":"2025-11-04T08:42:09","guid":{"rendered":"https:\/\/mjerna-tehnika.ba\/bs\/?post_type=product&#038;p=2458"},"modified":"2025-11-04T08:55:17","modified_gmt":"2025-11-04T08:55:17","slug":"sat-digitalni-zidni-60-4520-01","status":"publish","type":"product","link":"https:\/\/mjerna-tehnika.ba\/bs\/?product=sat-digitalni-zidni-60-4520-01","title":{"rendered":"Sat digitalni, zidni 60.4520.01"},"content":{"rendered":"","protected":false},"excerpt":{"rendered":"<p>Izuzetno jasan XL display, dimenzije 360 x\u00a0 235 mm<br \/>\nAlarm sa funkcijom odgode alarma<br \/>\nPrikaz unutra\u0161nje temperature i vla\u017enosti, dana u sedmici i datum<br \/>\nRadio kontrolisani sat najvi\u0161e preciznosti<br \/>\nMogu\u0107nost ru\u010dnog pode\u0161avanja i korekcije vremenske zone<\/p>\n<p>Mjerni opseg temperature -10&#8230;+50\u00b0C<br \/>\nRadio kontrolisani sat se mo\u017ee isklju\u010diti<br \/>\nKorekcija vremenske zone +12\/-12h<br \/>\nMjerni opseg vla\u017enosti 1 &#8230; 99% rH<br \/>\nMonta\u017ea na zid ili samostoje\u0107i<br \/>\nBaterije 4 x 1,5 V AA, nisu uklju\u010dene u isporuku<\/p>\n","protected":false},"featured_media":2460,"comment_status":"open","ping_status":"closed","template":"","meta":{"_uf_show_specific_survey":0,"_uf_disable_surveys":false},"product_brand":[],"product_cat":[104,43],"product_tag":[],"class_list":{"0":"post-2458","1":"product","2":"type-product","3":"status-publish","4":"has-post-thumbnail","6":"product_cat-analogni","7":"product_cat-termohigrometri","9":"first","10":"instock","11":"taxable","12":"shipping-taxable","13":"purchasable","14":"product-type-simple"},"aioseo_notices":[],"_links":{"self":[{"href":"https:\/\/mjerna-tehnika.ba\/bs\/index.php?rest_route=\/wp\/v2\/product\/2458","targetHints":{"allow":["GET"]}}],"collection":[{"href":"https:\/\/mjerna-tehnika.ba\/bs\/index.php?rest_route=\/wp\/v2\/product"}],"about":[{"href":"https:\/\/mjerna-tehnika.ba\/bs\/index.php?rest_route=\/wp\/v2\/types\/product"}],"replies":[{"embeddable":true,"href":"https:\/\/mjerna-tehnika.ba\/bs\/index.php?rest_route=%2Fwp%2Fv2%2Fcomments&post=2458"}],"wp:featuredmedia":[{"embeddable":true,"href":"https:\/\/mjerna-tehnika.ba\/bs\/index.php?rest_route=\/wp\/v2\/media\/2460"}],"wp:attachment":[{"href":"https:\/\/mjerna-tehnika.ba\/bs\/index.php?rest_route=%2Fwp%2Fv2%2Fmedia&parent=2458"}],"wp:term":[{"taxonomy":"product_brand","embeddable":true,"href":"https:\/\/mjerna-tehnika.ba\/bs\/index.php?rest_route=%2Fwp%2Fv2%2Fproduct_brand&post=2458"},{"taxonomy":"product_cat","embeddable":true,"href":"https:\/\/mjerna-tehnika.ba\/bs\/index.php?rest_route=%2Fwp%2Fv2%2Fproduct_cat&post=2458"},{"taxonomy":"product_tag","embeddable":true,"href":"https:\/\/mjerna-tehnika.ba\/bs\/index.php?rest_route=%2Fwp%2Fv2%2Fproduct_tag&post=2458"}],"curies":[{"name":"wp","href":"https:\/\/api.w.org\/{rel}","templated":true}]}}