{"id":2449,"date":"2025-10-02T08:21:03","date_gmt":"2025-10-02T08:21:03","guid":{"rendered":"https:\/\/mjerna-tehnika.ba\/bs\/?post_type=product&#038;p=2449"},"modified":"2025-10-02T08:21:03","modified_gmt":"2025-10-02T08:21:03","slug":"termalna-infracrvena-kamera-visualtemp-31-1144-01-tfa-dostmann","status":"publish","type":"product","link":"https:\/\/mjerna-tehnika.ba\/bs\/?product=termalna-infracrvena-kamera-visualtemp-31-1144-01-tfa-dostmann","title":{"rendered":"Termalna, infracrvena kamera VisualTemp, 31.1144.01, TFA Dostmann"},"content":{"rendered":"","protected":false},"excerpt":{"rendered":"<ul>\n<li>Razli\u010diti infracrveni modovi s razli\u010ditim prikazima boja za optimalan prikaz<\/li>\n<li>Dugo trajanje baterije do 8 sati<\/li>\n<li>Punjenje i prijenos slike putem USB-a (kabel uklju\u010den)<\/li>\n<li>Integrisani laserski marker<\/li>\n<li>Navoj za stativ<\/li>\n<li>Svestrane mogu\u0107nosti primjene, npr. sigurnost, inspekcije zgrada, industrija, lov itd.<\/li>\n<li>Mjerno podru\u010dje: -20&#8230;+550\u00b0C<\/li>\n<li>Baterija integrisana, punjiva Li-Ion 3350 mAh<\/li>\n<li>Dimenzije: (L) 196 x (B) 117 x (H) 59 mm, te\u017eina 290g<\/li>\n<li>IR rezolucija 96 \u00d7 96 (9 216 piksela), SuperIR 240 \u00d7 240 (57 600 piksela), termi\u010dka osjetljivost (NETD) &lt; 50 mK, focus free, vidno polje (FOV) 50\u00b0 \u00d7 50\u00b0, prostorna rezolucija (IFOV) 8,89 mrad, minimalna udaljenost fokusa 0,1 m, 4 GB fle\u0161 memorije, pribli\u017eno 30.000 slika, USB interfejs tip-C, klasa za\u0161tite IP54, ta\u010dnost \u00b12 \u00b0C, \u00b12 %<\/li>\n<\/ul>\n","protected":false},"featured_media":2451,"comment_status":"open","ping_status":"closed","template":"","meta":{"_uf_show_specific_survey":0,"_uf_disable_surveys":false},"product_brand":[],"product_cat":[82,41],"product_tag":[],"class_list":{"0":"post-2449","1":"product","2":"type-product","3":"status-publish","4":"has-post-thumbnail","6":"product_cat-infracrvene-termalne-kamere","7":"product_cat-infracrveni-termometri","9":"first","10":"instock","11":"taxable","12":"shipping-taxable","13":"purchasable","14":"product-type-simple"},"aioseo_notices":[],"_links":{"self":[{"href":"https:\/\/mjerna-tehnika.ba\/bs\/index.php?rest_route=\/wp\/v2\/product\/2449","targetHints":{"allow":["GET"]}}],"collection":[{"href":"https:\/\/mjerna-tehnika.ba\/bs\/index.php?rest_route=\/wp\/v2\/product"}],"about":[{"href":"https:\/\/mjerna-tehnika.ba\/bs\/index.php?rest_route=\/wp\/v2\/types\/product"}],"replies":[{"embeddable":true,"href":"https:\/\/mjerna-tehnika.ba\/bs\/index.php?rest_route=%2Fwp%2Fv2%2Fcomments&post=2449"}],"wp:featuredmedia":[{"embeddable":true,"href":"https:\/\/mjerna-tehnika.ba\/bs\/index.php?rest_route=\/wp\/v2\/media\/2451"}],"wp:attachment":[{"href":"https:\/\/mjerna-tehnika.ba\/bs\/index.php?rest_route=%2Fwp%2Fv2%2Fmedia&parent=2449"}],"wp:term":[{"taxonomy":"product_brand","embeddable":true,"href":"https:\/\/mjerna-tehnika.ba\/bs\/index.php?rest_route=%2Fwp%2Fv2%2Fproduct_brand&post=2449"},{"taxonomy":"product_cat","embeddable":true,"href":"https:\/\/mjerna-tehnika.ba\/bs\/index.php?rest_route=%2Fwp%2Fv2%2Fproduct_cat&post=2449"},{"taxonomy":"product_tag","embeddable":true,"href":"https:\/\/mjerna-tehnika.ba\/bs\/index.php?rest_route=%2Fwp%2Fv2%2Fproduct_tag&post=2449"}],"curies":[{"name":"wp","href":"https:\/\/api.w.org\/{rel}","templated":true}]}}