{"id":2444,"date":"2025-10-02T07:46:46","date_gmt":"2025-10-02T07:46:46","guid":{"rendered":"https:\/\/mjerna-tehnika.ba\/bs\/?post_type=product&#038;p=2444"},"modified":"2025-10-02T07:48:43","modified_gmt":"2025-10-02T07:48:43","slug":"termometar-ubodni-30-1064-02-k-tfa-sa-certifikatom","status":"publish","type":"product","link":"https:\/\/mjerna-tehnika.ba\/bs\/?product=termometar-ubodni-30-1064-02-k-tfa-sa-certifikatom","title":{"rendered":"Termometar ubodni 30.1064.02.K TFA, sa certifikatom"},"content":{"rendered":"","protected":false},"excerpt":{"rendered":"<ul>\n<li>Sonda od nehr\u0111aju\u0107eg \u010delika 116 mm<\/li>\n<li>Mjerno podru\u010dje: -40&#8230;+250\u00b0C<\/li>\n<li>Za jednostavno mjerenje temperature teku\u0107ih, pastoznih i polu\u010dvrstih materijala,<\/li>\n<li>Funkcija Max\/min<\/li>\n<li>Osvjetljeni displej, rotiraju\u0107i za 180\u00b0, lako \u010ditljiv<\/li>\n<li>Automatsko isklju\u010divanje (mo\u017ee se deaktivirati)<\/li>\n<li>Vodootporan IP67<\/li>\n<li>Ta\u010dnost \u00b10,5\u00b0C na -20\u2026150\u00b0C, ostalo \u00b11\u00b0C<\/li>\n<li>Kalibrisan sa 3 mjerne ta\u010dke (0\u00b0C\/100\u00b0C\/150\u00b0C)<\/li>\n<li>U skladu sa HACCP i EN 13485 standardima<\/li>\n<li><strong>Sa fabri\u010dkim certifikatom u isporuci<\/strong><\/li>\n<\/ul>\n","protected":false},"featured_media":2446,"comment_status":"open","ping_status":"closed","template":"","meta":{"_uf_show_specific_survey":0,"_uf_disable_surveys":false},"product_brand":[],"product_cat":[50,40],"product_tag":[],"class_list":{"0":"post-2444","1":"product","2":"type-product","3":"status-publish","4":"has-post-thumbnail","6":"product_cat-kontaktni-termometari","7":"product_cat-termometri","9":"first","10":"instock","11":"taxable","12":"shipping-taxable","13":"purchasable","14":"product-type-simple"},"aioseo_notices":[],"_links":{"self":[{"href":"https:\/\/mjerna-tehnika.ba\/bs\/index.php?rest_route=\/wp\/v2\/product\/2444","targetHints":{"allow":["GET"]}}],"collection":[{"href":"https:\/\/mjerna-tehnika.ba\/bs\/index.php?rest_route=\/wp\/v2\/product"}],"about":[{"href":"https:\/\/mjerna-tehnika.ba\/bs\/index.php?rest_route=\/wp\/v2\/types\/product"}],"replies":[{"embeddable":true,"href":"https:\/\/mjerna-tehnika.ba\/bs\/index.php?rest_route=%2Fwp%2Fv2%2Fcomments&post=2444"}],"wp:featuredmedia":[{"embeddable":true,"href":"https:\/\/mjerna-tehnika.ba\/bs\/index.php?rest_route=\/wp\/v2\/media\/2446"}],"wp:attachment":[{"href":"https:\/\/mjerna-tehnika.ba\/bs\/index.php?rest_route=%2Fwp%2Fv2%2Fmedia&parent=2444"}],"wp:term":[{"taxonomy":"product_brand","embeddable":true,"href":"https:\/\/mjerna-tehnika.ba\/bs\/index.php?rest_route=%2Fwp%2Fv2%2Fproduct_brand&post=2444"},{"taxonomy":"product_cat","embeddable":true,"href":"https:\/\/mjerna-tehnika.ba\/bs\/index.php?rest_route=%2Fwp%2Fv2%2Fproduct_cat&post=2444"},{"taxonomy":"product_tag","embeddable":true,"href":"https:\/\/mjerna-tehnika.ba\/bs\/index.php?rest_route=%2Fwp%2Fv2%2Fproduct_tag&post=2444"}],"curies":[{"name":"wp","href":"https:\/\/api.w.org\/{rel}","templated":true}]}}