{"id":2428,"date":"2025-09-10T13:02:48","date_gmt":"2025-09-10T13:02:48","guid":{"rendered":"https:\/\/mjerna-tehnika.ba\/bs\/?post_type=product&#038;p=2428"},"modified":"2025-09-10T13:02:48","modified_gmt":"2025-09-10T13:02:48","slug":"radon-monitor-mjerac-radona-pce-rd-75","status":"publish","type":"product","link":"https:\/\/mjerna-tehnika.ba\/bs\/?product=radon-monitor-mjerac-radona-pce-rd-75","title":{"rendered":"Radon monitor &#8211; mjera\u010d radona PCE-RD 75"},"content":{"rendered":"","protected":false},"excerpt":{"rendered":"<p>Mjera\u010d radona \/ Detektor radona za unutra\u0161nju upotrebu \/ HD display osjetljiv na dodir \/ dugoro\u010dno pohranjivanje podataka \/ automatsko generisanje PDF-a \/ automatski na\u010din rada za isklju\u010divanje<br \/>\nMjera\u010d radona \/ detektor radona nudi precizna mjerenja koncentracija radona u zatvorenom prostoru s rasponom mjerenja od 2 Bq\/m\u00b3 &#8230; 20 kBq\/m\u00b3. Integrisani senzor pulsne jonizacijske komore za radon pru\u017ea pouzdane rezultate u roku od jednog sata s ta\u010dno\u0161\u0107u od 10%. Podaci se a\u017euriraju svakih 10 minuta i mogu se prikazati kao kumulativni prosjek, a tako\u0111er i kao vrijednosti za 12, 24, 48 i 96 sati. Dugoro\u010dno pohranjivanje podataka do 508 dana omogu\u0107uje automatsko sigurnosno kopiranje podataka i izvoz podataka putem USB-a, ako da nije potrebna dodatna instalacija softvera.<br \/>\nMjera\u010d radona \/ detektor radona ima zvu\u010dni alarm za povi\u0161ene nivoe radona, detekciju temperature i vla\u017enosti u realnom vremenu i dugotrajnu punjivu litijumsku bateriju.<\/p>\n<p>Mjera\u010d radona \/ detektor radona pogodan je za upotrebu u domovima, kancelarijama, \u0161kolama i industrijskim zgradama kako bi se osiguralo da nivoi radona u svakom trenutku ostanu u sigurnim granicama. To je va\u017ean alat za vlasnike ku\u0107a, stanodavce i gra\u0111evinske izvo\u0111a\u010de kako bi efikasno smanjili zdravstvene rizike od izlo\u017eenosti radonu i osigurali siguran zrak u zatvorenom prostoru.<\/p>\n<p>Detaljnije karakteristike mo\u017eete preuzeti ovdje: <a href=\"https:\/\/mjerna-tehnika.ba\/bs\/wp-content\/uploads\/Mjerac-radona-PCE-RD-75.pdf\">Mjera\u010d radona PCE-RD 75<\/a><\/p>\n","protected":false},"featured_media":2433,"comment_status":"open","ping_status":"closed","template":"","meta":{"_uf_show_specific_survey":0,"_uf_disable_surveys":false},"product_brand":[],"product_cat":[75],"product_tag":[],"class_list":{"0":"post-2428","1":"product","2":"type-product","3":"status-publish","4":"has-post-thumbnail","6":"product_cat-mjeraci-zracenja","8":"first","9":"instock","10":"taxable","11":"shipping-taxable","12":"purchasable","13":"product-type-simple"},"aioseo_notices":[],"_links":{"self":[{"href":"https:\/\/mjerna-tehnika.ba\/bs\/index.php?rest_route=\/wp\/v2\/product\/2428","targetHints":{"allow":["GET"]}}],"collection":[{"href":"https:\/\/mjerna-tehnika.ba\/bs\/index.php?rest_route=\/wp\/v2\/product"}],"about":[{"href":"https:\/\/mjerna-tehnika.ba\/bs\/index.php?rest_route=\/wp\/v2\/types\/product"}],"replies":[{"embeddable":true,"href":"https:\/\/mjerna-tehnika.ba\/bs\/index.php?rest_route=%2Fwp%2Fv2%2Fcomments&post=2428"}],"wp:featuredmedia":[{"embeddable":true,"href":"https:\/\/mjerna-tehnika.ba\/bs\/index.php?rest_route=\/wp\/v2\/media\/2433"}],"wp:attachment":[{"href":"https:\/\/mjerna-tehnika.ba\/bs\/index.php?rest_route=%2Fwp%2Fv2%2Fmedia&parent=2428"}],"wp:term":[{"taxonomy":"product_brand","embeddable":true,"href":"https:\/\/mjerna-tehnika.ba\/bs\/index.php?rest_route=%2Fwp%2Fv2%2Fproduct_brand&post=2428"},{"taxonomy":"product_cat","embeddable":true,"href":"https:\/\/mjerna-tehnika.ba\/bs\/index.php?rest_route=%2Fwp%2Fv2%2Fproduct_cat&post=2428"},{"taxonomy":"product_tag","embeddable":true,"href":"https:\/\/mjerna-tehnika.ba\/bs\/index.php?rest_route=%2Fwp%2Fv2%2Fproduct_tag&post=2428"}],"curies":[{"name":"wp","href":"https:\/\/api.w.org\/{rel}","templated":true}]}}