{"id":2408,"date":"2025-07-10T12:50:17","date_gmt":"2025-07-10T12:50:17","guid":{"rendered":"https:\/\/mjerna-tehnika.ba\/bs\/?post_type=product&#038;p=2408"},"modified":"2025-07-10T12:50:17","modified_gmt":"2025-07-10T12:50:17","slug":"termohigrometar-exacto-tfa-dostmann-30-5047-54","status":"publish","type":"product","link":"https:\/\/mjerna-tehnika.ba\/bs\/?product=termohigrometar-exacto-tfa-dostmann-30-5047-54","title":{"rendered":"Termohigrometar EXACTO, TFA Dostmann, 30.5047.54"},"content":{"rendered":"","protected":false},"excerpt":{"rendered":"<p>Visokokvalitetni termohigrometar EXACTO s okvirom od nehr\u0111aju\u0107eg \u010delika idealan je mjerni instrument za pra\u0107enje klime u prostoriji. Maksimalne i minimalne vrijednosti trajno se prikazuju na ekranu i mogu se o\u010ditati u bilo kojem trenutku. Dostupne su dvije razli\u010dite memorije. Maks. i min. vrijednosti se automatski resetiraju dnevno, a ru\u010dno nakon samostalno odabranog perioda. Strelice trenda informiraju o promjeni vrijednosti temperature i vla\u017enosti. Higrometar je opremljen vrlo preciznim senzorom. Pozadinsko osvjetljenje olak\u0161ava \u010ditanje ekrana \u010dak i u mraku. EXACTO se mo\u017ee montirati na zid. Integrisani magnet omogu\u0107ava jednostavno pri\u010dvr\u0161\u0107ivanje na metalne povr\u0161ine.<\/p>\n<p>Mjerni opseg vla\u017enosti 1&#8230;99% rH<br \/>\nMjerni opseg temperature -20&#8230;+70\u00b0C<br \/>\nBaterije 2 x AAA 1,5 V<br \/>\nDimenzije (D) 74 x (\u0160) 26 (48) x (V) 90 mm, Te\u017eina 120 g<\/p>\n","protected":false},"featured_media":2410,"comment_status":"open","ping_status":"closed","template":"","meta":{"_uf_show_specific_survey":0,"_uf_disable_surveys":false},"product_brand":[],"product_cat":[43,40],"product_tag":[],"class_list":{"0":"post-2408","1":"product","2":"type-product","3":"status-publish","4":"has-post-thumbnail","6":"product_cat-termohigrometri","7":"product_cat-termometri","9":"first","10":"instock","11":"taxable","12":"shipping-taxable","13":"purchasable","14":"product-type-simple"},"aioseo_notices":[],"_links":{"self":[{"href":"https:\/\/mjerna-tehnika.ba\/bs\/index.php?rest_route=\/wp\/v2\/product\/2408","targetHints":{"allow":["GET"]}}],"collection":[{"href":"https:\/\/mjerna-tehnika.ba\/bs\/index.php?rest_route=\/wp\/v2\/product"}],"about":[{"href":"https:\/\/mjerna-tehnika.ba\/bs\/index.php?rest_route=\/wp\/v2\/types\/product"}],"replies":[{"embeddable":true,"href":"https:\/\/mjerna-tehnika.ba\/bs\/index.php?rest_route=%2Fwp%2Fv2%2Fcomments&post=2408"}],"wp:featuredmedia":[{"embeddable":true,"href":"https:\/\/mjerna-tehnika.ba\/bs\/index.php?rest_route=\/wp\/v2\/media\/2410"}],"wp:attachment":[{"href":"https:\/\/mjerna-tehnika.ba\/bs\/index.php?rest_route=%2Fwp%2Fv2%2Fmedia&parent=2408"}],"wp:term":[{"taxonomy":"product_brand","embeddable":true,"href":"https:\/\/mjerna-tehnika.ba\/bs\/index.php?rest_route=%2Fwp%2Fv2%2Fproduct_brand&post=2408"},{"taxonomy":"product_cat","embeddable":true,"href":"https:\/\/mjerna-tehnika.ba\/bs\/index.php?rest_route=%2Fwp%2Fv2%2Fproduct_cat&post=2408"},{"taxonomy":"product_tag","embeddable":true,"href":"https:\/\/mjerna-tehnika.ba\/bs\/index.php?rest_route=%2Fwp%2Fv2%2Fproduct_tag&post=2408"}],"curies":[{"name":"wp","href":"https:\/\/api.w.org\/{rel}","templated":true}]}}