{"id":2403,"date":"2025-07-09T11:46:13","date_gmt":"2025-07-09T11:46:13","guid":{"rendered":"https:\/\/mjerna-tehnika.ba\/bs\/?post_type=product&#038;p=2403"},"modified":"2026-04-03T08:56:11","modified_gmt":"2026-04-03T08:56:11","slug":"mjerac-sjaja-hg60","status":"publish","type":"product","link":"https:\/\/mjerna-tehnika.ba\/bs\/?product=mjerac-sjaja-hg60","title":{"rendered":"Mjera\u010d sjaja HG60"},"content":{"rendered":"","protected":false},"excerpt":{"rendered":"<p>HG60 mjera\u010d sjaja ima ugao od 60\u00b0, proizveden u skladu sa ISO2813 i GB\/T 9754. Tako\u0111e je kompatibilan s me\u0111unarodnim standardima ASTM D523, ASTM D2457. HG268 je u skladu s JJG696 zahtjevima za rad prvoklasnog mjera\u010da sjaja, \u0161to odgovara CIE 1931(2\u00b0) pod CIE C izvorom svjetlosti.<br \/>\nHG60 mjera\u010d sjaja se \u0161iroko koristi za testiranje sjaja u sljede\u0107im industrijama, kao \u0161to su automobilska, industrija boja, tinte, lakova za pe\u010denje, premaza, drvenih proizvoda; mramora, granita, vitrificiranih poliranih plo\u010dica, kerami\u010dke opeke i porculana; plastike, papira; hardverskoj industriji,&#8230;<\/p>\n<p>Katalog mjera\u010da sjaja HG60 mo\u017eete preuzeti ovdje: <a href=\"https:\/\/mjerna-tehnika.ba\/bs\/wp-content\/uploads\/Mjerac-sjaja-HG-60.pdf\">Mjera\u010d sjaja HG-60<\/a><\/p>\n","protected":false},"featured_media":2406,"comment_status":"open","ping_status":"closed","template":"","meta":{"_uf_show_specific_survey":0,"_uf_disable_surveys":false},"product_brand":[],"product_cat":[76,100],"product_tag":[],"class_list":{"0":"post-2403","1":"product","2":"type-product","3":"status-publish","4":"has-post-thumbnail","6":"product_cat-ispitivanje-materijala","7":"product_cat-mjeraci-sjaja","9":"first","10":"instock","11":"taxable","12":"shipping-taxable","13":"purchasable","14":"product-type-simple"},"aioseo_notices":[],"_links":{"self":[{"href":"https:\/\/mjerna-tehnika.ba\/bs\/index.php?rest_route=\/wp\/v2\/product\/2403","targetHints":{"allow":["GET"]}}],"collection":[{"href":"https:\/\/mjerna-tehnika.ba\/bs\/index.php?rest_route=\/wp\/v2\/product"}],"about":[{"href":"https:\/\/mjerna-tehnika.ba\/bs\/index.php?rest_route=\/wp\/v2\/types\/product"}],"replies":[{"embeddable":true,"href":"https:\/\/mjerna-tehnika.ba\/bs\/index.php?rest_route=%2Fwp%2Fv2%2Fcomments&post=2403"}],"wp:featuredmedia":[{"embeddable":true,"href":"https:\/\/mjerna-tehnika.ba\/bs\/index.php?rest_route=\/wp\/v2\/media\/2406"}],"wp:attachment":[{"href":"https:\/\/mjerna-tehnika.ba\/bs\/index.php?rest_route=%2Fwp%2Fv2%2Fmedia&parent=2403"}],"wp:term":[{"taxonomy":"product_brand","embeddable":true,"href":"https:\/\/mjerna-tehnika.ba\/bs\/index.php?rest_route=%2Fwp%2Fv2%2Fproduct_brand&post=2403"},{"taxonomy":"product_cat","embeddable":true,"href":"https:\/\/mjerna-tehnika.ba\/bs\/index.php?rest_route=%2Fwp%2Fv2%2Fproduct_cat&post=2403"},{"taxonomy":"product_tag","embeddable":true,"href":"https:\/\/mjerna-tehnika.ba\/bs\/index.php?rest_route=%2Fwp%2Fv2%2Fproduct_tag&post=2403"}],"curies":[{"name":"wp","href":"https:\/\/api.w.org\/{rel}","templated":true}]}}