{"id":2398,"date":"2025-07-09T11:40:38","date_gmt":"2025-07-09T11:40:38","guid":{"rendered":"https:\/\/mjerna-tehnika.ba\/bs\/?post_type=product&#038;p=2398"},"modified":"2026-04-03T08:57:02","modified_gmt":"2026-04-03T08:57:02","slug":"mjerac-sjaja-hg268","status":"publish","type":"product","link":"https:\/\/mjerna-tehnika.ba\/bs\/?product=mjerac-sjaja-hg268","title":{"rendered":"Mjera\u010d sjaja HG268"},"content":{"rendered":"","protected":false},"excerpt":{"rendered":"<p>HG268 mjera\u010d sjaja ima uglove od 20, 60 i 85\u00b0, proizveden u skladu sa ISO2813 i GB\/T 9754. Tako\u0111er je kompatibilan s me\u0111unarodnim standardima ASTM D523, ASTM D2457. HG268 je u skladu s JJG696 prvoklasnim radnim zahtjevima za mjera\u010d sjaja, \u0161to odgovara CIE 1931(2\u00b0) pod CIE C izvorom svjetlosti.<\/p>\n<p>HG268 mjera\u010d sjaja se \u0161iroko koristi za testiranje sjaja u sljede\u0107im industrijama, kao \u0161to su automobilska, industrija boja, tinte, lakova za pe\u010denje, premaza, drvenih proizvoda; mramora, granita, vitrificiranih poliranih plo\u010dica, kerami\u010dke opeke i porculana; plastike, papira; hardvera itd.<\/p>\n<p>Katalog mjera\u010da sjaja HG268 mo\u017eete preuzeti ovdje: <a href=\"https:\/\/mjerna-tehnika.ba\/bs\/wp-content\/uploads\/MJERAC-SJAJA-HG-268.pdf\">MJERA\u010c SJAJA HG-268<\/a><\/p>\n","protected":false},"featured_media":2401,"comment_status":"open","ping_status":"closed","template":"","meta":{"_uf_show_specific_survey":0,"_uf_disable_surveys":false},"product_brand":[],"product_cat":[76,100],"product_tag":[],"class_list":{"0":"post-2398","1":"product","2":"type-product","3":"status-publish","4":"has-post-thumbnail","6":"product_cat-ispitivanje-materijala","7":"product_cat-mjeraci-sjaja","9":"first","10":"instock","11":"taxable","12":"shipping-taxable","13":"purchasable","14":"product-type-simple"},"aioseo_notices":[],"_links":{"self":[{"href":"https:\/\/mjerna-tehnika.ba\/bs\/index.php?rest_route=\/wp\/v2\/product\/2398","targetHints":{"allow":["GET"]}}],"collection":[{"href":"https:\/\/mjerna-tehnika.ba\/bs\/index.php?rest_route=\/wp\/v2\/product"}],"about":[{"href":"https:\/\/mjerna-tehnika.ba\/bs\/index.php?rest_route=\/wp\/v2\/types\/product"}],"replies":[{"embeddable":true,"href":"https:\/\/mjerna-tehnika.ba\/bs\/index.php?rest_route=%2Fwp%2Fv2%2Fcomments&post=2398"}],"wp:featuredmedia":[{"embeddable":true,"href":"https:\/\/mjerna-tehnika.ba\/bs\/index.php?rest_route=\/wp\/v2\/media\/2401"}],"wp:attachment":[{"href":"https:\/\/mjerna-tehnika.ba\/bs\/index.php?rest_route=%2Fwp%2Fv2%2Fmedia&parent=2398"}],"wp:term":[{"taxonomy":"product_brand","embeddable":true,"href":"https:\/\/mjerna-tehnika.ba\/bs\/index.php?rest_route=%2Fwp%2Fv2%2Fproduct_brand&post=2398"},{"taxonomy":"product_cat","embeddable":true,"href":"https:\/\/mjerna-tehnika.ba\/bs\/index.php?rest_route=%2Fwp%2Fv2%2Fproduct_cat&post=2398"},{"taxonomy":"product_tag","embeddable":true,"href":"https:\/\/mjerna-tehnika.ba\/bs\/index.php?rest_route=%2Fwp%2Fv2%2Fproduct_tag&post=2398"}],"curies":[{"name":"wp","href":"https:\/\/api.w.org\/{rel}","templated":true}]}}