{"id":2393,"date":"2025-07-09T11:30:40","date_gmt":"2025-07-09T11:30:40","guid":{"rendered":"https:\/\/mjerna-tehnika.ba\/bs\/?post_type=product&#038;p=2393"},"modified":"2025-11-03T10:03:20","modified_gmt":"2025-11-03T10:03:20","slug":"mjerac-vibracija-tmv110","status":"publish","type":"product","link":"https:\/\/mjerna-tehnika.ba\/bs\/?product=mjerac-vibracija-tmv110","title":{"rendered":"Mjera\u010d vibracija TMV110"},"content":{"rendered":"","protected":false},"excerpt":{"rendered":"<p>Model TMV110, prenosivi mjera\u010d vibracija, pogodan je za rutinsko mjerenje vibracija, posebno kod mjerenja vibracija klipnih ma\u0161ina.<\/p>\n<p>Ovaj proizvod koristi optimiziranu metodu filtriranja kako bi se osigurala stabilna i ta\u010dna indikacija mjerenja u okru\u017eenju s vi\u0161estrukim smetnjama. Proizvod je elegantnog izgleda i ima bijeli pozadinski osvijetljeni ekran, i jednostavan za kori\u0161tenje<\/p>\n<p>Raspon testiranja<br \/>\nUbrzanje: 0,1 m\/s\u00b2 ~ 199,9 m\/s\u00b2 (peak)<br \/>\nBrzina: 0,01 cm m\/s\u00b2 ~ 19,99 cm m\/s\u00b2 (RMS)<br \/>\nOpseg: 0,001 mm ~ 1,999 mm (peak-peak)<br \/>\nFrekvencijski raspon<br \/>\nUbrzanje: 10Hz ~ 10kHz<br \/>\nBrzina: 10Hz ~ 1 kHz<br \/>\nOpseg: 10Hz ~ 500 Hz<br \/>\nTolerancija \u00b15%<\/p>\n","protected":false},"featured_media":2395,"comment_status":"open","ping_status":"closed","template":"","meta":{"_uf_show_specific_survey":0,"_uf_disable_surveys":false},"product_brand":[],"product_cat":[76],"product_tag":[],"class_list":{"0":"post-2393","1":"product","2":"type-product","3":"status-publish","4":"has-post-thumbnail","6":"product_cat-ispitivanje-materijala","8":"first","9":"instock","10":"taxable","11":"shipping-taxable","12":"purchasable","13":"product-type-simple"},"aioseo_notices":[],"_links":{"self":[{"href":"https:\/\/mjerna-tehnika.ba\/bs\/index.php?rest_route=\/wp\/v2\/product\/2393","targetHints":{"allow":["GET"]}}],"collection":[{"href":"https:\/\/mjerna-tehnika.ba\/bs\/index.php?rest_route=\/wp\/v2\/product"}],"about":[{"href":"https:\/\/mjerna-tehnika.ba\/bs\/index.php?rest_route=\/wp\/v2\/types\/product"}],"replies":[{"embeddable":true,"href":"https:\/\/mjerna-tehnika.ba\/bs\/index.php?rest_route=%2Fwp%2Fv2%2Fcomments&post=2393"}],"wp:featuredmedia":[{"embeddable":true,"href":"https:\/\/mjerna-tehnika.ba\/bs\/index.php?rest_route=\/wp\/v2\/media\/2395"}],"wp:attachment":[{"href":"https:\/\/mjerna-tehnika.ba\/bs\/index.php?rest_route=%2Fwp%2Fv2%2Fmedia&parent=2393"}],"wp:term":[{"taxonomy":"product_brand","embeddable":true,"href":"https:\/\/mjerna-tehnika.ba\/bs\/index.php?rest_route=%2Fwp%2Fv2%2Fproduct_brand&post=2393"},{"taxonomy":"product_cat","embeddable":true,"href":"https:\/\/mjerna-tehnika.ba\/bs\/index.php?rest_route=%2Fwp%2Fv2%2Fproduct_cat&post=2393"},{"taxonomy":"product_tag","embeddable":true,"href":"https:\/\/mjerna-tehnika.ba\/bs\/index.php?rest_route=%2Fwp%2Fv2%2Fproduct_tag&post=2393"}],"curies":[{"name":"wp","href":"https:\/\/api.w.org\/{rel}","templated":true}]}}