{"id":2389,"date":"2025-07-09T11:15:11","date_gmt":"2025-07-09T11:15:11","guid":{"rendered":"https:\/\/mjerna-tehnika.ba\/bs\/?post_type=product&#038;p=2389"},"modified":"2025-07-09T11:15:11","modified_gmt":"2025-07-09T11:15:11","slug":"mjerac-debljine-stijenke-tm251d","status":"publish","type":"product","link":"https:\/\/mjerna-tehnika.ba\/bs\/?product=mjerac-debljine-stijenke-tm251d","title":{"rendered":"Mjera\u010d debljine stijenke TM251D"},"content":{"rendered":"","protected":false},"excerpt":{"rendered":"<p>Mjera\u010d debljine stijenke\u00a0 TM 251D je kompaktan instrument za mjerenje debljine stijenke metala, stakla, keramike, homogene plastike,\u2026. Ovaj mjera\u010d debljine materijala\u00a0\u00a0 koristi vanjsku ultrazvu\u010dnu sondu i ima mogu\u0107nost mjerenja debljine stijenke preko premaza<\/p>\n<ul>\n<li>Mjerno podru\u010dje: 0.8\u2026 250,00 mm, zavisno od sonde<\/li>\n<li>Mjerno podru\u010dje kroz premaz: 3mm&#8230;18mm, zavisno od sonde<\/li>\n<li>Blok za kalibrisanje je integrisan na ure\u0111aju.<\/li>\n<li>U isporuku uklju\u010deno: mjera\u010d debljine stijenke TM251D, software, USB kabal, ultrazvu\u010dni gel, kofer, uputstvo<\/li>\n<\/ul>\n","protected":false},"featured_media":2391,"comment_status":"open","ping_status":"closed","template":"","meta":{"_uf_show_specific_survey":0,"_uf_disable_surveys":false},"product_brand":[],"product_cat":[76,38],"product_tag":[],"class_list":{"0":"post-2389","1":"product","2":"type-product","3":"status-publish","4":"has-post-thumbnail","6":"product_cat-ispitivanje-materijala","7":"product_cat-mjeraci-debljine-stijenke","9":"first","10":"instock","11":"taxable","12":"shipping-taxable","13":"purchasable","14":"product-type-simple"},"aioseo_notices":[],"_links":{"self":[{"href":"https:\/\/mjerna-tehnika.ba\/bs\/index.php?rest_route=\/wp\/v2\/product\/2389","targetHints":{"allow":["GET"]}}],"collection":[{"href":"https:\/\/mjerna-tehnika.ba\/bs\/index.php?rest_route=\/wp\/v2\/product"}],"about":[{"href":"https:\/\/mjerna-tehnika.ba\/bs\/index.php?rest_route=\/wp\/v2\/types\/product"}],"replies":[{"embeddable":true,"href":"https:\/\/mjerna-tehnika.ba\/bs\/index.php?rest_route=%2Fwp%2Fv2%2Fcomments&post=2389"}],"wp:featuredmedia":[{"embeddable":true,"href":"https:\/\/mjerna-tehnika.ba\/bs\/index.php?rest_route=\/wp\/v2\/media\/2391"}],"wp:attachment":[{"href":"https:\/\/mjerna-tehnika.ba\/bs\/index.php?rest_route=%2Fwp%2Fv2%2Fmedia&parent=2389"}],"wp:term":[{"taxonomy":"product_brand","embeddable":true,"href":"https:\/\/mjerna-tehnika.ba\/bs\/index.php?rest_route=%2Fwp%2Fv2%2Fproduct_brand&post=2389"},{"taxonomy":"product_cat","embeddable":true,"href":"https:\/\/mjerna-tehnika.ba\/bs\/index.php?rest_route=%2Fwp%2Fv2%2Fproduct_cat&post=2389"},{"taxonomy":"product_tag","embeddable":true,"href":"https:\/\/mjerna-tehnika.ba\/bs\/index.php?rest_route=%2Fwp%2Fv2%2Fproduct_tag&post=2389"}],"curies":[{"name":"wp","href":"https:\/\/api.w.org\/{rel}","templated":true}]}}