{"id":2375,"date":"2025-06-03T11:35:52","date_gmt":"2025-06-03T11:35:52","guid":{"rendered":"https:\/\/mjerna-tehnika.ba\/bs\/?post_type=product&#038;p=2375"},"modified":"2025-06-03T11:42:08","modified_gmt":"2025-06-03T11:42:08","slug":"meteoroloska-vremenska-stanica-bresser-air-monn-7u1","status":"publish","type":"product","link":"https:\/\/mjerna-tehnika.ba\/bs\/?product=meteoroloska-vremenska-stanica-bresser-air-monn-7u1","title":{"rendered":"Meteorolo\u0161ka &#8211; vremenska stanica Bresser Air Mon 7u1"},"content":{"rendered":"","protected":false},"excerpt":{"rendered":"<p>Meteorolo\u0161ka &#8211; vremenska stanica sa monitorom kvaliteta zraka, uklju\u010duju\u0107i 7-dnevnu prognozu<br \/>\nMjeri temperaturu, vla\u017enost, brzinu\/smjer vjetra, padavine, intenzitet svjetlosti, UV, pritisak zraka<br \/>\nKvalitet zraka: PM2.5, PM10, NO2, SO2, O3, CO, AQI (indeks kvaliteta zraka); sa semaforom za nivo udobnosti<br \/>\nDimenzije: 140 x 240 x 20 mm; Te\u017eina: 1.078 g<br \/>\nOpseg isporuke: Bazna stanica, 7-u-1 multisenzor, adapter za napajanje, upute<br \/>\nTrenutno vrijeme i 7-dnevna prognoza sa maksimalnim\/minimalnim temperaturama<br \/>\nFunkcije upozorenja na vrijeme i kvalitet zraka<\/p>\n<p>Preuzmite katalog: <a href=\"https:\/\/mjerna-tehnika.ba\/bs\/wp-content\/uploads\/Vremenska-stanica-Bresser-7in1-Air-Mon.pdf\">Vremenska stanica Bresser 7in1 Air-Mon<\/a><\/p>\n<p>Tehni\u010dke karakteristike: <a href=\"https:\/\/mjerna-tehnika.ba\/bs\/wp-content\/uploads\/Vremenska-stanica-Bresser-7in1-Air-Mon_tehnicke-specifikacije.pdf\">Vremenska stanica Bresser 7in1 Air-Mon_tehni\u010dke specifikacije<\/a><\/p>\n","protected":false},"featured_media":2379,"comment_status":"open","ping_status":"closed","template":"","meta":{"_uf_show_specific_survey":0,"_uf_disable_surveys":false},"product_brand":[],"product_cat":[49,80,45],"product_tag":[],"class_list":{"0":"post-2375","1":"product","2":"type-product","3":"status-publish","4":"has-post-thumbnail","6":"product_cat-kisomjeri","7":"product_cat-meteoroloska-oprema","8":"product_cat-vremenske-stanice","10":"first","11":"instock","12":"taxable","13":"shipping-taxable","14":"purchasable","15":"product-type-simple"},"aioseo_notices":[],"_links":{"self":[{"href":"https:\/\/mjerna-tehnika.ba\/bs\/index.php?rest_route=\/wp\/v2\/product\/2375","targetHints":{"allow":["GET"]}}],"collection":[{"href":"https:\/\/mjerna-tehnika.ba\/bs\/index.php?rest_route=\/wp\/v2\/product"}],"about":[{"href":"https:\/\/mjerna-tehnika.ba\/bs\/index.php?rest_route=\/wp\/v2\/types\/product"}],"replies":[{"embeddable":true,"href":"https:\/\/mjerna-tehnika.ba\/bs\/index.php?rest_route=%2Fwp%2Fv2%2Fcomments&post=2375"}],"wp:featuredmedia":[{"embeddable":true,"href":"https:\/\/mjerna-tehnika.ba\/bs\/index.php?rest_route=\/wp\/v2\/media\/2379"}],"wp:attachment":[{"href":"https:\/\/mjerna-tehnika.ba\/bs\/index.php?rest_route=%2Fwp%2Fv2%2Fmedia&parent=2375"}],"wp:term":[{"taxonomy":"product_brand","embeddable":true,"href":"https:\/\/mjerna-tehnika.ba\/bs\/index.php?rest_route=%2Fwp%2Fv2%2Fproduct_brand&post=2375"},{"taxonomy":"product_cat","embeddable":true,"href":"https:\/\/mjerna-tehnika.ba\/bs\/index.php?rest_route=%2Fwp%2Fv2%2Fproduct_cat&post=2375"},{"taxonomy":"product_tag","embeddable":true,"href":"https:\/\/mjerna-tehnika.ba\/bs\/index.php?rest_route=%2Fwp%2Fv2%2Fproduct_tag&post=2375"}],"curies":[{"name":"wp","href":"https:\/\/api.w.org\/{rel}","templated":true}]}}