{"id":2357,"date":"2025-04-29T13:41:45","date_gmt":"2025-04-29T13:41:45","guid":{"rendered":"https:\/\/mjerna-tehnika.ba\/bs\/?post_type=product&#038;p=2357"},"modified":"2025-04-29T13:41:45","modified_gmt":"2025-04-29T13:41:45","slug":"mjerac-hrapavosti-tmr-140","status":"publish","type":"product","link":"https:\/\/mjerna-tehnika.ba\/bs\/?product=mjerac-hrapavosti-tmr-140","title":{"rendered":"Mjera\u010d hrapavosti TMR 140"},"content":{"rendered":"<p>&nbsp;<\/p>\n<table border=\"1\" cellspacing=\"0\" cellpadding=\"0\">\n<tbody>\n<tr>\n<td valign=\"top\" width=\"267\">\n<p align=\"center\">Roughness parameter<\/p>\n<\/td>\n<td valign=\"top\" width=\"220\">\n<p align=\"center\">Ra,Rz,Rq,Rt<\/p>\n<\/td>\n<\/tr>\n<tr>\n<td valign=\"top\" width=\"267\">\n<p align=\"center\">Tracing length<\/p>\n<\/td>\n<td valign=\"top\" width=\"220\">\n<p align=\"center\">6mm<\/p>\n<\/td>\n<\/tr>\n<tr>\n<td valign=\"top\" width=\"267\">\n<p align=\"center\">Tracing speed<\/p>\n<\/td>\n<td valign=\"top\" width=\"220\">\n<p align=\"center\">1.0mm\/sec<\/p>\n<\/td>\n<\/tr>\n<tr>\n<td valign=\"top\" width=\"267\">\n<p align=\"center\">Cut-off lengths<\/p>\n<\/td>\n<td valign=\"top\" width=\"220\">\n<p align=\"center\">0.25mm\/0.8mm\/2.5mm<\/p>\n<\/td>\n<\/tr>\n<tr>\n<td valign=\"top\" width=\"267\">\n<p align=\"center\">Evaluation length<\/p>\n<\/td>\n<td valign=\"top\" width=\"220\">\n<p align=\"center\">1.25mm\/4.0mm\/5.0mm<\/p>\n<\/td>\n<\/tr>\n<tr>\n<td valign=\"top\" width=\"267\">\n<p align=\"center\">Measuring range<\/p>\n<\/td>\n<td valign=\"top\" width=\"220\">\n<p align=\"center\">Ra: 0.05-10.0\u03bcm Rz: 0.1-50\u03bcm<\/p>\n<\/td>\n<\/tr>\n<tr>\n<td valign=\"top\" width=\"267\">\n<p align=\"center\">Accuracy<\/p>\n<\/td>\n<td valign=\"top\" width=\"220\">\n<p align=\"center\">\u00b15%<\/p>\n<\/td>\n<\/tr>\n<tr>\n<td valign=\"top\" width=\"267\">\n<p align=\"center\">Repeatability<\/p>\n<\/td>\n<td valign=\"top\" width=\"220\">\n<p align=\"center\">&lt;12%<\/p>\n<\/td>\n<\/tr>\n<tr>\n<td valign=\"top\" width=\"267\">\n<p align=\"center\">Radius and angle of the stylus point<\/p>\n<\/td>\n<td valign=\"top\" width=\"220\">\n<p align=\"center\">Diamond,Radius : 10\u03bcm\u00b11\u03bcm<\/p>\n<p align=\"center\">Angle: 90\u00b0(+5\u00b0or -10\u00b0)<\/p>\n<\/td>\n<\/tr>\n<tr>\n<td valign=\"top\" width=\"267\">\n<p align=\"center\">Power supply<\/p>\n<\/td>\n<td valign=\"top\" width=\"220\">\n<p align=\"center\">3.7V Li-ion battery<\/p>\n<\/td>\n<\/tr>\n<tr>\n<td valign=\"top\" width=\"267\">\n<p align=\"center\">Recharging time<\/p>\n<\/td>\n<td valign=\"top\" width=\"220\">\n<p align=\"center\">3 hours<\/p>\n<\/td>\n<\/tr>\n<tr>\n<td valign=\"top\" width=\"267\">\n<p align=\"center\">Operating temperature<\/p>\n<\/td>\n<td valign=\"top\" width=\"220\">\n<p align=\"center\">-20-40 \u2103<\/p>\n<\/td>\n<\/tr>\n<tr>\n<td valign=\"top\" width=\"267\">\n<p align=\"center\">Relative humidity<\/p>\n<\/td>\n<td valign=\"top\" width=\"220\">\n<p align=\"center\">&lt;90%<\/p>\n<\/td>\n<\/tr>\n<tr>\n<td valign=\"top\" width=\"267\">\n<p align=\"center\">Dimensions (L\u00d7W\u00d7H)<\/p>\n<\/td>\n<td valign=\"top\" width=\"220\">\n<p align=\"center\">106\u00d770\u00d724mm<\/p>\n<\/td>\n<\/tr>\n<tr>\n<td valign=\"top\" width=\"267\">\n<p align=\"center\">Weight<\/p>\n<\/td>\n<td valign=\"top\" width=\"220\">\n<p align=\"center\">200g<\/p>\n<\/td>\n<\/tr>\n<\/tbody>\n<\/table>\n","protected":false},"excerpt":{"rendered":"<p>&nbsp;<\/p>\n<ul>\n<li>D\u017eepna veli\u010dina i ekonomi\u010dna cijena<\/li>\n<li>Kori\u0161tenje brzog mikroprocesora DSP;<\/li>\n<li>\u00a0OLED ekran, svijetao i bez vizualnog ugla<\/li>\n<li>USB priklju\u010dak za prijenos podataka<\/li>\n<li>Veliki mjerni raspon pogodan za ve\u0107inu materijala<\/li>\n<li>Mjeri ravne, vanjske cilindri\u010dne i kose povr\u0161ine<\/li>\n<li>Ra, Rz, Rq,Rt standardi u jednom instrumentu<\/li>\n<li>Radi na punjivu litijumsku bateriju od 3,7 V, radi tokom punjenja<\/li>\n<li>Indikator baterije u realnom vremenu<\/li>\n<\/ul>\n","protected":false},"featured_media":2359,"comment_status":"open","ping_status":"closed","template":"","meta":{"_uf_show_specific_survey":0,"_uf_disable_surveys":false},"product_brand":[],"product_cat":[76],"product_tag":[],"class_list":{"0":"post-2357","1":"product","2":"type-product","3":"status-publish","4":"has-post-thumbnail","6":"product_cat-ispitivanje-materijala","8":"first","9":"instock","10":"taxable","11":"shipping-taxable","12":"purchasable","13":"product-type-simple"},"aioseo_notices":[],"_links":{"self":[{"href":"https:\/\/mjerna-tehnika.ba\/bs\/index.php?rest_route=\/wp\/v2\/product\/2357","targetHints":{"allow":["GET"]}}],"collection":[{"href":"https:\/\/mjerna-tehnika.ba\/bs\/index.php?rest_route=\/wp\/v2\/product"}],"about":[{"href":"https:\/\/mjerna-tehnika.ba\/bs\/index.php?rest_route=\/wp\/v2\/types\/product"}],"replies":[{"embeddable":true,"href":"https:\/\/mjerna-tehnika.ba\/bs\/index.php?rest_route=%2Fwp%2Fv2%2Fcomments&post=2357"}],"wp:featuredmedia":[{"embeddable":true,"href":"https:\/\/mjerna-tehnika.ba\/bs\/index.php?rest_route=\/wp\/v2\/media\/2359"}],"wp:attachment":[{"href":"https:\/\/mjerna-tehnika.ba\/bs\/index.php?rest_route=%2Fwp%2Fv2%2Fmedia&parent=2357"}],"wp:term":[{"taxonomy":"product_brand","embeddable":true,"href":"https:\/\/mjerna-tehnika.ba\/bs\/index.php?rest_route=%2Fwp%2Fv2%2Fproduct_brand&post=2357"},{"taxonomy":"product_cat","embeddable":true,"href":"https:\/\/mjerna-tehnika.ba\/bs\/index.php?rest_route=%2Fwp%2Fv2%2Fproduct_cat&post=2357"},{"taxonomy":"product_tag","embeddable":true,"href":"https:\/\/mjerna-tehnika.ba\/bs\/index.php?rest_route=%2Fwp%2Fv2%2Fproduct_tag&post=2357"}],"curies":[{"name":"wp","href":"https:\/\/api.w.org\/{rel}","templated":true}]}}