{"id":2336,"date":"2025-02-19T13:43:18","date_gmt":"2025-02-19T13:43:18","guid":{"rendered":"https:\/\/mjerna-tehnika.ba\/bs\/?post_type=product&#038;p=2336"},"modified":"2025-04-10T20:43:38","modified_gmt":"2025-04-10T20:43:38","slug":"endoskop-industrijski-bo22-trotec","status":"publish","type":"product","link":"https:\/\/mjerna-tehnika.ba\/bs\/?product=endoskop-industrijski-bo22-trotec","title":{"rendered":"Endoskop industrijski BO22, Trotec"},"content":{"rendered":"","protected":false},"excerpt":{"rendered":"<p>Mini endoskop BO22 je savr\u0161en pomo\u0107nik bilo da se radi o indirektnom opti\u010dkom pregledu skrivenih dijelova ma\u0161ine ili za uvid u \u0161upljine koje su dostupne samo kroz male otvore &#8211; uska i polufleksibilna sonda sa mini-kamerom ima pre\u010dnik od samo 5,5 mm i stoga je idealno prikladna za pregled automobila ili za informativni pregled kao \u0161to su kanali, slijepi kanali ili kanali. Savitljiva sonda du\u017eine 95 cm mo\u017ee se umetnuti u male otvore, a \u010detverostepeno svjetlo sa 6 LED dioda koje se mo\u017ee prigu\u0161iti osvjetljava okolinu idealno za visokokvalitetne slike inspekcije &#8211; \u010dak i pod vodom. Display u boji isporu\u010duje o\u0161tre fotografije i video zapise visoke rezolucije od 1280 x 720 piksela, a zum od 3x je dostupan za gledanje uve\u0107anja. Prakti\u010dna funkcija rotacije slike za 180\u00b0 pojednostavljuje prikaz u slu\u010daju da je slika prikazana naopako zbog polo\u017eaja sonde.<\/p>\n<ul>\n<li>95 cm duga, polusavitljiva i savitljiva sonda (\u00d8 5,5 mm)<\/li>\n<li>Vodootporan prema IP67 (sonda s gu\u0161\u010djim vratom i glava kamere) za podvodnu upotrebu<\/li>\n<li>Uklju\u010duje 3-dijelni set pribora sa ogledalom od 45\u00b0, kukom i nastavkom za magnet<\/li>\n<li>Kamera visokog kvaliteta rezolucije 1280 x 720 px<\/li>\n<li>Snimanje fotografija i video zapisa &#8211; sa umetnutom Micro-SD karticom do 32 GB<\/li>\n<li>6-struko LED svjetlo na glavi kamere sa 4 nivoa svjetline<\/li>\n<li>LED svjetlo u ku\u0107i\u0161tu (funkcija svjetiljke)<\/li>\n<li>Funkcija preokretanja za rotaciju slike za 180\u00b0, 3x zum<\/li>\n<li>Prikaz datuma i vremena<\/li>\n<\/ul>\n","protected":false},"featured_media":2344,"comment_status":"open","ping_status":"closed","template":"","meta":{"_uf_show_specific_survey":0,"_uf_disable_surveys":false},"product_brand":[],"product_cat":[96],"product_tag":[],"class_list":{"0":"post-2336","1":"product","2":"type-product","3":"status-publish","4":"has-post-thumbnail","6":"product_cat-endoskopi","8":"first","9":"instock","10":"taxable","11":"shipping-taxable","12":"purchasable","13":"product-type-simple"},"aioseo_notices":[],"_links":{"self":[{"href":"https:\/\/mjerna-tehnika.ba\/bs\/index.php?rest_route=\/wp\/v2\/product\/2336","targetHints":{"allow":["GET"]}}],"collection":[{"href":"https:\/\/mjerna-tehnika.ba\/bs\/index.php?rest_route=\/wp\/v2\/product"}],"about":[{"href":"https:\/\/mjerna-tehnika.ba\/bs\/index.php?rest_route=\/wp\/v2\/types\/product"}],"replies":[{"embeddable":true,"href":"https:\/\/mjerna-tehnika.ba\/bs\/index.php?rest_route=%2Fwp%2Fv2%2Fcomments&post=2336"}],"wp:featuredmedia":[{"embeddable":true,"href":"https:\/\/mjerna-tehnika.ba\/bs\/index.php?rest_route=\/wp\/v2\/media\/2344"}],"wp:attachment":[{"href":"https:\/\/mjerna-tehnika.ba\/bs\/index.php?rest_route=%2Fwp%2Fv2%2Fmedia&parent=2336"}],"wp:term":[{"taxonomy":"product_brand","embeddable":true,"href":"https:\/\/mjerna-tehnika.ba\/bs\/index.php?rest_route=%2Fwp%2Fv2%2Fproduct_brand&post=2336"},{"taxonomy":"product_cat","embeddable":true,"href":"https:\/\/mjerna-tehnika.ba\/bs\/index.php?rest_route=%2Fwp%2Fv2%2Fproduct_cat&post=2336"},{"taxonomy":"product_tag","embeddable":true,"href":"https:\/\/mjerna-tehnika.ba\/bs\/index.php?rest_route=%2Fwp%2Fv2%2Fproduct_tag&post=2336"}],"curies":[{"name":"wp","href":"https:\/\/api.w.org\/{rel}","templated":true}]}}