{"id":2315,"date":"2025-02-19T13:22:46","date_gmt":"2025-02-19T13:22:46","guid":{"rendered":"https:\/\/mjerna-tehnika.ba\/bs\/?post_type=product&#038;p=2315"},"modified":"2025-02-19T13:22:47","modified_gmt":"2025-02-19T13:22:47","slug":"mjerac-kvalitete-zraka-bq30-trotec","status":"publish","type":"product","link":"https:\/\/mjerna-tehnika.ba\/bs\/?product=mjerac-kvalitete-zraka-bq30-trotec","title":{"rendered":"Mjera\u010d kvalitete zraka BQ30, Trotec"},"content":{"rendered":"","protected":false},"excerpt":{"rendered":"<ul>\n<li>Zbog svojih preciznih rezultata mjerenja, be\u017ei\u010dnog, dugotrajnog rada na baterije, male te\u017eine i kompaktnih dimenzija, monitor kvalitete zraka BQ30 savr\u0161en je suputnik gdje god treba dokazati mogu\u0107i zdravstveni rizik uzrokovan finom pra\u0161inom i one\u010di\u0161\u0107enjem CO\u00a0<sub>2<\/sub><\/li>\n<li>Mjera\u010d\u00a0 kvalitete zraka BQ30 istovremeno bilje\u017ei i masenu koncentraciju \u010destica u zraku<\/li>\n<li>Mjerenje \u010destica\u00a0 pra\u0161ine\u00a0 promjera PM2,5 i PM10<\/li>\n<li>Prikaz one\u010di\u0161\u0107enja CO\u00a0<sub>2<\/sub>\u00a0, trenutne sobne temperature i sobne vla\u017enosti<\/li>\n<li>Memorija do 5000 skupova podataka<\/li>\n<li>Dodatni pokaziva\u010d u boji s automatskim zvu\u010dnim alarmom za brzo otkrivanje kriti\u010dnih koncentracija \u010destica<\/li>\n<li>Automatsko isklju\u010divanje<\/li>\n<li>Mogu\u0107 rad na baterije i mre\u017eni rad<\/li>\n<li>Prikaz datuma i vremena<\/li>\n<\/ul>\n","protected":false},"featured_media":2321,"comment_status":"open","ping_status":"closed","template":"","meta":{"_uf_show_specific_survey":0,"_uf_disable_surveys":false},"product_brand":[],"product_cat":[95,43],"product_tag":[],"class_list":{"0":"post-2315","1":"product","2":"type-product","3":"status-publish","4":"has-post-thumbnail","6":"product_cat-brojaci-cestica-mjeraci-prasine","7":"product_cat-termohigrometri","9":"first","10":"instock","11":"taxable","12":"shipping-taxable","13":"purchasable","14":"product-type-simple"},"aioseo_notices":[],"_links":{"self":[{"href":"https:\/\/mjerna-tehnika.ba\/bs\/index.php?rest_route=\/wp\/v2\/product\/2315","targetHints":{"allow":["GET"]}}],"collection":[{"href":"https:\/\/mjerna-tehnika.ba\/bs\/index.php?rest_route=\/wp\/v2\/product"}],"about":[{"href":"https:\/\/mjerna-tehnika.ba\/bs\/index.php?rest_route=\/wp\/v2\/types\/product"}],"replies":[{"embeddable":true,"href":"https:\/\/mjerna-tehnika.ba\/bs\/index.php?rest_route=%2Fwp%2Fv2%2Fcomments&post=2315"}],"wp:featuredmedia":[{"embeddable":true,"href":"https:\/\/mjerna-tehnika.ba\/bs\/index.php?rest_route=\/wp\/v2\/media\/2321"}],"wp:attachment":[{"href":"https:\/\/mjerna-tehnika.ba\/bs\/index.php?rest_route=%2Fwp%2Fv2%2Fmedia&parent=2315"}],"wp:term":[{"taxonomy":"product_brand","embeddable":true,"href":"https:\/\/mjerna-tehnika.ba\/bs\/index.php?rest_route=%2Fwp%2Fv2%2Fproduct_brand&post=2315"},{"taxonomy":"product_cat","embeddable":true,"href":"https:\/\/mjerna-tehnika.ba\/bs\/index.php?rest_route=%2Fwp%2Fv2%2Fproduct_cat&post=2315"},{"taxonomy":"product_tag","embeddable":true,"href":"https:\/\/mjerna-tehnika.ba\/bs\/index.php?rest_route=%2Fwp%2Fv2%2Fproduct_tag&post=2315"}],"curies":[{"name":"wp","href":"https:\/\/api.w.org\/{rel}","templated":true}]}}