{"id":2297,"date":"2025-02-05T12:27:33","date_gmt":"2025-02-05T12:27:33","guid":{"rendered":"https:\/\/mjerna-tehnika.ba\/bs\/?post_type=product&#038;p=2297"},"modified":"2025-02-05T12:27:33","modified_gmt":"2025-02-05T12:27:33","slug":"datalogger-termohigrometar-log110","status":"publish","type":"product","link":"https:\/\/mjerna-tehnika.ba\/bs\/?product=datalogger-termohigrometar-log110","title":{"rendered":"Datalogger, termohigrometar LOG110"},"content":{"rendered":"<p>LOG110 vam omogu\u0107ava pra\u0107enje i snimanje vrijednosti temperature i vla\u017enosti. U slu\u010daju transporta delikatnih proizvoda, u hladnja\u010dama, server sobama ili po propisanim protokolima ispitivanja.<\/p>\n<ul>\n<li>MAX\/MIN\/AVG funkcija<\/li>\n<li>Vizuelni i zvu\u010dni HI\/LO\/Alarm<\/li>\n<li>Memorija za 60.000 izmjerenih vrijednosti na 3 parametra, podesivi interval evidentiranja od 1 sekunde do 24 sata<\/li>\n<li>USB interfejs, software u okviru isporuke<\/li>\n<li>Senzor na kablu za temperaturu u okviru isporuke<\/li>\n<li>Temperatura: ta\u010dnost: \u00b10,5\u00b0C na -20\u2026+50\u00b0C, ina\u010de \u00b10,7\u00b0C<\/li>\n<li>Sa vla\u017eno\u0161\u0107u: rezolucija: 0,1% rH, ta\u010dnost: \u00b13% rH<\/li>\n<li>Proizvedeno u Njema\u010dkoj\n<p>Tehni\u010dki podaci<br \/>\nMjerno podru\u010dje u zatvorenom prostoru -30&#8230;+70\u00b0C<br \/>\nMjerno podru\u010dje vanjske temperature -50&#8230;+125\u00b0C<br \/>\nSadr\u017eaj isporuke: Data logger, baterija, uputstvo za upotrebu, ISO certifikat, software, USB kabal, senzor za temperaturu 30.3504<br \/>\nRaspon mjerenja vla\u017enosti 0&#8230;99%<br \/>\nBaterije 1 x CR2032<br \/>\nDimenzije (D) 60 x (B) 21 x (V) 89 mm, Te\u017eina 57 g<\/li>\n<\/ul>\n","protected":false},"excerpt":{"rendered":"<p>LOG110 vam omogu\u0107ava pra\u0107enje i snimanje vrijednosti temperature i vla\u017enosti. U slu\u010daju transporta delikatnih proizvoda, u hladnja\u010dama, server sobama ili po propisanim protokolima ispitivanja.<\/p>\n<ul>\n<li>MAX\/MIN\/AVG funkcija<\/li>\n<li>Vizuelni i zvu\u010dni HI\/LO\/Alarm<\/li>\n<li>Memorija za 60.000 izmjerenih vrijednosti na 3 parametra, podesivi interval evidentiranja od 1 sekunde do 24 sata<\/li>\n<li>USB interfejs, software u okviru isporuke<\/li>\n<li>Senzor na kablu za temperaturu u okviru isporuke<\/li>\n<li>Temperatura: ta\u010dnost: \u00b10,5\u00b0C na -20\u2026+50\u00b0C, ina\u010de \u00b10,7\u00b0C<\/li>\n<li>Sa vla\u017eno\u0161\u0107u: rezolucija: 0,1% rH, ta\u010dnost: \u00b13% rH<\/li>\n<li>Proizvedeno u Njema\u010dkoj\n<p>Tehni\u010dki podaci<br \/>\nMjerno podru\u010dje u zatvorenom prostoru -30&#8230;+70\u00b0C<br \/>\nMjerno podru\u010dje vanjske temperature -50&#8230;+125\u00b0C<br \/>\nSadr\u017eaj isporuke: Data logger, baterija, uputstvo za upotrebu, ISO certifikat, software, USB kabal, senzor za temperaturu 30.3504<br \/>\nRaspon mjerenja vla\u017enosti 0&#8230;99%<br \/>\nBaterije 1 x CR2032<br \/>\nDimenzije (D) 60 x (B) 21 x (V) 89 mm, Te\u017eina 57 g<\/li>\n<\/ul>\n","protected":false},"featured_media":2300,"comment_status":"open","ping_status":"closed","template":"","meta":{"_uf_show_specific_survey":0,"_uf_disable_surveys":false},"product_brand":[],"product_cat":[42,43,40],"product_tag":[],"class_list":{"0":"post-2297","1":"product","2":"type-product","3":"status-publish","4":"has-post-thumbnail","6":"product_cat-dataloggeri","7":"product_cat-termohigrometri","8":"product_cat-termometri","10":"first","11":"instock","12":"taxable","13":"shipping-taxable","14":"purchasable","15":"product-type-simple"},"aioseo_notices":[],"_links":{"self":[{"href":"https:\/\/mjerna-tehnika.ba\/bs\/index.php?rest_route=\/wp\/v2\/product\/2297","targetHints":{"allow":["GET"]}}],"collection":[{"href":"https:\/\/mjerna-tehnika.ba\/bs\/index.php?rest_route=\/wp\/v2\/product"}],"about":[{"href":"https:\/\/mjerna-tehnika.ba\/bs\/index.php?rest_route=\/wp\/v2\/types\/product"}],"replies":[{"embeddable":true,"href":"https:\/\/mjerna-tehnika.ba\/bs\/index.php?rest_route=%2Fwp%2Fv2%2Fcomments&post=2297"}],"wp:featuredmedia":[{"embeddable":true,"href":"https:\/\/mjerna-tehnika.ba\/bs\/index.php?rest_route=\/wp\/v2\/media\/2300"}],"wp:attachment":[{"href":"https:\/\/mjerna-tehnika.ba\/bs\/index.php?rest_route=%2Fwp%2Fv2%2Fmedia&parent=2297"}],"wp:term":[{"taxonomy":"product_brand","embeddable":true,"href":"https:\/\/mjerna-tehnika.ba\/bs\/index.php?rest_route=%2Fwp%2Fv2%2Fproduct_brand&post=2297"},{"taxonomy":"product_cat","embeddable":true,"href":"https:\/\/mjerna-tehnika.ba\/bs\/index.php?rest_route=%2Fwp%2Fv2%2Fproduct_cat&post=2297"},{"taxonomy":"product_tag","embeddable":true,"href":"https:\/\/mjerna-tehnika.ba\/bs\/index.php?rest_route=%2Fwp%2Fv2%2Fproduct_tag&post=2297"}],"curies":[{"name":"wp","href":"https:\/\/api.w.org\/{rel}","templated":true}]}}