{"id":2260,"date":"2024-11-13T08:14:05","date_gmt":"2024-11-13T08:14:05","guid":{"rendered":"https:\/\/mjerna-tehnika.ba\/bs\/?post_type=product&#038;p=2260"},"modified":"2024-11-13T08:14:06","modified_gmt":"2024-11-13T08:14:06","slug":"sat-zidni-termohigrometar-tfa-60-4520-01","status":"publish","type":"product","link":"https:\/\/mjerna-tehnika.ba\/bs\/?product=sat-zidni-termohigrometar-tfa-60-4520-01","title":{"rendered":"Sat zidni, termohigrometar TFA 60.4520.01"},"content":{"rendered":"<ul>\n<li>Veliki XL display (Dimenzije: 360mm x\u00a0 235 mm)<\/li>\n<li>Termohigrometar<\/li>\n<li>Datum<\/li>\n<li>Alarm sa funkcijom odgode<\/li>\n<li>Prikaz unutra\u0161nje temperature i vla\u017enosti<\/li>\n<li>Radio kontrolisani sat najve\u0107e preciznosti<\/li>\n<li>Mogu\u0107nost ru\u010dnog pode\u0161avanja i korekcije vremenske zone<\/li>\n<li>Mjerno podru\u010dje temperature: -10&#8230;+50\u00b0C<\/li>\n<li>Mjerno podru\u010dje vlage: 1 &#8230; 99% rH<\/li>\n<li>Baterije:\u00a0 4 x 1,5 V AA<\/li>\n<\/ul>\n","protected":false},"excerpt":{"rendered":"<ul>\n<li>Veliki XL display (Dimenzije: 360mm x\u00a0 235 mm)<\/li>\n<li>Termohigrometar, sat<\/li>\n<li>Datum<\/li>\n<li>Alarm sa funkcijom odgode<\/li>\n<li>Prikaz unutra\u0161nje temperature i vla\u017enosti<\/li>\n<li>Radio kontrolisani sat najve\u0107e preciznosti<\/li>\n<li>Mogu\u0107nost ru\u010dnog pode\u0161avanja i korekcije vremenske zone<\/li>\n<li>Mjerno podru\u010dje temperature: -10&#8230;+50\u00b0C<\/li>\n<li>Mjerno podru\u010dje vlage: 1 &#8230; 99% rH<\/li>\n<li>Baterije:\u00a0 4 x 1,5 V AA<\/li>\n<\/ul>\n","protected":false},"featured_media":2262,"comment_status":"open","ping_status":"closed","template":"","meta":{"_uf_show_specific_survey":0,"_uf_disable_surveys":false},"product_brand":[],"product_cat":[43],"product_tag":[],"class_list":{"0":"post-2260","1":"product","2":"type-product","3":"status-publish","4":"has-post-thumbnail","6":"product_cat-termohigrometri","8":"first","9":"instock","10":"taxable","11":"shipping-taxable","12":"purchasable","13":"product-type-simple"},"aioseo_notices":[],"_links":{"self":[{"href":"https:\/\/mjerna-tehnika.ba\/bs\/index.php?rest_route=\/wp\/v2\/product\/2260","targetHints":{"allow":["GET"]}}],"collection":[{"href":"https:\/\/mjerna-tehnika.ba\/bs\/index.php?rest_route=\/wp\/v2\/product"}],"about":[{"href":"https:\/\/mjerna-tehnika.ba\/bs\/index.php?rest_route=\/wp\/v2\/types\/product"}],"replies":[{"embeddable":true,"href":"https:\/\/mjerna-tehnika.ba\/bs\/index.php?rest_route=%2Fwp%2Fv2%2Fcomments&post=2260"}],"wp:featuredmedia":[{"embeddable":true,"href":"https:\/\/mjerna-tehnika.ba\/bs\/index.php?rest_route=\/wp\/v2\/media\/2262"}],"wp:attachment":[{"href":"https:\/\/mjerna-tehnika.ba\/bs\/index.php?rest_route=%2Fwp%2Fv2%2Fmedia&parent=2260"}],"wp:term":[{"taxonomy":"product_brand","embeddable":true,"href":"https:\/\/mjerna-tehnika.ba\/bs\/index.php?rest_route=%2Fwp%2Fv2%2Fproduct_brand&post=2260"},{"taxonomy":"product_cat","embeddable":true,"href":"https:\/\/mjerna-tehnika.ba\/bs\/index.php?rest_route=%2Fwp%2Fv2%2Fproduct_cat&post=2260"},{"taxonomy":"product_tag","embeddable":true,"href":"https:\/\/mjerna-tehnika.ba\/bs\/index.php?rest_route=%2Fwp%2Fv2%2Fproduct_tag&post=2260"}],"curies":[{"name":"wp","href":"https:\/\/api.w.org\/{rel}","templated":true}]}}