{"id":2243,"date":"2024-09-16T12:52:57","date_gmt":"2024-09-16T12:52:57","guid":{"rendered":"https:\/\/mjerna-tehnika.ba\/bs\/?post_type=product&#038;p=2243"},"modified":"2024-09-16T12:52:58","modified_gmt":"2024-09-16T12:52:58","slug":"mjerac-debljine-nanosa-positector-6000-sa-integrisanom-sondom","status":"publish","type":"product","link":"https:\/\/mjerna-tehnika.ba\/bs\/?product=mjerac-debljine-nanosa-positector-6000-sa-integrisanom-sondom","title":{"rendered":"Mjera\u010d debljine nanosa Positector 6000, sa integrisanom sondom"},"content":{"rendered":"<p>Jednostavno<br \/>\n&#8211; Spremno za mjerenje\u2014nije potrebno pode\u0161avanje za ve\u0107inu aplikacija<br \/>\n&#8211; Pobolj\u0161ana navigacija u meniju jednom rukom<br \/>\n&#8211; Treperi ekran\u2014idealno u bu\u010dnom okru\u017eenju<br \/>\n&#8211; Funkcija RESET trenutno vra\u0107a tvorni\u010dke postavke<br \/>\nDurable<br \/>\n&#8211; Otporan na rastvara\u010de, kiseline, ulja, vodu i pra\u0161inu\u2014otporan na vremenske prilike<br \/>\n&#8211; Vrh sonde otporan na habanje<br \/>\n&#8211; Za\u0161titna gumena futrola koja apsorbira udarce sa kop\u010dom za kai\u0161<br \/>\nPrecizno<br \/>\n&#8211; Mjerno podru\u010dje\u00a0 0\u20131500\u00b5m<br \/>\n&#8211; Ta\u010dnost \u00b1(1\u00b5m+1%) 0\u201350\u00b5m; \u00b1(2\u00b5m+1%) &gt;50\u00b5m<br \/>\n&#8211; Sertifikat o kalibraciji koji pokazuje sljedivost do NIST ili PTB uklju\u010den<br \/>\n&#8211; Ugra\u0111ena temperaturna kompenzacija osigurava ta\u010dnost mjerenja<br \/>\n&#8211; Hi-RES na\u010din rada pove\u0107ava rezoluciju ekrana za kori\u0161tenje u aplikacijama<br \/>\nkoji zahtevaju ve\u0107u preciznost<br \/>\n&#8211; U skladu sa nacionalnim i me\u0111unarodnim standardima uklju\u010duju\u0107i ISO i ASTM<br \/>\nSvestran<br \/>\n&#8211; PosiTector telo univerzalno prihvata sve PosiTector 6000, 200, RTR, SPG, DPM i UTG sonde koje se lako pretvaraju iz mera\u010da debljine premaza u mera\u010d povr\u0161inskog profila, mera\u010d ta\u010dke rose ili ultrazvu\u010dni mera\u010d debljine zida<br \/>\n&#8211; Vi\u0161e opcija pode\u0161avanja kalibracije uklju\u010duju\u0107i 1 ta\u010dku, 2 ta\u010dke,<br \/>\npoznata debljina, prosje\u010dna nula<br \/>\n&#8211; Izbor jezika prikaza<br \/>\n&#8211; Ekran sa pozadinskim osvetljenjem visokog kontrasta za svetla ili tamna okru\u017eenja<br \/>\n&#8211; Flip Display omogu\u0107ava gledanje s desne strane prema gore<br \/>\n&#8211; Dostupni produ\u017eeni kablovi (do 75 m\/250 ft) za daljinsko mjerenje<br \/>\n&#8211; Koristi alkalne ili punjive baterije (ugra\u0111eni punja\u010d)<br \/>\nMo\u0107no<br \/>\n&#8211; Kontinuirano prikazuje\/a\u017eurira prosjek, standardnu \u200b\u200bdevijaciju, min\/maks<br \/>\ndebljina i broj o\u010ditavanja prilikom mjerenja<br \/>\n&#8211; Screen Capture\u2014sa\u010duvajte slike ekrana za \u010duvanje i pregled<br \/>\n&#8211; HiLo alarm zvu\u010dno i vidljivo upozorava kada mjerenja prema\u0161e<br \/>\nkorisni\u010dka ograni\u010denja<br \/>\n&#8211; FAST mod\u2014ve\u0107a brzina mjerenja za brzu inspekciju<br \/>\n&#8211; USB port za brzo i jednostavno povezivanje sa ra\u010dunarom i za kontinuirano napajanje<br \/>\nmo\u0107. USB kabl uklju\u010den<br \/>\n&#8211; PosiSoft USB Drive\u2014pohranjenim o\u010ditanjima i grafikonima mo\u017ee se pristupiti pomo\u0107u univerzalnih PC\/Mac web pretra\u017eiva\u010da ili pretra\u017eiva\u010da datoteka. Nije potreban softver<br \/>\n&#8211; Svako pohranjeno mjerenje ima pe\u010dat datuma i vremena<br \/>\n&#8211; A\u017euriranja softvera putem interneta odr\u017eavaju va\u0161 mjera\u010d a\u017eurnim<br \/>\n&#8211; Povezuje se na PosiSoft.net (vidi krajnju desnu plo\u010du)<\/p>\n","protected":false},"excerpt":{"rendered":"<ul>\n<li>Opcija sa integrisanom sondmom za mjerenje debljine nanosa boje, cinka,&#8230;, na metalnim materijalima<\/li>\n<li>Mjerno podru\u010dje\u00a0 0\u20131500\u00b5m<\/li>\n<li>Ta\u010dnost \u00b1(1\u00b5m+1%) 0\u201350\u00b5m; \u00b1(2\u00b5m+1%) &gt;50\u00b5m<\/li>\n<li>Certifikat o kalibraciji koji pokazuje sljedivost do NIST ili PTB uklju\u010den<\/li>\n<li>Automatska temperaturna kompenzacija osigurava ta\u010dnost mjerenja<\/li>\n<\/ul>\n<p>Karakteristike mo\u017eete preuzeti ovdje: <a href=\"https:\/\/mjerna-tehnika.ba\/bs\/wp-content\/uploads\/PosiTector-6000.pdf\">PosiTector 6000<\/a><\/p>\n","protected":false},"featured_media":2245,"comment_status":"open","ping_status":"closed","template":"","meta":{"_uf_show_specific_survey":0,"_uf_disable_surveys":false},"product_brand":[],"product_cat":[39],"product_tag":[],"class_list":{"0":"post-2243","1":"product","2":"type-product","3":"status-publish","4":"has-post-thumbnail","6":"product_cat-mjeraci-debljine-nanosa-boje","8":"first","9":"instock","10":"taxable","11":"shipping-taxable","12":"purchasable","13":"product-type-simple"},"aioseo_notices":[],"_links":{"self":[{"href":"https:\/\/mjerna-tehnika.ba\/bs\/index.php?rest_route=\/wp\/v2\/product\/2243","targetHints":{"allow":["GET"]}}],"collection":[{"href":"https:\/\/mjerna-tehnika.ba\/bs\/index.php?rest_route=\/wp\/v2\/product"}],"about":[{"href":"https:\/\/mjerna-tehnika.ba\/bs\/index.php?rest_route=\/wp\/v2\/types\/product"}],"replies":[{"embeddable":true,"href":"https:\/\/mjerna-tehnika.ba\/bs\/index.php?rest_route=%2Fwp%2Fv2%2Fcomments&post=2243"}],"wp:featuredmedia":[{"embeddable":true,"href":"https:\/\/mjerna-tehnika.ba\/bs\/index.php?rest_route=\/wp\/v2\/media\/2245"}],"wp:attachment":[{"href":"https:\/\/mjerna-tehnika.ba\/bs\/index.php?rest_route=%2Fwp%2Fv2%2Fmedia&parent=2243"}],"wp:term":[{"taxonomy":"product_brand","embeddable":true,"href":"https:\/\/mjerna-tehnika.ba\/bs\/index.php?rest_route=%2Fwp%2Fv2%2Fproduct_brand&post=2243"},{"taxonomy":"product_cat","embeddable":true,"href":"https:\/\/mjerna-tehnika.ba\/bs\/index.php?rest_route=%2Fwp%2Fv2%2Fproduct_cat&post=2243"},{"taxonomy":"product_tag","embeddable":true,"href":"https:\/\/mjerna-tehnika.ba\/bs\/index.php?rest_route=%2Fwp%2Fv2%2Fproduct_tag&post=2243"}],"curies":[{"name":"wp","href":"https:\/\/api.w.org\/{rel}","templated":true}]}}