{"id":2235,"date":"2024-09-12T10:27:59","date_gmt":"2024-09-12T10:27:59","guid":{"rendered":"https:\/\/mjerna-tehnika.ba\/bs\/?post_type=product&#038;p=2235"},"modified":"2024-09-12T10:28:00","modified_gmt":"2024-09-12T10:28:00","slug":"termometar-za-pecnice-tfa-14-1035-60","status":"publish","type":"product","link":"https:\/\/mjerna-tehnika.ba\/bs\/?product=termometar-za-pecnice-tfa-14-1035-60","title":{"rendered":"Termometar za pe\u0107nice TFA, 14.1035.60"},"content":{"rendered":"","protected":false},"excerpt":{"rendered":"<p>&nbsp;<\/p>\n<ul>\n<li>Za provjeru temperature komore za kuhanje do 500 \u00b0C pe\u0107i za pizzu, pe\u0107i za pe\u010denje, kru\u0161nih pe\u0107i, ro\u0161tilja ili pu\u0161nica<\/li>\n<li>Sa dugom temperaturnom sondom (ca. \u00f8 3,8 x 300 mm)<\/li>\n<li>Izra\u0111en od ner\u0111aju\u0107eg \u010delika<\/li>\n<li>Temperaturna skala sa staklenim poklopcem<\/li>\n<li>Potrebna rupa \u00f8 ca. 10mm<\/li>\n<li>Sa navrtkom za pri\u010dvr\u0161\u0107ivanje<\/li>\n<li>Mjerno podru\u010dje: 0&#8230;+500\u00b0C<\/li>\n<li>Dimenzije: \u00d8 52 x (H) 312 mm; 44g<\/li>\n<\/ul>\n","protected":false},"featured_media":2237,"comment_status":"open","ping_status":"closed","template":"","meta":{"_uf_show_specific_survey":0,"_uf_disable_surveys":false},"product_brand":[],"product_cat":[50,40],"product_tag":[],"class_list":{"0":"post-2235","1":"product","2":"type-product","3":"status-publish","4":"has-post-thumbnail","6":"product_cat-kontaktni-termometari","7":"product_cat-termometri","9":"first","10":"instock","11":"taxable","12":"shipping-taxable","13":"purchasable","14":"product-type-simple"},"aioseo_notices":[],"_links":{"self":[{"href":"https:\/\/mjerna-tehnika.ba\/bs\/index.php?rest_route=\/wp\/v2\/product\/2235","targetHints":{"allow":["GET"]}}],"collection":[{"href":"https:\/\/mjerna-tehnika.ba\/bs\/index.php?rest_route=\/wp\/v2\/product"}],"about":[{"href":"https:\/\/mjerna-tehnika.ba\/bs\/index.php?rest_route=\/wp\/v2\/types\/product"}],"replies":[{"embeddable":true,"href":"https:\/\/mjerna-tehnika.ba\/bs\/index.php?rest_route=%2Fwp%2Fv2%2Fcomments&post=2235"}],"wp:featuredmedia":[{"embeddable":true,"href":"https:\/\/mjerna-tehnika.ba\/bs\/index.php?rest_route=\/wp\/v2\/media\/2237"}],"wp:attachment":[{"href":"https:\/\/mjerna-tehnika.ba\/bs\/index.php?rest_route=%2Fwp%2Fv2%2Fmedia&parent=2235"}],"wp:term":[{"taxonomy":"product_brand","embeddable":true,"href":"https:\/\/mjerna-tehnika.ba\/bs\/index.php?rest_route=%2Fwp%2Fv2%2Fproduct_brand&post=2235"},{"taxonomy":"product_cat","embeddable":true,"href":"https:\/\/mjerna-tehnika.ba\/bs\/index.php?rest_route=%2Fwp%2Fv2%2Fproduct_cat&post=2235"},{"taxonomy":"product_tag","embeddable":true,"href":"https:\/\/mjerna-tehnika.ba\/bs\/index.php?rest_route=%2Fwp%2Fv2%2Fproduct_tag&post=2235"}],"curies":[{"name":"wp","href":"https:\/\/api.w.org\/{rel}","templated":true}]}}