{"id":2227,"date":"2024-09-02T09:23:21","date_gmt":"2024-09-02T09:23:21","guid":{"rendered":"https:\/\/mjerna-tehnika.ba\/bs\/?post_type=product&#038;p=2227"},"modified":"2024-09-02T12:07:38","modified_gmt":"2024-09-02T12:07:38","slug":"led-mini-radna-lampa-svjetiljka","status":"publish","type":"product","link":"https:\/\/mjerna-tehnika.ba\/bs\/?product=led-mini-radna-lampa-svjetiljka","title":{"rendered":"LED mini radna lampa, svjetiljka"},"content":{"rendered":"","protected":false},"excerpt":{"rendered":"<ul>\n<li>6W COB LED sa 5 na\u010dina svjetla: bijelo svjetlo 100 % \/ 50 % \/ 10 % \/ crveno svjetlo \/ crveno trep\u0107u\u0107e svjetlo<\/li>\n<li>Punjenje preko USB-C kabla (uklju\u010deno), traje do 3,5 sata<\/li>\n<li>Max. osvjetljenje 350 lumena<\/li>\n<li>Robusna legura aluminijuma<\/li>\n<li>Sa karabinom i otvara\u010dem za fla\u0161e<\/li>\n<li>Fleksibilni sklopivi stalak i magnet<\/li>\n<li>Savr\u0161en kao privjesak za klju\u010deve, svjetlo za hitne slu\u010dajeve za kampiranje, planinarenje, popravak automobila i kao promotivni poklon<\/li>\n<li>Dimenzije:\u00a0(L) 47 x (B) 22 x (H) 62 mm, 40g<\/li>\n<\/ul>\n","protected":false},"featured_media":2229,"comment_status":"open","ping_status":"closed","template":"","meta":{"_uf_show_specific_survey":0,"_uf_disable_surveys":false},"product_brand":[],"product_cat":[83],"product_tag":[],"class_list":{"0":"post-2227","1":"product","2":"type-product","3":"status-publish","4":"has-post-thumbnail","6":"product_cat-ostalo","8":"first","9":"instock","10":"taxable","11":"shipping-taxable","12":"purchasable","13":"product-type-simple"},"aioseo_notices":[],"_links":{"self":[{"href":"https:\/\/mjerna-tehnika.ba\/bs\/index.php?rest_route=\/wp\/v2\/product\/2227","targetHints":{"allow":["GET"]}}],"collection":[{"href":"https:\/\/mjerna-tehnika.ba\/bs\/index.php?rest_route=\/wp\/v2\/product"}],"about":[{"href":"https:\/\/mjerna-tehnika.ba\/bs\/index.php?rest_route=\/wp\/v2\/types\/product"}],"replies":[{"embeddable":true,"href":"https:\/\/mjerna-tehnika.ba\/bs\/index.php?rest_route=%2Fwp%2Fv2%2Fcomments&post=2227"}],"wp:featuredmedia":[{"embeddable":true,"href":"https:\/\/mjerna-tehnika.ba\/bs\/index.php?rest_route=\/wp\/v2\/media\/2229"}],"wp:attachment":[{"href":"https:\/\/mjerna-tehnika.ba\/bs\/index.php?rest_route=%2Fwp%2Fv2%2Fmedia&parent=2227"}],"wp:term":[{"taxonomy":"product_brand","embeddable":true,"href":"https:\/\/mjerna-tehnika.ba\/bs\/index.php?rest_route=%2Fwp%2Fv2%2Fproduct_brand&post=2227"},{"taxonomy":"product_cat","embeddable":true,"href":"https:\/\/mjerna-tehnika.ba\/bs\/index.php?rest_route=%2Fwp%2Fv2%2Fproduct_cat&post=2227"},{"taxonomy":"product_tag","embeddable":true,"href":"https:\/\/mjerna-tehnika.ba\/bs\/index.php?rest_route=%2Fwp%2Fv2%2Fproduct_tag&post=2227"}],"curies":[{"name":"wp","href":"https:\/\/api.w.org\/{rel}","templated":true}]}}