{"id":2183,"date":"2024-04-09T09:39:38","date_gmt":"2024-04-09T09:39:38","guid":{"rendered":"https:\/\/mjerna-tehnika.ba\/bs\/?post_type=product&#038;p=2183"},"modified":"2024-04-09T09:39:38","modified_gmt":"2024-04-09T09:39:38","slug":"stoperica-tfa-38-2029","status":"publish","type":"product","link":"https:\/\/mjerna-tehnika.ba\/bs\/?product=stoperica-tfa-38-2029","title":{"rendered":"\u0160toperica TFA 38.2029"},"content":{"rendered":"","protected":false},"excerpt":{"rendered":"<p>Ova mala i kompaktna \u0161toperica idealan je pratilac za slobodno vrijeme i posao.<br \/>\nBilo na takmi\u010denju, treningu ili u laboratoriji, pouzdano mjeri vrijeme s precizno\u0161\u0107u od 1\/100 sekunde i mo\u017ee prikazati udvojena vremena.<br \/>\n\u0160tovi\u0161e, ima neke korisne dodatne funkcije, kao \u0161to je zvono po satu ili alarm s funkcijom odgode.<\/p>\n<ul>\n<li>Mjerni opseg:\u00a0 Maksimalno vrijeme: 23 h, 59 min, 59 sek<\/li>\n<li>Baterije 1 x LR44 1,5 V<\/li>\n<li>Baterije uklju\u010dene u isporuku: da<\/li>\n<li>Dimenzije (D) 70 x (B) 23 x (V) 89 mm<\/li>\n<li>Te\u017eina 69 g<\/li>\n<\/ul>\n<p>Tehni\u010dke karakteristike mo\u017eete preuzeti na linku dole ispod:<\/p>\n<p><a href=\"https:\/\/mjerna-tehnika.ba\/bs\/wp-content\/uploads\/Stoperice-TFA-Dostmann.pdf\">\u0160toperice TFA Dostmann<\/a><\/p>\n","protected":false},"featured_media":2186,"comment_status":"open","ping_status":"closed","template":"","meta":{"_uf_show_specific_survey":0,"_uf_disable_surveys":false},"product_brand":[],"product_cat":[83],"product_tag":[],"class_list":{"0":"post-2183","1":"product","2":"type-product","3":"status-publish","4":"has-post-thumbnail","6":"product_cat-ostalo","8":"first","9":"instock","10":"taxable","11":"shipping-taxable","12":"purchasable","13":"product-type-simple"},"aioseo_notices":[],"_links":{"self":[{"href":"https:\/\/mjerna-tehnika.ba\/bs\/index.php?rest_route=\/wp\/v2\/product\/2183","targetHints":{"allow":["GET"]}}],"collection":[{"href":"https:\/\/mjerna-tehnika.ba\/bs\/index.php?rest_route=\/wp\/v2\/product"}],"about":[{"href":"https:\/\/mjerna-tehnika.ba\/bs\/index.php?rest_route=\/wp\/v2\/types\/product"}],"replies":[{"embeddable":true,"href":"https:\/\/mjerna-tehnika.ba\/bs\/index.php?rest_route=%2Fwp%2Fv2%2Fcomments&post=2183"}],"wp:featuredmedia":[{"embeddable":true,"href":"https:\/\/mjerna-tehnika.ba\/bs\/index.php?rest_route=\/wp\/v2\/media\/2186"}],"wp:attachment":[{"href":"https:\/\/mjerna-tehnika.ba\/bs\/index.php?rest_route=%2Fwp%2Fv2%2Fmedia&parent=2183"}],"wp:term":[{"taxonomy":"product_brand","embeddable":true,"href":"https:\/\/mjerna-tehnika.ba\/bs\/index.php?rest_route=%2Fwp%2Fv2%2Fproduct_brand&post=2183"},{"taxonomy":"product_cat","embeddable":true,"href":"https:\/\/mjerna-tehnika.ba\/bs\/index.php?rest_route=%2Fwp%2Fv2%2Fproduct_cat&post=2183"},{"taxonomy":"product_tag","embeddable":true,"href":"https:\/\/mjerna-tehnika.ba\/bs\/index.php?rest_route=%2Fwp%2Fv2%2Fproduct_tag&post=2183"}],"curies":[{"name":"wp","href":"https:\/\/api.w.org\/{rel}","templated":true}]}}